{"id":157420,"date":"2025-12-18T23:29:41","date_gmt":"2025-12-18T20:29:41","guid":{"rendered":"https:\/\/baldumarket.lt\/product\/szafka-kuchenna-gorna-1d-sorento-g60-p-l-baltic-storm-bezowy-mat\/"},"modified":"2026-02-18T11:09:01","modified_gmt":"2026-02-18T08:09:01","slug":"szafka-kuchenna-gorna-1d-sorento-g60-p-l-baltic-storm-bezowy-mat","status":"publish","type":"product","link":"https:\/\/baldumarket.lt\/lt\/product\/szafka-kuchenna-gorna-1d-sorento-g60-p-l-baltic-storm-bezowy-mat\/","title":{"rendered":"Vir\u0161utin\u0117 virtuv\u0117s spintel\u0117 1D Sorento G60 P\/L Baltic Storm Beige Matte"},"content":{"rendered":"<p>Vien\u0173 dur\u0173 vir\u0161utin\u0117 virtuv\u0117s spintel\u0117 \u201eSorento G60\u201c \u2013 puikus sprendimas tiems, kurie savo virtuv\u0117je siekia suderinti elegancij\u0105 ir funkcionalum\u0105. Subtilus matinis sm\u0117lio spalvos priekis puikiai dera su \u201eBaltic Storm\u201c korpusu, sukurdamas nesenstant\u012f spalv\u0173 derin\u012f, kuris ne tik suteikia ramyb\u0117s, bet ir puikiai dera su moderniu interjero dizainu. Suteikite savo virtuvei unikal\u0173 charakter\u012f su \u0161ia stilinga spintele!<\/p>\n<p>\u0160ios virtuv\u0117s spintel\u0117s funkcionalumas neatsiejamas nuo estetikos. Novatori\u0161ki \u201eClip-On\u201c vyriai su \u0161velnaus u\u017edarymo mechanizmu u\u017etikrina komfort\u0105, pa\u0161alindami nemalonius garsus u\u017edarant dureles. Galima tvirtinti tiek de\u0161in\u0117je, tiek kair\u0117je pus\u0117je, tod\u0117l j\u0105 lengva pritaikyti prie savo virtuv\u0117s i\u0161planavimo. Dvi prakti\u0161kos lentynos leid\u017eia lengvai laikyti svarbiausius virtuv\u0117s reikmenis \u2013 nuo prieskoni\u0173 iki ind\u0173.<\/p>\n<p>Pagaminta i\u0161 auk\u0161tos kokyb\u0117s laminuotos plok\u0161t\u0117s, spintel\u0117 yra atspari mechaniniams pa\u017eeidimams, u\u017etikrinanti ilgalaik\u012f naudojim\u0105, nesijaudinant d\u0117l estetinio patrauklumo praradimo. Lyg\u016bs pavir\u0161iai leid\u017eia lengvai valyti, o tai ypa\u010d vertinga virtuv\u0117je, kurioje higiena yra svarbiausia.<\/p>\n<p>\u201eSorento\u201c spintel\u0119 galima surinkti patiems, tod\u0117l gal\u0117site m\u0117gautis svajoni\u0173 virtuv\u0117s dizaino k\u016brimo procesu. Lengvas surinkimas yra papildomas privalumas, u\u017etikrinantis, kad net ir neturintys bald\u0173 surinkimo patirties gal\u0117s d\u017eiaugtis profesionaliai atrodan\u010diu rezultatu. Prakti\u0161ka tvirtinimo juostel\u0117 ir reguliuojami pakabos papildo vaizd\u0105, kai projektuojate savo erdv\u0119 pagal savo poreikius.<\/p>\n<p>Tegul \u201eSorento G60 1-D\u201c vir\u0161utin\u0117 spintel\u0117 tampa j\u016bs\u0173 virtuv\u0117s dalimi, suteikian\u010dia jai modernumo, elegancijos ir funkcionalumo. D\u0117l universalaus dizaino ji lengvai der\u0117s tiek prie modernaus, tiek prie klasikinio interjero, pabr\u0117\u017edama j\u0173 unikal\u0173 stili\u0173.<\/p>","protected":false},"excerpt":{"rendered":"<p>Plotis (cm): 60<br \/>\n\u016agis (cm): 100<br \/>\nGylis (cm): 32<\/p>","protected":false},"featured_media":157421,"comment_status":"open","ping_status":"open","template":"","meta":[],"product_brand":[],"product_cat":[9436,4106],"product_tag":[],"class_list":{"0":"post-157420","1":"product","2":"type-product","3":"status-publish","4":"has-post-thumbnail","6":"product_cat-kitchen-system-sorento","7":"product_cat-gala-meble","9":"first","10":"instock","11":"purchasable","12":"product-type-simple"},"_links":{"self":[{"href":"https:\/\/baldumarket.lt\/lt\/wp-json\/wp\/v2\/product\/157420","targetHints":{"allow":["GET"]}}],"collection":[{"href":"https:\/\/baldumarket.lt\/lt\/wp-json\/wp\/v2\/product"}],"about":[{"href":"https:\/\/baldumarket.lt\/lt\/wp-json\/wp\/v2\/types\/product"}],"replies":[{"embeddable":true,"href":"https:\/\/baldumarket.lt\/lt\/wp-json\/wp\/v2\/comments?post=157420"}],"wp:featuredmedia":[{"embeddable":true,"href":"https:\/\/baldumarket.lt\/lt\/wp-json\/wp\/v2\/media\/157421"}],"wp:attachment":[{"href":"https:\/\/baldumarket.lt\/lt\/wp-json\/wp\/v2\/media?parent=157420"}],"wp:term":[{"taxonomy":"product_brand","embeddable":true,"href":"https:\/\/baldumarket.lt\/lt\/wp-json\/wp\/v2\/product_brand?post=157420"},{"taxonomy":"product_cat","embeddable":true,"href":"https:\/\/baldumarket.lt\/lt\/wp-json\/wp\/v2\/product_cat?post=157420"},{"taxonomy":"product_tag","embeddable":true,"href":"https:\/\/baldumarket.lt\/lt\/wp-json\/wp\/v2\/product_tag?post=157420"}],"curies":[{"name":"wp","href":"https:\/\/api.w.org\/{rel}","templated":true}]}}