{"id":157416,"date":"2025-12-18T23:29:34","date_gmt":"2025-12-18T20:29:34","guid":{"rendered":"https:\/\/baldumarket.lt\/product\/szafka-kuchenna-gorna-1d-sorento-g60-p-l-baltic-storm-green\/"},"modified":"2026-02-18T11:09:01","modified_gmt":"2026-02-18T08:09:01","slug":"szafka-kuchenna-gorna-1d-sorento-g60-p-l-baltic-storm-green","status":"publish","type":"product","link":"https:\/\/baldumarket.lt\/lt\/product\/szafka-kuchenna-gorna-1d-sorento-g60-p-l-baltic-storm-green\/","title":{"rendered":"Vir\u0161utin\u0117 virtuv\u0117s spintel\u0117 1D Sorento G60 P\/L Baltic Storm Green"},"content":{"rendered":"<p>Atraskite eleganti\u0161k\u0105 \u201eSorento G60\u201c 1 stal\u010diaus vir\u0161utin\u0117s virtuv\u0117s spintel\u0117s \u201eBaltic Storm Green\u201c spalvos \u017eaves\u012f \u2013 ji puikiai tinka moderniai ir harmoningai virtuvei sukurti. Matin\u0117 \u017ealia priekin\u0117 dalis kartu su \u201eBaltic Storm\u201c apdaila suteiks j\u016bs\u0173 interjerui nenugalimo \u017eavesio. \u0160is sprendimas skirtas tiems, kurie vertina rafinuot\u0105 estetik\u0105 ir unikal\u0173 stili\u0173, kuris neabejotinai pritrauks j\u016bs\u0173 sve\u010di\u0173 d\u0117mes\u012f.<\/p>\n<p>\u201eSorento\u201c spintel\u0117 buvo sukurta galvojant apie kasdien\u012f komfort\u0105. Ji turi modernius \u201eClip-On\u201c vyrius su \u0161velnaus u\u017edarymo funkcija, tod\u0117l ja naudotis tikrai malonu. D\u0117l universalios tvirtinimo sistemos galite lengvai reguliuoti dureli\u0173 atidarymo krypt\u012f, suteikdami jums laisv\u0119 i\u0161d\u0117styti savo virtuv\u0117s erdv\u0119.<\/p>\n<p>\u0160ios spintel\u0117s funkcionalum\u0105 padidina dvi erdvios lentynos, kuriose tilps visi svarbiausi virtuv\u0117s reikmenys. D\u0117l pridedam\u0173 reguliuojam\u0173 pakab\u0173 ir tvirtinimo juostel\u0117s, leid\u017eian\u010dios greitai ir lengvai pritvirtinti prie sienos, spintel\u0119 lengva surinkti. Tai puikus pasirinkimas tiems, kurie vertina prakti\u0161kum\u0105 ir naudojimo paprastum\u0105.<\/p>\n<p>G60 spintel\u0117 yra ne tik esteti\u0161kai patraukli, bet ir patvari. Pagaminta i\u0161 itin atsparios pa\u017eeidimams laminuotos plok\u0161t\u0117s, ji garantuoja ilgaam\u017ei\u0161kum\u0105 ir patikimum\u0105 ilgus metus. D\u0117l savo elegancijos ir funkcionalumo ji puikiai atrodo tiek moderniame, tiek klasikiniame interjere. Tai puikus pasirinkimas visiems, norintiems savo virtuvei suteikti modernaus elegancijos akcento.<\/p>","protected":false},"excerpt":{"rendered":"<p>Plotis (cm): 60<br \/>\n\u016agis (cm): 100<br \/>\nGylis (cm): 32<\/p>","protected":false},"featured_media":157417,"comment_status":"open","ping_status":"open","template":"","meta":[],"product_brand":[],"product_cat":[9436,4106],"product_tag":[],"class_list":{"0":"post-157416","1":"product","2":"type-product","3":"status-publish","4":"has-post-thumbnail","6":"product_cat-kitchen-system-sorento","7":"product_cat-gala-meble","9":"first","10":"instock","11":"purchasable","12":"product-type-simple"},"_links":{"self":[{"href":"https:\/\/baldumarket.lt\/lt\/wp-json\/wp\/v2\/product\/157416","targetHints":{"allow":["GET"]}}],"collection":[{"href":"https:\/\/baldumarket.lt\/lt\/wp-json\/wp\/v2\/product"}],"about":[{"href":"https:\/\/baldumarket.lt\/lt\/wp-json\/wp\/v2\/types\/product"}],"replies":[{"embeddable":true,"href":"https:\/\/baldumarket.lt\/lt\/wp-json\/wp\/v2\/comments?post=157416"}],"wp:featuredmedia":[{"embeddable":true,"href":"https:\/\/baldumarket.lt\/lt\/wp-json\/wp\/v2\/media\/157417"}],"wp:attachment":[{"href":"https:\/\/baldumarket.lt\/lt\/wp-json\/wp\/v2\/media?parent=157416"}],"wp:term":[{"taxonomy":"product_brand","embeddable":true,"href":"https:\/\/baldumarket.lt\/lt\/wp-json\/wp\/v2\/product_brand?post=157416"},{"taxonomy":"product_cat","embeddable":true,"href":"https:\/\/baldumarket.lt\/lt\/wp-json\/wp\/v2\/product_cat?post=157416"},{"taxonomy":"product_tag","embeddable":true,"href":"https:\/\/baldumarket.lt\/lt\/wp-json\/wp\/v2\/product_tag?post=157416"}],"curies":[{"name":"wp","href":"https:\/\/api.w.org\/{rel}","templated":true}]}}