{"id":157410,"date":"2025-12-18T23:29:23","date_gmt":"2025-12-18T20:29:23","guid":{"rendered":"https:\/\/baldumarket.lt\/product\/szafka-kuchenna-gorna-1d-sorento-g60-p-l-bialy-mat\/"},"modified":"2026-02-18T11:09:01","modified_gmt":"2026-02-18T08:09:01","slug":"szafka-kuchenna-gorna-1d-sorento-g60-p-l-bialy-mat","status":"publish","type":"product","link":"https:\/\/baldumarket.lt\/lt\/product\/szafka-kuchenna-gorna-1d-sorento-g60-p-l-bialy-mat\/","title":{"rendered":"Vir\u0161utin\u0117 virtuv\u0117s spintel\u0117 1D Sorento G60 P\/L matin\u0117 balta"},"content":{"rendered":"<p>Ak\u012f traukianti balta \u201eSorento G60\u201c matin\u0117 virtuv\u0117s spintel\u0117 puikiai papildys j\u016bs\u0173 virtuv\u0119, suteikdama elegancijos ir modernumo. Matin\u0117s baltos spalvos priekis ir korpusas yra klasika, kuri niekada nei\u0161eina i\u0161 mados, o d\u0117l subtilaus blizgesio jie suteikia interjerui prabangos. Sukurta tiems, kurie vertina minimalizm\u0105 ir funkcionalum\u0105, \u0161i spintel\u0117 taps bet kurios virtuv\u0117s pagrindiniu akcentu. \u0160i spintel\u0117 pasirinkta ne tik d\u0117l savo i\u0161vaizdos, bet ir d\u0117l funkcijos. Prakti\u0161kos savyb\u0117s, tokios kaip reguliuojama pakabos sistema ir galimyb\u0117 montuoti dureles de\u0161in\u0117je arba kair\u0117je, leid\u017eia lengvai pritaikyti spintel\u0119 prie individuali\u0173 poreiki\u0173. MDF ir laminuotos plok\u0161t\u0117s konstrukcija u\u017etikrina patvarum\u0105 ir atsparum\u0105 pa\u017eeidimams, u\u017etikrindama, kad spintel\u0117 tarnaus ilgus metus, i\u0161laikydama nepriekai\u0161ting\u0105 i\u0161vaizd\u0105. Aukso spalvos metalin\u0117 rankena u\u017ebaigia \u201eSorento G60\u201c spintel\u0117s estetik\u0105, suteikdama unikalaus charakterio ir sukurdama intriguojant\u012f kontrast\u0105 su baltu pavir\u0161iumi. Aukso spalvos detal\u0117s, tokios kaip rankena, patraukia d\u0117mes\u012f ir suteikia erdvei blizgesio. Spintel\u0117s atidarymas yra itin patogus d\u0117l \u201eClip-On\u201c sistemos su tylaus u\u017edarymo funkcija, kuri suma\u017eina triuk\u0161m\u0105 ir pailgina baldo tarnavimo laik\u0105.<\/p>","protected":false},"excerpt":{"rendered":"<p>Plotis (cm): 60<br \/>\n\u016agis (cm): 100<br \/>\nGylis (cm): 32<\/p>","protected":false},"featured_media":157411,"comment_status":"open","ping_status":"open","template":"","meta":[],"product_brand":[],"product_cat":[9436,4106],"product_tag":[],"class_list":{"0":"post-157410","1":"product","2":"type-product","3":"status-publish","4":"has-post-thumbnail","6":"product_cat-kitchen-system-sorento","7":"product_cat-gala-meble","9":"first","10":"instock","11":"purchasable","12":"product-type-simple"},"_links":{"self":[{"href":"https:\/\/baldumarket.lt\/lt\/wp-json\/wp\/v2\/product\/157410","targetHints":{"allow":["GET"]}}],"collection":[{"href":"https:\/\/baldumarket.lt\/lt\/wp-json\/wp\/v2\/product"}],"about":[{"href":"https:\/\/baldumarket.lt\/lt\/wp-json\/wp\/v2\/types\/product"}],"replies":[{"embeddable":true,"href":"https:\/\/baldumarket.lt\/lt\/wp-json\/wp\/v2\/comments?post=157410"}],"wp:featuredmedia":[{"embeddable":true,"href":"https:\/\/baldumarket.lt\/lt\/wp-json\/wp\/v2\/media\/157411"}],"wp:attachment":[{"href":"https:\/\/baldumarket.lt\/lt\/wp-json\/wp\/v2\/media?parent=157410"}],"wp:term":[{"taxonomy":"product_brand","embeddable":true,"href":"https:\/\/baldumarket.lt\/lt\/wp-json\/wp\/v2\/product_brand?post=157410"},{"taxonomy":"product_cat","embeddable":true,"href":"https:\/\/baldumarket.lt\/lt\/wp-json\/wp\/v2\/product_cat?post=157410"},{"taxonomy":"product_tag","embeddable":true,"href":"https:\/\/baldumarket.lt\/lt\/wp-json\/wp\/v2\/product_tag?post=157410"}],"curies":[{"name":"wp","href":"https:\/\/api.w.org\/{rel}","templated":true}]}}