{"id":157406,"date":"2025-12-18T23:29:16","date_gmt":"2025-12-18T20:29:16","guid":{"rendered":"https:\/\/baldumarket.lt\/product\/szafka-kuchenna-gorna-1d-sorento-g60-p-l-bialy-mat-puccini\/"},"modified":"2026-02-18T11:09:01","modified_gmt":"2026-02-18T08:09:01","slug":"szafka-kuchenna-gorna-1d-sorento-g60-p-l-bialy-mat-puccini","status":"publish","type":"product","link":"https:\/\/baldumarket.lt\/lt\/product\/szafka-kuchenna-gorna-1d-sorento-g60-p-l-bialy-mat-puccini\/","title":{"rendered":"Vir\u0161utin\u0117 virtuv\u0117s spintel\u0117 1D Sorento G60 P\/L matin\u0117s baltos spalvos Puccini"},"content":{"rendered":"<p>Papuo\u0161kite savo virtuv\u0119 elegancija ir funkcionalumu su \u201eSorento G60\u201c vir\u0161utine virtuv\u0117s spintele. \u0160is unikalus \u201eGa\u0142a Meble\u201c interjero dizaino elementas sujungia klasikin\u012f dizaino paprastum\u0105 su modernia, nesenstan\u010dia i\u0161vaizda. Matin\u0117 balta \u201ePuccini\u201c apdaila suteiks j\u016bs\u0173 erdvei lengvumo ir harmonijos, pabr\u0117\u0161 kiekvien\u0105 interjero detal\u0119.<\/p>\n<p>Atraskite nepaprast\u0105 \u0161io gaminio estetik\u0105 ir prakti\u0161kum\u0105. Spintel\u0117 kruop\u0161\u010diai pagaminta i\u0161 18 mm storio laminuotos plok\u0161t\u0117s, u\u017etikrinan\u010dios atsparum\u0105 pa\u017eeidimams ir ilgaam\u017ei\u0161kum\u0105. Reguliuojamos lentynos spintel\u0117s viduje leid\u017eia laikyti \u012fvairius daiktus, padeda palaikyti tvark\u0105 ir organizuotum\u0105 virtuv\u0117je.<\/p>\n<p>Puikus sprendimas kasdieniam naudojimui \u2013 \u201eClip-On\u201c vyriai su \u0161velnaus u\u017edarymo sistema, kurie spintel\u0117s atidarym\u0105 ir u\u017edarym\u0105 paver\u010dia tikru malonumu. Universali dureli\u0173 tvirtinimo sistema suteikia papildomo patogumo, nes jas lengva montuoti i\u0161 bet kurios pus\u0117s \u2013 priklausomai nuo virtuv\u0117s i\u0161planavimo.<\/p>\n<p>\u201eSorento G60\u201c virtuv\u0117s spintel\u0117 yra ne tik funkcionali, bet ir lengvai montuojama, komplekte yra reguliuojami pakabos ir tvirtinimo juostel\u0117. Savaranki\u0161kas surinkimas suteikia lankstumo ir pritaikymo individualiems poreikiams, o tai rei\u0161kia pasitenkinim\u0105 virtuv\u0117s erdv\u0117s suasmeninimu.<\/p>","protected":false},"excerpt":{"rendered":"<p>Plotis (cm): 60<br \/>\n\u016agis (cm): 100<br \/>\nGylis (cm): 32<\/p>","protected":false},"featured_media":157407,"comment_status":"open","ping_status":"open","template":"","meta":[],"product_brand":[],"product_cat":[9436,4106],"product_tag":[],"class_list":{"0":"post-157406","1":"product","2":"type-product","3":"status-publish","4":"has-post-thumbnail","6":"product_cat-kitchen-system-sorento","7":"product_cat-gala-meble","9":"first","10":"instock","11":"purchasable","12":"product-type-simple"},"_links":{"self":[{"href":"https:\/\/baldumarket.lt\/lt\/wp-json\/wp\/v2\/product\/157406","targetHints":{"allow":["GET"]}}],"collection":[{"href":"https:\/\/baldumarket.lt\/lt\/wp-json\/wp\/v2\/product"}],"about":[{"href":"https:\/\/baldumarket.lt\/lt\/wp-json\/wp\/v2\/types\/product"}],"replies":[{"embeddable":true,"href":"https:\/\/baldumarket.lt\/lt\/wp-json\/wp\/v2\/comments?post=157406"}],"wp:featuredmedia":[{"embeddable":true,"href":"https:\/\/baldumarket.lt\/lt\/wp-json\/wp\/v2\/media\/157407"}],"wp:attachment":[{"href":"https:\/\/baldumarket.lt\/lt\/wp-json\/wp\/v2\/media?parent=157406"}],"wp:term":[{"taxonomy":"product_brand","embeddable":true,"href":"https:\/\/baldumarket.lt\/lt\/wp-json\/wp\/v2\/product_brand?post=157406"},{"taxonomy":"product_cat","embeddable":true,"href":"https:\/\/baldumarket.lt\/lt\/wp-json\/wp\/v2\/product_cat?post=157406"},{"taxonomy":"product_tag","embeddable":true,"href":"https:\/\/baldumarket.lt\/lt\/wp-json\/wp\/v2\/product_tag?post=157406"}],"curies":[{"name":"wp","href":"https:\/\/api.w.org\/{rel}","templated":true}]}}