{"id":157402,"date":"2025-12-18T23:29:09","date_gmt":"2025-12-18T20:29:09","guid":{"rendered":"https:\/\/baldumarket.lt\/product\/szafka-kuchenna-gorna-1d-sorento-g60-p-l-puccini\/"},"modified":"2026-02-18T11:09:01","modified_gmt":"2026-02-18T08:09:01","slug":"szafka-kuchenna-gorna-1d-sorento-g60-p-l-puccini","status":"publish","type":"product","link":"https:\/\/baldumarket.lt\/lt\/product\/szafka-kuchenna-gorna-1d-sorento-g60-p-l-puccini\/","title":{"rendered":"Vir\u0161utin\u0117 virtuv\u0117s spintel\u0117 1D Sorento G60 P\/L Puccini"},"content":{"rendered":"<p>\u201eSorento G60\u201c vir\u0161utin\u0117 virtuv\u0117s spintel\u0117 \u2013 puikus sprendimas visiems, norintiems savo virtuvei suteikti elegancijos ir funkcionalumo. Puccini apdaila paver\u010dia j\u0105 ne tik prakti\u0161ku baldu, bet ir stilingu priedu, kuris papildys bet kok\u012f modern\u0173 interjer\u0105.<\/p>\n<p>\u0160i virtuv\u0117s spintel\u0117, pasi\u017eyminti savo paprastumu, si\u016blo puiki\u0105 viet\u0105 j\u016bs\u0173 m\u0117gstamiausiems patiekalams ir maisto produktams laikyti. D\u0117l universali\u0173 fasad\u0173 ir galimyb\u0117s montuoti dureles kair\u0117je arba de\u0161in\u0117je, galite lengvai pritaikyti j\u0105 prie savo erdv\u0117s. U\u017esegami vyriai u\u017etikrina tyl\u0173 ir skland\u0173 u\u017edarym\u0105, kur\u012f ypa\u010d \u012fvertins tie, kurie vertina tyl\u0173 ir patog\u0173 naudojim\u0105.<\/p>\n<p>Pagaminta i\u0161 itin atsparios pa\u017eeidimams laminuotos plok\u0161t\u0117s, \u201eSorento G60\u201c spintel\u0117 yra ne tik esteti\u0161kai patraukli, bet ir i\u0161skirtinai patvari. Kruop\u0161\u010diai apgalvotas dizainas garantuoja ilgalaik\u012f patikimum\u0105. Dvi vidin\u0117s lentynos leid\u017eia puikiai susitvarkyti daiktus ir u\u017etikrinti tvarking\u0105 virtuv\u0119.<\/p>\n<p>\u0160ios spintel\u0117s surinkimas yra itin paprastas ir idealiai tinka tiems, kurie nori patys atlikti nam\u0173 darbus. Komplekte yra reguliuojamas pakabos elementas ir juostel\u0117, tod\u0117l montavimas yra daug lengvesnis. Prakti\u0161kumas kartu su moderniu dizainu paver\u010dia \u201eSorento G60\u201c spintel\u0119 nepakei\u010diamu bet kokio funkcionalaus interjero elementu.<\/p>\n<p>Rinkit\u0117s \u201eSorento G60\u201c vir\u0161utin\u0119 virtuv\u0117s spintel\u0119 \u201ePuccini\u201c spalvos ir m\u0117gaukit\u0117s nesenstan\u010diu stiliumi bei neprilygstamu patogumu kasdien naudojant. Tai investicija, kuri pakeis j\u016bs\u0173 virtuv\u0119, suteiks jai unikal\u0173 charakter\u012f ir tuo pa\u010diu padidins jos naudojimo patogum\u0105.<\/p>","protected":false},"excerpt":{"rendered":"<p>Plotis (cm): 60<br \/>\n\u016agis (cm): 100<br \/>\nGylis (cm): 32<\/p>","protected":false},"featured_media":157403,"comment_status":"open","ping_status":"open","template":"","meta":[],"product_brand":[],"product_cat":[9436,4106],"product_tag":[],"class_list":{"0":"post-157402","1":"product","2":"type-product","3":"status-publish","4":"has-post-thumbnail","6":"product_cat-kitchen-system-sorento","7":"product_cat-gala-meble","9":"first","10":"instock","11":"purchasable","12":"product-type-simple"},"_links":{"self":[{"href":"https:\/\/baldumarket.lt\/lt\/wp-json\/wp\/v2\/product\/157402","targetHints":{"allow":["GET"]}}],"collection":[{"href":"https:\/\/baldumarket.lt\/lt\/wp-json\/wp\/v2\/product"}],"about":[{"href":"https:\/\/baldumarket.lt\/lt\/wp-json\/wp\/v2\/types\/product"}],"replies":[{"embeddable":true,"href":"https:\/\/baldumarket.lt\/lt\/wp-json\/wp\/v2\/comments?post=157402"}],"wp:featuredmedia":[{"embeddable":true,"href":"https:\/\/baldumarket.lt\/lt\/wp-json\/wp\/v2\/media\/157403"}],"wp:attachment":[{"href":"https:\/\/baldumarket.lt\/lt\/wp-json\/wp\/v2\/media?parent=157402"}],"wp:term":[{"taxonomy":"product_brand","embeddable":true,"href":"https:\/\/baldumarket.lt\/lt\/wp-json\/wp\/v2\/product_brand?post=157402"},{"taxonomy":"product_cat","embeddable":true,"href":"https:\/\/baldumarket.lt\/lt\/wp-json\/wp\/v2\/product_cat?post=157402"},{"taxonomy":"product_tag","embeddable":true,"href":"https:\/\/baldumarket.lt\/lt\/wp-json\/wp\/v2\/product_tag?post=157402"}],"curies":[{"name":"wp","href":"https:\/\/api.w.org\/{rel}","templated":true}]}}