{"id":157398,"date":"2025-12-18T23:29:01","date_gmt":"2025-12-18T20:29:01","guid":{"rendered":"https:\/\/baldumarket.lt\/product\/szafka-kuchenna-gorna-1d-sorento-g60-p-l-puccini-bezowy-mat\/"},"modified":"2026-02-18T11:09:01","modified_gmt":"2026-02-18T08:09:01","slug":"szafka-kuchenna-gorna-1d-sorento-g60-p-l-puccini-bezowy-mat","status":"publish","type":"product","link":"https:\/\/baldumarket.lt\/lt\/product\/szafka-kuchenna-gorna-1d-sorento-g60-p-l-puccini-bezowy-mat\/","title":{"rendered":"Vir\u0161utin\u0117 virtuv\u0117s spintel\u0117 1D Sorento G60 P\/L Puccini sm\u0117lio spalvos matin\u0117"},"content":{"rendered":"<p>Atraskite eleganti\u0161kos matin\u0117s sm\u0117lio spalvos \u201eSorento 1-D\u201c vir\u0161utin\u0117s virtuv\u0117s spintel\u0117s gro\u017e\u012f ir funkcionalum\u0105. \u0160is ry\u0161kus baldas ne tik pagerina bet kokio interjero vizualin\u012f patrauklum\u0105, bet ir suteikia ne\u012ftik\u0117tinos praktin\u0117s vert\u0117s. Subtilus matin\u0117s sm\u0117lio spalvos atspalvis harmoningai dera su \u012fvairiomis spalvomis ir interjero stiliais, sukurdamas darni\u0105 ir jauki\u0105 atmosfer\u0105.<\/p>\n<p>\u0160i spintel\u0117 buvo sukurta atsi\u017evelgiant \u012f prakti\u0161k\u0105 kasdien\u012f naudojim\u0105. Erdvus ir optimalus vidinis i\u0161d\u0117stymas su dviem lentynomis leid\u017eia efektyviai laikyti b\u016btiniausius virtuv\u0117s reikmenis. Galimyb\u0117 montuoti dureles de\u0161in\u0117je arba kair\u0117je pus\u0117je leid\u017eia pritaikyti j\u0105 pagal individualius poreikius ir virtuv\u0117s i\u0161planavim\u0105, taip \u017eymiai padidinant gaminio universalum\u0105.<\/p>\n<p>Be to, subtili, ta\u010diau tvirta, pa\u017eeidimams atspari laminato plok\u0161t\u0117 u\u017etikrina \u0161ios spintel\u0117s ilgaam\u017ei\u0161kum\u0105. Elegancijos ir ilgaam\u017ei\u0161kumo derinys u\u017etikrina, kad spintel\u0117 daugel\u012f met\u0173 atrodys kaip nauja, neprarasdama savo \u017eavesio. \u0160velnaus u\u017edarymo funkcija u\u017etikrina patog\u0173 naudojim\u0105, pa\u0161alindama triuk\u0161m\u0105 u\u017edarant dureles, tod\u0117l ji idealiai tinka tiems, kurie vertina harmonij\u0105 ir ramyb\u0119.<\/p>\n<p>Komplekte taip pat yra reguliuojamas pakabos laikiklis, tod\u0117l surinkimas yra paprastas ir patogus. Tai leid\u017eia lengvai surinkti spintel\u0119 be profesional\u0173 paslaug\u0173. Galiausiai, \u201ePuccini Sorento G60 P\/L Matte Beige 1-D\u201c virtuv\u0117s spintel\u0117 yra puikus pasirinkimas visiems, ie\u0161kantiems funkcionalaus ir esteti\u0161kai patrauklaus virtuv\u0117s varianto, derinan\u010dio modern\u0173 elegancij\u0105 su patikimumu.<\/p>","protected":false},"excerpt":{"rendered":"<p>Plotis (cm): 60<br \/>\n\u016agis (cm): 100<br \/>\nGylis (cm): 32<\/p>","protected":false},"featured_media":157399,"comment_status":"open","ping_status":"open","template":"","meta":[],"product_brand":[],"product_cat":[9436,4106],"product_tag":[],"class_list":{"0":"post-157398","1":"product","2":"type-product","3":"status-publish","4":"has-post-thumbnail","6":"product_cat-kitchen-system-sorento","7":"product_cat-gala-meble","9":"first","10":"instock","11":"purchasable","12":"product-type-simple"},"_links":{"self":[{"href":"https:\/\/baldumarket.lt\/lt\/wp-json\/wp\/v2\/product\/157398","targetHints":{"allow":["GET"]}}],"collection":[{"href":"https:\/\/baldumarket.lt\/lt\/wp-json\/wp\/v2\/product"}],"about":[{"href":"https:\/\/baldumarket.lt\/lt\/wp-json\/wp\/v2\/types\/product"}],"replies":[{"embeddable":true,"href":"https:\/\/baldumarket.lt\/lt\/wp-json\/wp\/v2\/comments?post=157398"}],"wp:featuredmedia":[{"embeddable":true,"href":"https:\/\/baldumarket.lt\/lt\/wp-json\/wp\/v2\/media\/157399"}],"wp:attachment":[{"href":"https:\/\/baldumarket.lt\/lt\/wp-json\/wp\/v2\/media?parent=157398"}],"wp:term":[{"taxonomy":"product_brand","embeddable":true,"href":"https:\/\/baldumarket.lt\/lt\/wp-json\/wp\/v2\/product_brand?post=157398"},{"taxonomy":"product_cat","embeddable":true,"href":"https:\/\/baldumarket.lt\/lt\/wp-json\/wp\/v2\/product_cat?post=157398"},{"taxonomy":"product_tag","embeddable":true,"href":"https:\/\/baldumarket.lt\/lt\/wp-json\/wp\/v2\/product_tag?post=157398"}],"curies":[{"name":"wp","href":"https:\/\/api.w.org\/{rel}","templated":true}]}}