{"id":157393,"date":"2025-12-18T23:28:52","date_gmt":"2025-12-18T20:28:52","guid":{"rendered":"https:\/\/baldumarket.lt\/product\/szafka-kuchenna-gorna-1d-sorento-g60-p-l-puccini-bialy-mat-ramka\/"},"modified":"2026-02-18T11:09:01","modified_gmt":"2026-02-18T08:09:01","slug":"szafka-kuchenna-gorna-1d-sorento-g60-p-l-puccini-bialy-mat-ramka","status":"publish","type":"product","link":"https:\/\/baldumarket.lt\/lt\/product\/szafka-kuchenna-gorna-1d-sorento-g60-p-l-puccini-bialy-mat-ramka\/","title":{"rendered":"Vir\u0161utin\u0117 virtuv\u0117s spintel\u0117 1D Sorento G60 P\/L Puccini matin\u0117s baltos spalvos r\u0117meliu"},"content":{"rendered":"<p>Atraskite unikal\u0173 \u201eSorento G60 P\/L\u201c virtuv\u0117s spintel\u0117s gro\u017e\u012f ir funkcionalum\u0105, kuri suteiks j\u016bs\u0173 virtuvei nauj\u0105 dimensij\u0105. Matin\u0117s baltos priekin\u0117s dalies elegancija puikiai kontrastuoja su \u201ePuccini\u201c korpuso \u0161iluma, sukurdama harmoning\u0105 visum\u0105. \u0160i spintel\u0117 ne tik traukia ak\u012f minimalistiniu dizainu, bet ir pasi\u017eymi unikalia estetika, kuri puikiai papildo modern\u0173 interjer\u0105. Aukso spalvos metalin\u0117s ranken\u0117l\u0117s suteikia rafinuoto charakterio, pabr\u0117\u017eian\u010dios bet kurios virtuv\u0117s prabang\u0105. D\u0117l apgalvot\u0173 akcent\u0173 naudojimo kiekvien\u0105 kart\u0105 atidarant dureles tai tampa grynu malonumu. Funkcionalumas kartu su estetika paver\u010dia \u0161i\u0105 spintel\u0119 nepakei\u010diamu virtuv\u0117s \u012frangos elementu, kuris patenkins net ir reikliausi\u0173 vartotoj\u0173 l\u016bkes\u010dius. Prakti\u0161kas reguliuojamas pakaba ir juostel\u0117, esantys komplekte, paver\u010dia \u0161ios spintel\u0117s surinkim\u0105 paprastu ir maloniu u\u017esi\u0117mimu. Savaranki\u0161kas surinkimas leid\u017eia laisvai suasmeninti interjero i\u0161d\u0117stym\u0105, o u\u017esegami vyriai su \u0161velnaus u\u017edarymo funkcija u\u017etikrina skland\u0173 ir patog\u0173 naudojim\u0105. Su \u201eSorento G60 P\/L\u201c spintele kiekviena virtuv\u0117je praleista akimirka tampa ypatingu \u012fvykiu.<\/p>","protected":false},"excerpt":{"rendered":"<p>Plotis (cm): 60<br \/>\n\u016agis (cm): 100<br \/>\nGylis (cm): 32<\/p>","protected":false},"featured_media":157394,"comment_status":"open","ping_status":"open","template":"","meta":[],"product_brand":[],"product_cat":[9436,4106],"product_tag":[],"class_list":{"0":"post-157393","1":"product","2":"type-product","3":"status-publish","4":"has-post-thumbnail","6":"product_cat-kitchen-system-sorento","7":"product_cat-gala-meble","9":"first","10":"instock","11":"purchasable","12":"product-type-simple"},"_links":{"self":[{"href":"https:\/\/baldumarket.lt\/lt\/wp-json\/wp\/v2\/product\/157393","targetHints":{"allow":["GET"]}}],"collection":[{"href":"https:\/\/baldumarket.lt\/lt\/wp-json\/wp\/v2\/product"}],"about":[{"href":"https:\/\/baldumarket.lt\/lt\/wp-json\/wp\/v2\/types\/product"}],"replies":[{"embeddable":true,"href":"https:\/\/baldumarket.lt\/lt\/wp-json\/wp\/v2\/comments?post=157393"}],"wp:featuredmedia":[{"embeddable":true,"href":"https:\/\/baldumarket.lt\/lt\/wp-json\/wp\/v2\/media\/157394"}],"wp:attachment":[{"href":"https:\/\/baldumarket.lt\/lt\/wp-json\/wp\/v2\/media?parent=157393"}],"wp:term":[{"taxonomy":"product_brand","embeddable":true,"href":"https:\/\/baldumarket.lt\/lt\/wp-json\/wp\/v2\/product_brand?post=157393"},{"taxonomy":"product_cat","embeddable":true,"href":"https:\/\/baldumarket.lt\/lt\/wp-json\/wp\/v2\/product_cat?post=157393"},{"taxonomy":"product_tag","embeddable":true,"href":"https:\/\/baldumarket.lt\/lt\/wp-json\/wp\/v2\/product_tag?post=157393"}],"curies":[{"name":"wp","href":"https:\/\/api.w.org\/{rel}","templated":true}]}}