{"id":157389,"date":"2025-12-18T23:28:44","date_gmt":"2025-12-18T20:28:44","guid":{"rendered":"https:\/\/baldumarket.lt\/product\/szafka-kuchenna-gorna-1d-sorento-g60-p-l-puccini-green\/"},"modified":"2026-02-18T11:08:45","modified_gmt":"2026-02-18T08:08:45","slug":"szafka-kuchenna-gorna-1d-sorento-g60-p-l-puccini-green","status":"publish","type":"product","link":"https:\/\/baldumarket.lt\/lt\/product\/szafka-kuchenna-gorna-1d-sorento-g60-p-l-puccini-green\/","title":{"rendered":"Vir\u0161utin\u0117 virtuv\u0117s spintel\u0117 1D Sorento G60 P\/L Puccini Green"},"content":{"rendered":"<p>Pristatome \u201eSorento G60 P\/L\u201c vir\u0161utin\u0119 virtuv\u0117s spintel\u0119 su rafinuotu \u201ePuccini Green\u201c atspalviu. \u0160i spintel\u0117 puikiai derina stili\u0173 ir funkcionalum\u0105, paversdama bet kuri\u0105 virtuv\u0119 harmoninga ir eleganti\u0161ka vieta. Subtilus \u017ealias fasadas kartu su klasikin\u0117mis dizaino linijomis sukuria ramyb\u0117s ir modernumo atmosfer\u0105, kuri \u017eavi poj\u016b\u010dius ir skatina kasdienius kulinarinius tyrin\u0117jimus.<\/p>\n<p>D\u0117l gerai apgalvoto dizaino spintel\u0117 si\u016blo prakti\u0161kus daikt\u0173 laikymo sprendimus. Dvi vidin\u0117s lentynos leid\u017eia optimaliai i\u0161naudoti erdv\u0119, tod\u0117l virtuv\u0117s pried\u0173 organizavimas tampa lengvesnis nei bet kada anks\u010diau. Nesvarbu, ar montuojamas kair\u0117je, ar de\u0161in\u0117je pus\u0117je, \u0161is modelis garantuoja visi\u0161k\u0105 i\u0161d\u0117stymo laisv\u0119, prisitaikydamas prie individuali\u0173 naudotojo poreiki\u0173.<\/p>\n<p>Estetika kartu su funkcionalumu \u2013 ne vieninteliai \u0161ios spintel\u0117s privalumai. \u201eClip-On\u201c vyri\u0173 mechanizmas su \u0161velniu u\u017edarymu u\u017etikrina patogum\u0105 ir elegancij\u0105 kasdien naudojant, leisdamas lengvai ir skland\u017eiai u\u017edaryti ir atidaryti dureles. Tai paver\u010dia kiekvien\u0105 virtuv\u0117je praleist\u0105 akimirk\u0105 malonumu, be joki\u0173 trukdan\u010di\u0173 gars\u0173.<\/p>\n<p>\u0160i\u0105 spintel\u0119 i\u0161skirtine daro ne tik i\u0161vaizda, bet ir gamybos kokyb\u0117. Jos konstrukcijoje naudojama laminuota plok\u0161t\u0117 garantuoja ilgaam\u017ei\u0161kum\u0105 ir atsparum\u0105 pa\u017eeidimams, tod\u0117l gal\u0117site m\u0117gautis jos gro\u017eiu ilgus metus. Papildomas privalumas \u2013 galimyb\u0117 surinkti spintel\u0119 patiems, nes kiekvienas gali bet kada j\u0105 pritaikyti pagal savo poreikius ir skon\u012f.<\/p>\n<p>Pasirinkdami \u201eSorento G60 P\/L\u201c vir\u0161utin\u0119 virtuv\u0117s spintel\u0119, J\u016bs renkat\u0117s eleganti\u0161k\u0105 modernaus dizaino ir funkcionalumo derin\u012f, kuris patenkins net ir reikliausius naudotojus. Palepinkite save rafinuotumo prisilietimu savo virtuv\u0117je, kuris kiekvien\u0105 joje praleist\u0105 akimirk\u0105 pavers nepamir\u0161tama patirtimi.<\/p>","protected":false},"excerpt":{"rendered":"<p>Plotis (cm): 60<br \/>\n\u016agis (cm): 100<br \/>\nGylis (cm): 32<\/p>","protected":false},"featured_media":157390,"comment_status":"open","ping_status":"open","template":"","meta":[],"product_brand":[],"product_cat":[9436,4106],"product_tag":[],"class_list":{"0":"post-157389","1":"product","2":"type-product","3":"status-publish","4":"has-post-thumbnail","6":"product_cat-kitchen-system-sorento","7":"product_cat-gala-meble","9":"first","10":"instock","11":"purchasable","12":"product-type-simple"},"_links":{"self":[{"href":"https:\/\/baldumarket.lt\/lt\/wp-json\/wp\/v2\/product\/157389","targetHints":{"allow":["GET"]}}],"collection":[{"href":"https:\/\/baldumarket.lt\/lt\/wp-json\/wp\/v2\/product"}],"about":[{"href":"https:\/\/baldumarket.lt\/lt\/wp-json\/wp\/v2\/types\/product"}],"replies":[{"embeddable":true,"href":"https:\/\/baldumarket.lt\/lt\/wp-json\/wp\/v2\/comments?post=157389"}],"wp:featuredmedia":[{"embeddable":true,"href":"https:\/\/baldumarket.lt\/lt\/wp-json\/wp\/v2\/media\/157390"}],"wp:attachment":[{"href":"https:\/\/baldumarket.lt\/lt\/wp-json\/wp\/v2\/media?parent=157389"}],"wp:term":[{"taxonomy":"product_brand","embeddable":true,"href":"https:\/\/baldumarket.lt\/lt\/wp-json\/wp\/v2\/product_brand?post=157389"},{"taxonomy":"product_cat","embeddable":true,"href":"https:\/\/baldumarket.lt\/lt\/wp-json\/wp\/v2\/product_cat?post=157389"},{"taxonomy":"product_tag","embeddable":true,"href":"https:\/\/baldumarket.lt\/lt\/wp-json\/wp\/v2\/product_tag?post=157389"}],"curies":[{"name":"wp","href":"https:\/\/api.w.org\/{rel}","templated":true}]}}