{"id":157385,"date":"2025-12-18T23:28:36","date_gmt":"2025-12-18T20:28:36","guid":{"rendered":"https:\/\/baldumarket.lt\/product\/szafka-kuchenna-gorna-2-drzwiowa-g60-aspen-white-bialy-polysk\/"},"modified":"2026-02-08T11:24:27","modified_gmt":"2026-02-08T08:24:27","slug":"szafka-kuchenna-gorna-2-drzwiowa-g60-aspen-white-bialy-polysk","status":"publish","type":"product","link":"https:\/\/baldumarket.lt\/lt\/product\/szafka-kuchenna-gorna-2-drzwiowa-g60-aspen-white-bialy-polysk\/","title":{"rendered":"G60 drebul\u0117s baltumo blizgi 2 vir\u0161utin\u0117 virtuv\u0117s spintel\u0117"},"content":{"rendered":"<p>Atraskite neprilygstam\u0105 savo virtuv\u0117s \u017eaves\u012f ir elegancij\u0105 su G60 Aspen White 2 dur\u0173 vir\u0161utine virtuv\u0117s spintele. \u0160i unikali, funkcionali spintel\u0117 yra harmoningas modernaus dizaino ir klasikin\u0117s baltos spalvos derinys. Jos blizgi balta apdaila ne tik suteikia erdvei klas\u0117s, bet ir atspindi \u0161vies\u0105, tod\u0117l kambarys atrodo \u0161viesesnis ir erdvesnis.<\/p>\n<p>M\u0117gaukit\u0117s \u0161ios spintel\u0117s funkcionalumu kiekvien\u0105 dien\u0105, d\u0117ka savaime u\u017esidaran\u010di\u0173 dureli\u0173, sukurt\u0173 atsi\u017evelgiant \u012f kasdien\u012f naudojim\u0105. \u0160i savyb\u0117 leid\u017eia skland\u017eiai ir tyliai u\u017esidaryti \u2013 tai savyb\u0117, kuri\u0105 \u012fvertins visi, vertinantys virtuv\u0117s patogum\u0105 ir modernum\u0105. \u0160i spintel\u0117 idealiai tinka tiek indams, tiek maisto produktams laikyti, nes suteikia daug vietos tvarkingai susitvarkyti daiktus.<\/p>\n<p>Blizgus baltas MDF fasadas kartu su matiniu baltu laminuotu korpusu sukuria derin\u012f, kuris puikiai dera prie \u0161iuolaikini\u0173 interjero dizaino tendencij\u0173. \u0160is baldas ne tik atlieka praktin\u0119 funkcij\u0105, bet ir traukia d\u0117mes\u012f, tapdamas bet kurios modernios virtuv\u0117s traukos centru. \u0160i spintel\u0117 suteiks bet kokiam interjerui gaivumo ir unikalaus \u017eavesio.<\/p>\n<p>Paprastas surinkimas rei\u0161kia, kad galite greitai ir lengvai m\u0117gautis nauju virtuv\u0117s baldu. Savaranki\u0161kas surinkimas ne tik taupo laik\u0105, bet ir suteikia rank\u0173 darbo projekto pasitenkinim\u0105. Rinkit\u0117s \u201eGa\u0142a Meble\u201c si\u016blom\u0105 stili\u0173 ir modernum\u0105 ir pakeiskite savo virtuv\u0119 jau \u0161iandien.<\/p>","protected":false},"excerpt":{"rendered":"<p>Plotis (cm): 60<br \/>\n\u016agis (cm): 72<br \/>\nGylis (cm): 32<\/p>","protected":false},"featured_media":157386,"comment_status":"open","ping_status":"open","template":"","meta":[],"product_brand":[],"product_cat":[9445,4106,9118],"product_tag":[],"class_list":{"0":"post-157385","1":"product","2":"type-product","3":"status-publish","4":"has-post-thumbnail","6":"product_cat-kitchen-system-aspen-white","7":"product_cat-gala-meble","8":"product_cat-kitchen-cabinets","10":"first","11":"instock","12":"purchasable","13":"product-type-simple"},"_links":{"self":[{"href":"https:\/\/baldumarket.lt\/lt\/wp-json\/wp\/v2\/product\/157385","targetHints":{"allow":["GET"]}}],"collection":[{"href":"https:\/\/baldumarket.lt\/lt\/wp-json\/wp\/v2\/product"}],"about":[{"href":"https:\/\/baldumarket.lt\/lt\/wp-json\/wp\/v2\/types\/product"}],"replies":[{"embeddable":true,"href":"https:\/\/baldumarket.lt\/lt\/wp-json\/wp\/v2\/comments?post=157385"}],"wp:featuredmedia":[{"embeddable":true,"href":"https:\/\/baldumarket.lt\/lt\/wp-json\/wp\/v2\/media\/157386"}],"wp:attachment":[{"href":"https:\/\/baldumarket.lt\/lt\/wp-json\/wp\/v2\/media?parent=157385"}],"wp:term":[{"taxonomy":"product_brand","embeddable":true,"href":"https:\/\/baldumarket.lt\/lt\/wp-json\/wp\/v2\/product_brand?post=157385"},{"taxonomy":"product_cat","embeddable":true,"href":"https:\/\/baldumarket.lt\/lt\/wp-json\/wp\/v2\/product_cat?post=157385"},{"taxonomy":"product_tag","embeddable":true,"href":"https:\/\/baldumarket.lt\/lt\/wp-json\/wp\/v2\/product_tag?post=157385"}],"curies":[{"name":"wp","href":"https:\/\/api.w.org\/{rel}","templated":true}]}}