{"id":157380,"date":"2025-12-18T23:28:26","date_gmt":"2025-12-18T20:28:26","guid":{"rendered":"https:\/\/baldumarket.lt\/product\/szafka-kuchenna-gorna-2-drzwiowa-g60-linea-grey-szary-mat\/"},"modified":"2026-02-18T11:33:31","modified_gmt":"2026-02-18T08:33:31","slug":"szafka-kuchenna-gorna-2-drzwiowa-g60-linea-grey-szary-mat","status":"publish","type":"product","link":"https:\/\/baldumarket.lt\/lt\/product\/szafka-kuchenna-gorna-2-drzwiowa-g60-linea-grey-szary-mat\/","title":{"rendered":"G60 Linea pilka 2 dur\u0173 vir\u0161utin\u0117 virtuv\u0117s spintel\u0117"},"content":{"rendered":"<p>Atraskite unikal\u0173 \u201eLinea Grey\u201c vir\u0161utin\u0117s virtuv\u0117s spintel\u0117s \u017eaves\u012f, kuri puikiai derina modern\u0173 dizain\u0105 ir funkcionalum\u0105. Eleganti\u0161ka, blizgi pilka priekin\u0117 dalis subtiliai kontrastuoja su matin\u0117s baltos spalvos korpusu, sukurdama harmoning\u0105 kompozicij\u0105, kuri papuo\u0161 bet kuri\u0105 virtuv\u0119. Tai puikus sprendimas tiems, kurie ie\u0161ko klas\u0117s ir stiliaus. Sukurta galvojant apie kasdien\u012f patogum\u0105, \u201eLinea Grey\u201c spintel\u0117 si\u016blo gerai apgalvot\u0105 erdv\u0119 daiktams susid\u0117ti. Dvejos savaime u\u017esidaran\u010dios durel\u0117s u\u017etikrina tyl\u0173 ir \u0161veln\u0173 u\u017edarym\u0105, tod\u0117l jas lengva naudoti. D\u0117l paprasto dizaino spintel\u0117 pasi\u017eymi unikalia estetika, leid\u017eian\u010dia lengvai pri\u017ei\u016br\u0117ti virtuv\u0119. Funkcionalumas neb\u016btinai rei\u0161kia gro\u017eio aukojim\u0105. \u201eLinea Grey\u201c spintel\u0117 yra pavyzdys, kaip estetika puikiai dera su prakti\u0161kumu. Jos moderni forma puikiai dera prie \u012fvairi\u0173 virtuv\u0117s dizain\u0173 \u2013 nuo minimalistinio iki klasikinio. \u0160is baldas d\u017eiugins vartotojus ne tik savo i\u0161vaizda, bet ir gamybos kokybe.<\/p>","protected":false},"excerpt":{"rendered":"<p>Plotis (cm): 60<br \/>\n\u016agis (cm): 72<br \/>\nGylis (cm): 32<\/p>","protected":false},"featured_media":157381,"comment_status":"open","ping_status":"open","template":"","meta":[],"product_brand":[],"product_cat":[9446,4106],"product_tag":[],"class_list":{"0":"post-157380","1":"product","2":"type-product","3":"status-publish","4":"has-post-thumbnail","6":"product_cat-kitchen-system-linea-white","7":"product_cat-gala-meble","9":"first","10":"instock","11":"purchasable","12":"product-type-simple"},"_links":{"self":[{"href":"https:\/\/baldumarket.lt\/lt\/wp-json\/wp\/v2\/product\/157380","targetHints":{"allow":["GET"]}}],"collection":[{"href":"https:\/\/baldumarket.lt\/lt\/wp-json\/wp\/v2\/product"}],"about":[{"href":"https:\/\/baldumarket.lt\/lt\/wp-json\/wp\/v2\/types\/product"}],"replies":[{"embeddable":true,"href":"https:\/\/baldumarket.lt\/lt\/wp-json\/wp\/v2\/comments?post=157380"}],"wp:featuredmedia":[{"embeddable":true,"href":"https:\/\/baldumarket.lt\/lt\/wp-json\/wp\/v2\/media\/157381"}],"wp:attachment":[{"href":"https:\/\/baldumarket.lt\/lt\/wp-json\/wp\/v2\/media?parent=157380"}],"wp:term":[{"taxonomy":"product_brand","embeddable":true,"href":"https:\/\/baldumarket.lt\/lt\/wp-json\/wp\/v2\/product_brand?post=157380"},{"taxonomy":"product_cat","embeddable":true,"href":"https:\/\/baldumarket.lt\/lt\/wp-json\/wp\/v2\/product_cat?post=157380"},{"taxonomy":"product_tag","embeddable":true,"href":"https:\/\/baldumarket.lt\/lt\/wp-json\/wp\/v2\/product_tag?post=157380"}],"curies":[{"name":"wp","href":"https:\/\/api.w.org\/{rel}","templated":true}]}}