{"id":157375,"date":"2025-12-18T23:28:17","date_gmt":"2025-12-18T20:28:17","guid":{"rendered":"https:\/\/baldumarket.lt\/product\/szafka-kuchenna-gorna-2-drzwiowa-g60-linea-white-bialy-mat\/"},"modified":"2026-02-18T11:33:31","modified_gmt":"2026-02-18T08:33:31","slug":"szafka-kuchenna-gorna-2-drzwiowa-g60-linea-white-bialy-mat","status":"publish","type":"product","link":"https:\/\/baldumarket.lt\/lt\/product\/szafka-kuchenna-gorna-2-drzwiowa-g60-linea-white-bialy-mat\/","title":{"rendered":"G60 Linea balta 2 dur\u0173 vir\u0161utin\u0117 virtuv\u0117s spintel\u0117"},"content":{"rendered":"<p>\u201eLinea White G60\u201c 2 dur\u0173 vir\u0161utin\u0117 virtuv\u0117s spintel\u0117 \u2013 puikus sprendimas visiems, svajojantiems apie funkcionali\u0105 ir stiling\u0105 virtuv\u0119. Matin\u0117s baltos spalvos priekis suteikia elegancijos ir modernumo, o auksin\u0117s rankenos \u2013 prabangos. \u0160is baldas puikiai dera prie \u012fvairi\u0173 interjer\u0173 \u2013 nuo minimalistini\u0173 iki klasikini\u0173 virtuvi\u0173. Estetinis \u0161ios virtuv\u0117s spintel\u0117s patrauklumas yra tik vienas i\u0161 jos privalum\u0173. D\u0117l savo matmen\u0173 G60 puikiai tinka laikyti \u012fvairius virtuv\u0117s reikmenis, u\u017etikrinant tvark\u0105 ir lengv\u0105 prieig\u0105 prie da\u017enai naudojam\u0173 daikt\u0173. \u0160velniai u\u017esidarantys vyriai leid\u017eia naudotis spintele itin patogiai, pa\u0161alina nemalon\u0173 girg\u017ed\u0117jim\u0105 ir apsaugo spinteli\u0173 fasadus nuo pa\u017eeidim\u0173. Spintel\u0117 pagaminta i\u0161 auk\u0161tos kokyb\u0117s MDF ir laminuotos plok\u0161t\u0117s, u\u017etikrinan\u010dios patvarum\u0105 ir atsparum\u0105 kasdieniam naudojimui. Matin\u0117 spinteli\u0173 fasad\u0173 apdaila apsaugo nuo pir\u0161t\u0173 atspaud\u0173 ir leid\u017eia juos lengvai valyti, o tai neabejotinai yra didelis privalumas dinami\u0161koje virtuv\u0117s erdv\u0117je. D\u0117l metalo, naudojamo rankenoms, spintel\u0117 ne tik atrodo stilingai, bet ir yra i\u0161skirtinai tvirta.<\/p>","protected":false},"excerpt":{"rendered":"<p>Plotis (cm): 60<br \/>\n\u016agis (cm): 72<br \/>\nGylis (cm): 32<\/p>","protected":false},"featured_media":157376,"comment_status":"open","ping_status":"open","template":"","meta":[],"product_brand":[],"product_cat":[9446,4106],"product_tag":[],"class_list":{"0":"post-157375","1":"product","2":"type-product","3":"status-publish","4":"has-post-thumbnail","6":"product_cat-kitchen-system-linea-white","7":"product_cat-gala-meble","9":"first","10":"instock","11":"purchasable","12":"product-type-simple"},"_links":{"self":[{"href":"https:\/\/baldumarket.lt\/lt\/wp-json\/wp\/v2\/product\/157375","targetHints":{"allow":["GET"]}}],"collection":[{"href":"https:\/\/baldumarket.lt\/lt\/wp-json\/wp\/v2\/product"}],"about":[{"href":"https:\/\/baldumarket.lt\/lt\/wp-json\/wp\/v2\/types\/product"}],"replies":[{"embeddable":true,"href":"https:\/\/baldumarket.lt\/lt\/wp-json\/wp\/v2\/comments?post=157375"}],"wp:featuredmedia":[{"embeddable":true,"href":"https:\/\/baldumarket.lt\/lt\/wp-json\/wp\/v2\/media\/157376"}],"wp:attachment":[{"href":"https:\/\/baldumarket.lt\/lt\/wp-json\/wp\/v2\/media?parent=157375"}],"wp:term":[{"taxonomy":"product_brand","embeddable":true,"href":"https:\/\/baldumarket.lt\/lt\/wp-json\/wp\/v2\/product_brand?post=157375"},{"taxonomy":"product_cat","embeddable":true,"href":"https:\/\/baldumarket.lt\/lt\/wp-json\/wp\/v2\/product_cat?post=157375"},{"taxonomy":"product_tag","embeddable":true,"href":"https:\/\/baldumarket.lt\/lt\/wp-json\/wp\/v2\/product_tag?post=157375"}],"curies":[{"name":"wp","href":"https:\/\/api.w.org\/{rel}","templated":true}]}}