{"id":157369,"date":"2025-12-18T23:28:05","date_gmt":"2025-12-18T20:28:05","guid":{"rendered":"https:\/\/baldumarket.lt\/product\/szafka-kuchenna-gorna-2-drzwiowa-g60-prowansja-sosna-andersen-bialy-mat\/"},"modified":"2026-02-06T13:09:04","modified_gmt":"2026-02-06T10:09:04","slug":"szafka-kuchenna-gorna-2-drzwiowa-g60-prowansja-sosna-andersen-bialy-mat","status":"publish","type":"product","link":"https:\/\/baldumarket.lt\/lt\/product\/szafka-kuchenna-gorna-2-drzwiowa-g60-prowansja-sosna-andersen-bialy-mat\/","title":{"rendered":"Vir\u0161utin\u0117 2 dur\u0173 virtuv\u0117s spintel\u0117 G60 Provanso pu\u0161is Anderseno balta matin\u0117"},"content":{"rendered":"<p>Atraskite Provanso stiliaus \u017eaves\u012f su G60 virtuv\u0117s vir\u0161utine spintele i\u0161 Provanso kolekcijos. Unikalus dizainas, \u012fkv\u0117ptas nat\u016bralaus Provanso regiono gro\u017eio, \u012fne\u0161a \u012f j\u016bs\u0173 interjer\u0105 nepaprast\u0105 ramyb\u0117s ir harmonijos atmosfer\u0105. Subtilaus Anderseno pu\u0161ies atspalvio apdaila su matin\u0117s baltos spalvos korpusu, \u0161i spintel\u0117 puikiai papildo kaimi\u0161k\u0105 elegancij\u0105, skland\u017eiai dera tiek su moderniu, tiek su tradiciniu virtuv\u0117s dizainu. \u010cia funkcionalumas dera su estetika, si\u016blydamas prakti\u0161k\u0105 sprendim\u0105 bet kuriai virtuvei. D\u0117l dvigub\u0173 dureli\u0173, kurios \u0161velniai u\u017esidaro savaime u\u017esidaran\u010di\u0173 vyri\u0173 d\u0117ka, spintel\u0117 suteikia patogi\u0105 prieig\u0105 prie viduje laikom\u0173 daikt\u0173. Tai puiki vieta laikyti stalo \u012frankius, prieskonius ir kitus virtuv\u0117s lobius, kuriuos norite visada tur\u0117ti po ranka. Tvirta MDF konstrukcija ir laminuotas korpusas garantuoja patvarum\u0105 ir atsparum\u0105 pa\u017eeidimams, o tai labai svarbu kasdieniam naudojimui. Juodos metalin\u0117s rankenos ne tik suteikia spintelei i\u0161skirtinumo, bet ir u\u017etikrina patog\u0173 naudojim\u0105. D\u0117l to baldai ne tik atrodo gra\u017eiai, bet ir atitinka visus praktinius \u0161iuolaikinio vartotojo l\u016bkes\u010dius.<\/p>","protected":false},"excerpt":{"rendered":"<p>Plotis (cm): 60<br \/>\n\u016agis (cm): 72<br \/>\nGylis (cm): 32<\/p>","protected":false},"featured_media":157370,"comment_status":"open","ping_status":"open","template":"","meta":[],"product_brand":[],"product_cat":[9444,9441,4106,9118],"product_tag":[],"class_list":{"0":"post-157369","1":"product","2":"type-product","3":"status-publish","4":"has-post-thumbnail","6":"product_cat-kitchen-system-prowansja-sosna-andersen","7":"product_cat-white","8":"product_cat-gala-meble","9":"product_cat-kitchen-cabinets","11":"first","12":"instock","13":"purchasable","14":"product-type-simple"},"_links":{"self":[{"href":"https:\/\/baldumarket.lt\/lt\/wp-json\/wp\/v2\/product\/157369","targetHints":{"allow":["GET"]}}],"collection":[{"href":"https:\/\/baldumarket.lt\/lt\/wp-json\/wp\/v2\/product"}],"about":[{"href":"https:\/\/baldumarket.lt\/lt\/wp-json\/wp\/v2\/types\/product"}],"replies":[{"embeddable":true,"href":"https:\/\/baldumarket.lt\/lt\/wp-json\/wp\/v2\/comments?post=157369"}],"wp:featuredmedia":[{"embeddable":true,"href":"https:\/\/baldumarket.lt\/lt\/wp-json\/wp\/v2\/media\/157370"}],"wp:attachment":[{"href":"https:\/\/baldumarket.lt\/lt\/wp-json\/wp\/v2\/media?parent=157369"}],"wp:term":[{"taxonomy":"product_brand","embeddable":true,"href":"https:\/\/baldumarket.lt\/lt\/wp-json\/wp\/v2\/product_brand?post=157369"},{"taxonomy":"product_cat","embeddable":true,"href":"https:\/\/baldumarket.lt\/lt\/wp-json\/wp\/v2\/product_cat?post=157369"},{"taxonomy":"product_tag","embeddable":true,"href":"https:\/\/baldumarket.lt\/lt\/wp-json\/wp\/v2\/product_tag?post=157369"}],"curies":[{"name":"wp","href":"https:\/\/api.w.org\/{rel}","templated":true}]}}