{"id":157364,"date":"2025-12-18T23:27:56","date_gmt":"2025-12-18T20:27:56","guid":{"rendered":"https:\/\/baldumarket.lt\/product\/szafka-kuchenna-gorna-2-drzwiowa-g60-sycylia-andersen\/"},"modified":"2026-02-06T12:47:12","modified_gmt":"2026-02-06T09:47:12","slug":"szafka-kuchenna-gorna-2-drzwiowa-g60-sycylia-andersen","status":"publish","type":"product","link":"https:\/\/baldumarket.lt\/lt\/product\/szafka-kuchenna-gorna-2-drzwiowa-g60-sycylia-andersen\/","title":{"rendered":"G60 Sicily Andersen vir\u0161utin\u0117 2 dur\u0173 virtuv\u0117s spintel\u0117"},"content":{"rendered":"<p>Atraskite Vidur\u017eemio j\u016bros regiono miegamojo \u017eaves\u012f savo virtuv\u0117je su \u0161ia eleganti\u0161ka vir\u0161utine spintele i\u0161 garsaus prek\u0117s \u017eenklo \u201eAndersen Sicylia\u201c kolekcijos. \u0160i dvidur\u0117 spintel\u0117 \u2013 tai tobulas funkcionalumo ir stiliaus derinys, \u012f j\u016bs\u0173 namus atne\u0161antis \u0161ilto, sicilieti\u0161ko interjero atmosfer\u0105. Subtilus, ta\u010diau i\u0161rai\u0161kingas dizainas, pary\u0161kintas matin\u0117s baltos spalvos korpusu, puikiai dera bet kurioje modernioje virtuv\u0117je. Spinteli\u0173 fasadai, pagaminti i\u0161 auk\u0161tos kokyb\u0117s MDF, imituojan\u010dios Anderseno pu\u0161\u012f, suteikia ne tik prakti\u0161kumo, bet ir vizualin\u0117s \u0161ilumos. \u0160i unikali tekst\u016bra, derinama su subtiliomis sidabrin\u0117mis plastikin\u0117mis ranken\u0117l\u0117mis, \u012f j\u016bs\u0173 interjer\u0105 atne\u0161a j\u016bros v\u0117jelio dvelksm\u0105. \u0160i nesenstanti estetika harmoningai papildo \u0161ios spintel\u0117s funkcionalum\u0105. \u0160ios spintel\u0117s funkcionalumas leid\u017eia palaikyti tvark\u0105 ir organizuotum\u0105 j\u016bs\u0173 virtuv\u0117je. D\u0117l erdvaus vidaus galite lengvai laikyti visus b\u016btiniausius virtuv\u0117s reikmenis ir maist\u0105, sukurdami erdv\u0119, kurioje kiekvienas daiktas turi savo viet\u0105. Spintel\u0119 lengva surinkti, tod\u0117l gal\u0117site akimirksniu m\u0117gautis nauju virtuv\u0117s aksesuaru.<\/p>","protected":false},"excerpt":{"rendered":"<p>Plotis (cm): 60<br \/>\n\u016agis (cm): 72<br \/>\nGylis (cm): 32<\/p>","protected":false},"featured_media":157365,"comment_status":"open","ping_status":"open","template":"","meta":[],"product_brand":[],"product_cat":[9440,9441,4106,9118],"product_tag":[],"class_list":{"0":"post-157364","1":"product","2":"type-product","3":"status-publish","4":"has-post-thumbnail","6":"product_cat-kitchen-system-sycylia-sosna-andersen","7":"product_cat-white","8":"product_cat-gala-meble","9":"product_cat-kitchen-cabinets","11":"first","12":"instock","13":"purchasable","14":"product-type-simple"},"_links":{"self":[{"href":"https:\/\/baldumarket.lt\/lt\/wp-json\/wp\/v2\/product\/157364","targetHints":{"allow":["GET"]}}],"collection":[{"href":"https:\/\/baldumarket.lt\/lt\/wp-json\/wp\/v2\/product"}],"about":[{"href":"https:\/\/baldumarket.lt\/lt\/wp-json\/wp\/v2\/types\/product"}],"replies":[{"embeddable":true,"href":"https:\/\/baldumarket.lt\/lt\/wp-json\/wp\/v2\/comments?post=157364"}],"wp:featuredmedia":[{"embeddable":true,"href":"https:\/\/baldumarket.lt\/lt\/wp-json\/wp\/v2\/media\/157365"}],"wp:attachment":[{"href":"https:\/\/baldumarket.lt\/lt\/wp-json\/wp\/v2\/media?parent=157364"}],"wp:term":[{"taxonomy":"product_brand","embeddable":true,"href":"https:\/\/baldumarket.lt\/lt\/wp-json\/wp\/v2\/product_brand?post=157364"},{"taxonomy":"product_cat","embeddable":true,"href":"https:\/\/baldumarket.lt\/lt\/wp-json\/wp\/v2\/product_cat?post=157364"},{"taxonomy":"product_tag","embeddable":true,"href":"https:\/\/baldumarket.lt\/lt\/wp-json\/wp\/v2\/product_tag?post=157364"}],"curies":[{"name":"wp","href":"https:\/\/api.w.org\/{rel}","templated":true}]}}