{"id":157359,"date":"2025-12-18T23:27:46","date_gmt":"2025-12-18T20:27:46","guid":{"rendered":"https:\/\/baldumarket.lt\/product\/szafka-kuchenna-gorna-2-drzwiowa-g60-sycylia-orzech\/"},"modified":"2026-02-06T14:32:53","modified_gmt":"2026-02-06T11:32:53","slug":"szafka-kuchenna-gorna-2-drzwiowa-g60-sycylia-orzech","status":"publish","type":"product","link":"https:\/\/baldumarket.lt\/lt\/product\/szafka-kuchenna-gorna-2-drzwiowa-g60-sycylia-orzech\/","title":{"rendered":"Vir\u0161utin\u0117 2 dur\u0173 virtuv\u0117s spintel\u0117 G60 Sicily Walnut"},"content":{"rendered":"<p>Atraskite elegancij\u0105 ir funkcionalum\u0105 su m\u016bs\u0173 \u201eSicily\u201c kolekcijos vir\u0161utine virtuv\u0117s spintele. Jos 60 cm plo\u010dio, dviej\u0173 dureli\u0173 dizainas \u2013 puikus sprendimas virtuv\u0117ms, kuriose pirmenyb\u0117 teikiama stiliui ir prakti\u0161kumui. M\u0117gaukit\u0117s klasikiniu Milano rie\u0161utmed\u017eio spalvos gro\u017eiu, kuris j\u016bs\u0173 interjerui suteiks prabangos. Spintel\u0117 pagaminta i\u0161 auk\u0161tos kokyb\u0117s MDF ir laminuotos plok\u0161t\u0117s, u\u017etikrinan\u010dios ne tik estetin\u012f patrauklum\u0105, bet ir patvarum\u0105 bei atsparum\u0105 kasdieniam naudojimui. Sidabrin\u0117s plastikin\u0117s rankenos suteikia modernumo, puikiai papildydamos \u0161ilt\u0105 rie\u0161utmed\u017eio spalv\u0105. Su \u0161ia spintele sutvarkyti savo virtuv\u0117s erdv\u0119 yra ne\u012ftik\u0117tinai paprasta. Erdvus jos vidus leid\u017eia laikyti \u012fvairius produktus, o kompakti\u0161kas dydis u\u017etikrina, kad ji puikiai der\u0117t\u0173 prie bet kokio virtuv\u0117s dizaino. D\u0117l savaranki\u0161ko surinkimo j\u016bs visi\u0161kai kontroliuojate montavim\u0105 ir galite pritaikyti darbo laik\u0105 pagal savo poreikius.<\/p>","protected":false},"excerpt":{"rendered":"<p>Plotis (cm): 60<br \/>\n\u016agis (cm): 72<br \/>\nGylis (cm): 32<\/p>","protected":false},"featured_media":157360,"comment_status":"open","ping_status":"open","template":"","meta":[],"product_brand":[],"product_cat":[9450,4106,9118],"product_tag":[],"class_list":{"0":"post-157359","1":"product","2":"type-product","3":"status-publish","4":"has-post-thumbnail","6":"product_cat-kitchen-system-sycylia-orzech-milano","7":"product_cat-gala-meble","8":"product_cat-kitchen-cabinets","10":"first","11":"instock","12":"purchasable","13":"product-type-simple"},"_links":{"self":[{"href":"https:\/\/baldumarket.lt\/lt\/wp-json\/wp\/v2\/product\/157359","targetHints":{"allow":["GET"]}}],"collection":[{"href":"https:\/\/baldumarket.lt\/lt\/wp-json\/wp\/v2\/product"}],"about":[{"href":"https:\/\/baldumarket.lt\/lt\/wp-json\/wp\/v2\/types\/product"}],"replies":[{"embeddable":true,"href":"https:\/\/baldumarket.lt\/lt\/wp-json\/wp\/v2\/comments?post=157359"}],"wp:featuredmedia":[{"embeddable":true,"href":"https:\/\/baldumarket.lt\/lt\/wp-json\/wp\/v2\/media\/157360"}],"wp:attachment":[{"href":"https:\/\/baldumarket.lt\/lt\/wp-json\/wp\/v2\/media?parent=157359"}],"wp:term":[{"taxonomy":"product_brand","embeddable":true,"href":"https:\/\/baldumarket.lt\/lt\/wp-json\/wp\/v2\/product_brand?post=157359"},{"taxonomy":"product_cat","embeddable":true,"href":"https:\/\/baldumarket.lt\/lt\/wp-json\/wp\/v2\/product_cat?post=157359"},{"taxonomy":"product_tag","embeddable":true,"href":"https:\/\/baldumarket.lt\/lt\/wp-json\/wp\/v2\/product_tag?post=157359"}],"curies":[{"name":"wp","href":"https:\/\/api.w.org\/{rel}","templated":true}]}}