{"id":157355,"date":"2025-12-18T23:27:38","date_gmt":"2025-12-18T20:27:38","guid":{"rendered":"https:\/\/baldumarket.lt\/product\/szafka-kuchenna-gorna-2-drzwiowa-g80-aspen-grey-szary-polysk\/"},"modified":"2026-02-08T11:25:57","modified_gmt":"2026-02-08T08:25:57","slug":"szafka-kuchenna-gorna-2-drzwiowa-g80-aspen-grey-szary-polysk","status":"publish","type":"product","link":"https:\/\/baldumarket.lt\/lt\/product\/szafka-kuchenna-gorna-2-drzwiowa-g80-aspen-grey-szary-polysk\/","title":{"rendered":"G80 drebul\u0117s pilkos blizgios vir\u0161utin\u0117s 2 dur\u0173 virtuv\u0117s spintel\u0117s"},"content":{"rendered":"<p>\u0160tai puikus sprendimas kiekvienam \u0161iuolaikinio dizaino \u017einovui \u2013 G80 Aspen Grey 2 dur\u0173 vir\u0161utin\u0117 virtuv\u0117s spintel\u0117. Eleganti\u0161ka jos i\u0161vaizda neabejotinai papildys bet kuri\u0105 moderni\u0105 virtuv\u0119. Blizg\u016bs pilki fasadai spinduliuoja modernia prabanga, o matin\u0117s baltos spalvos korpusas suteikia subtilios elegancijos. \u0160is spalv\u0173 derinys buvo sukurtas atsi\u017evelgiant \u012f erdves, skirtas estetikai ir funkcionalumui. \u0160i spintel\u0117 ne tik maloni akiai, bet ir, svarbiausia, si\u016blo steb\u0117tinai prakti\u0161kus sprendimus. D\u0117l gerai apgalvoto dizaino joje tilps visi b\u016btini virtuv\u0117s reikmenys, prieskoniai ir kiti virtuv\u0117s reikmenys, kuriuos visada tur\u0117site po ranka. Ji puikiai tinka kasdieniam naudojimui, padeda palaikyti tvark\u0105 ir organizuotum\u0105 j\u016bs\u0173 virtuv\u0117je. Ji skland\u017eiai der\u0117s prie esam\u0173 bald\u0173 asortimento, u\u017etikrindama stilistin\u012f nuoseklum\u0105. Spintel\u0117, pagaminta i\u0161 MDF, yra ne tik patvari, bet ir lengvai pri\u017ei\u016brima. D\u0117l savaime u\u017esidaran\u010di\u0173 vyri\u0173 dureli\u0173 u\u017edarymas kaskart tampa malonumu, suma\u017einant triuk\u0161m\u0105 ir u\u017etikrinant skland\u0173 veikim\u0105. \u201eGa\u0142a Meble\u201c prek\u0117s \u017eenklo si\u016bloma estetika ir gamybos kokyb\u0117 patenkins net ir reikliausius vartotojus, kuriems r\u016bpi auk\u0161ti apdailos ir funkcionalumo standartai kasdieniam naudojimui.<\/p>","protected":false},"excerpt":{"rendered":"<p>Plotis (cm): 80<br \/>\n\u016agis (cm): 72<br \/>\nGylis (cm): 32<\/p>","protected":false},"featured_media":156820,"comment_status":"open","ping_status":"open","template":"","meta":[],"product_brand":[],"product_cat":[9451,4106,9118],"product_tag":[],"class_list":{"0":"post-157355","1":"product","2":"type-product","3":"status-publish","4":"has-post-thumbnail","6":"product_cat-kitchen-system-aspen-grey","7":"product_cat-gala-meble","8":"product_cat-kitchen-cabinets","10":"first","11":"instock","12":"purchasable","13":"product-type-simple"},"_links":{"self":[{"href":"https:\/\/baldumarket.lt\/lt\/wp-json\/wp\/v2\/product\/157355","targetHints":{"allow":["GET"]}}],"collection":[{"href":"https:\/\/baldumarket.lt\/lt\/wp-json\/wp\/v2\/product"}],"about":[{"href":"https:\/\/baldumarket.lt\/lt\/wp-json\/wp\/v2\/types\/product"}],"replies":[{"embeddable":true,"href":"https:\/\/baldumarket.lt\/lt\/wp-json\/wp\/v2\/comments?post=157355"}],"wp:featuredmedia":[{"embeddable":true,"href":"https:\/\/baldumarket.lt\/lt\/wp-json\/wp\/v2\/media\/156820"}],"wp:attachment":[{"href":"https:\/\/baldumarket.lt\/lt\/wp-json\/wp\/v2\/media?parent=157355"}],"wp:term":[{"taxonomy":"product_brand","embeddable":true,"href":"https:\/\/baldumarket.lt\/lt\/wp-json\/wp\/v2\/product_brand?post=157355"},{"taxonomy":"product_cat","embeddable":true,"href":"https:\/\/baldumarket.lt\/lt\/wp-json\/wp\/v2\/product_cat?post=157355"},{"taxonomy":"product_tag","embeddable":true,"href":"https:\/\/baldumarket.lt\/lt\/wp-json\/wp\/v2\/product_tag?post=157355"}],"curies":[{"name":"wp","href":"https:\/\/api.w.org\/{rel}","templated":true}]}}