{"id":157352,"date":"2025-12-18T23:27:33","date_gmt":"2025-12-18T20:27:33","guid":{"rendered":"https:\/\/baldumarket.lt\/product\/szafka-kuchenna-gorna-2-drzwiowa-g80-aspen-white-bialy-polysk\/"},"modified":"2026-02-08T11:24:27","modified_gmt":"2026-02-08T08:24:27","slug":"szafka-kuchenna-gorna-2-drzwiowa-g80-aspen-white-bialy-polysk","status":"publish","type":"product","link":"https:\/\/baldumarket.lt\/lt\/product\/szafka-kuchenna-gorna-2-drzwiowa-g80-aspen-white-bialy-polysk\/","title":{"rendered":"G80 drebul\u0117s baltumo blizgi vir\u0161utin\u0117 2 dur\u0173 virtuv\u0117s spintel\u0117"},"content":{"rendered":"<p>Pristatome garsaus prek\u0117s \u017eenklo \u201eGa\u0142a Meble\u201c eleganti\u0161ko drebul\u0117s baltumo G80 vir\u0161utin\u0119 virtuv\u0117s spintel\u0119 su dviem durimis. \u0160i funkcionali ir stilinga spintel\u0117 bus unikalus bet kurios virtuv\u0117s, kurioje estetika dera su prakti\u0161kumu, papildymas. D\u0117l moderni\u0173 apdailos med\u017eiag\u0173, blizg\u016bs fasadai kartu su matiniu korpusu suteikia jai modern\u0173 ir eleganti\u0161k\u0105 vaizd\u0105.<\/p>\n<p>Baltas blizgus fasadas suteikia virtuvei didesn\u0117s ir \u0161viesesn\u0117s \u012fsp\u016bd\u017eio, sukuria gaivumo ir harmonijos atmosfer\u0105. Paprastas dizainas leid\u017eia spintelei puikiai dera tiek prie modernaus, tiek prie tradicinio virtuv\u0117s dizaino, suteikia subtilaus \u017eavesio ir klas\u0117s.<\/p>\n<p>\u0160ios spintel\u0117s funkcionalumas patenkins net ir reikliausius vartotojus. Gerai apgalvotas interjero dizainas su didele daikt\u0173 laikymo vieta palengvina virtuv\u0117s organizavim\u0105, tvarkos palaikym\u0105 ir lengv\u0105 prieig\u0105 prie b\u016btiniausi\u0173 kasdieni\u0173 daikt\u0173. Tai puikus sprendimas tiems, kurie vertina patogum\u0105 ir estetik\u0105 viename.<\/p>\n<p>Pagaminta i\u0161 auk\u0161tos kokyb\u0117s MDF plok\u0161t\u0117s, \u0161i spintel\u0117 yra labai patvari ir atspari kasdieniam naudojimui. Savaime u\u017esidarantys vyriai dar labiau padidina komfort\u0105, u\u017etikrindami skland\u0173 ir tyl\u0173 dur\u0173 u\u017edarym\u0105. Surinkimas patiems leid\u017eia kiekvienam m\u0117gautis rankomis surinkto baldo teikiamu pasitenkinimu.<\/p>\n<p>Pasirinkdami G80 vir\u0161utin\u0119 virtuv\u0117s spintel\u0119, investuojate \u012f gamin\u012f, kuris tarnaus ilgus metus, derindamas rafinuot\u0105 stili\u0173 su i\u0161skirtiniu prakti\u0161kumu, puikiai papildydamas bet kurios modernios virtuv\u0117s atmosfer\u0105.<\/p>","protected":false},"excerpt":{"rendered":"<p>Plotis (cm): 80<br \/>\n\u016agis (cm): 72<br \/>\nGylis (cm): 32<\/p>","protected":false},"featured_media":156798,"comment_status":"open","ping_status":"open","template":"","meta":[],"product_brand":[],"product_cat":[9445,4106,9118],"product_tag":[],"class_list":{"0":"post-157352","1":"product","2":"type-product","3":"status-publish","4":"has-post-thumbnail","6":"product_cat-kitchen-system-aspen-white","7":"product_cat-gala-meble","8":"product_cat-kitchen-cabinets","10":"first","11":"instock","12":"purchasable","13":"product-type-simple"},"_links":{"self":[{"href":"https:\/\/baldumarket.lt\/lt\/wp-json\/wp\/v2\/product\/157352","targetHints":{"allow":["GET"]}}],"collection":[{"href":"https:\/\/baldumarket.lt\/lt\/wp-json\/wp\/v2\/product"}],"about":[{"href":"https:\/\/baldumarket.lt\/lt\/wp-json\/wp\/v2\/types\/product"}],"replies":[{"embeddable":true,"href":"https:\/\/baldumarket.lt\/lt\/wp-json\/wp\/v2\/comments?post=157352"}],"wp:featuredmedia":[{"embeddable":true,"href":"https:\/\/baldumarket.lt\/lt\/wp-json\/wp\/v2\/media\/156798"}],"wp:attachment":[{"href":"https:\/\/baldumarket.lt\/lt\/wp-json\/wp\/v2\/media?parent=157352"}],"wp:term":[{"taxonomy":"product_brand","embeddable":true,"href":"https:\/\/baldumarket.lt\/lt\/wp-json\/wp\/v2\/product_brand?post=157352"},{"taxonomy":"product_cat","embeddable":true,"href":"https:\/\/baldumarket.lt\/lt\/wp-json\/wp\/v2\/product_cat?post=157352"},{"taxonomy":"product_tag","embeddable":true,"href":"https:\/\/baldumarket.lt\/lt\/wp-json\/wp\/v2\/product_tag?post=157352"}],"curies":[{"name":"wp","href":"https:\/\/api.w.org\/{rel}","templated":true}]}}