{"id":157348,"date":"2025-12-18T23:27:25","date_gmt":"2025-12-18T20:27:25","guid":{"rendered":"https:\/\/baldumarket.lt\/product\/szafka-kuchenna-gorna-2-drzwiowa-g80-langen-artisan\/"},"modified":"2026-02-18T11:24:22","modified_gmt":"2026-02-18T08:24:22","slug":"szafka-kuchenna-gorna-2-drzwiowa-g80-langen-artisan","status":"publish","type":"product","link":"https:\/\/baldumarket.lt\/lt\/product\/szafka-kuchenna-gorna-2-drzwiowa-g80-langen-artisan\/","title":{"rendered":"G80 Langen Artisan 2 dur\u0173 vir\u0161utin\u0117 virtuv\u0117s spintel\u0117"},"content":{"rendered":"<p>Atraskite nat\u016bralaus med\u017eio \u017eaves\u012f su \u201eLangen Artisan G80\u201c vir\u0161utine virtuv\u0117s spintele su dviem durimis, kuri j\u016bs\u0173 interjerui suteiks \u0161ilumos ir elegancijos. \u0160i spintel\u0117, apdailinta \u201eArtisan Oak\u201c mediena, suteiks j\u016bs\u0173 virtuvei unikal\u0173 charakter\u012f. Stilingas dizainas neabejotinai pritrauks d\u0117mes\u012f ir harmoningai der\u0117s prie kit\u0173 bald\u0173. Tai puikus pasirinkimas tiems, kurie vertina minimalistin\u012f, bet jauk\u0173 stili\u0173.<\/p>\n<p>Pagaminta i\u0161 auk\u0161tos kokyb\u0117s laminuotos plok\u0161t\u0117s, \u0161i spintel\u0117 ne tik puikiai atrodo, bet ir yra patvari bei atspari kasdieniam d\u0117v\u0117jimuisi. Tai u\u017etikrina, kad \u201eLangen Artisan G80\u201c spintel\u0117 tarnaus jums daugel\u012f met\u0173 neprarandant savo funkcionalumo ar estetinio patrauklumo. \u201eArtisan Oak\u201c suteikia kiekvienam fasadui unikali\u0105 i\u0161vaizd\u0105, dar labiau sustiprindama stiling\u0105 j\u016bs\u0173 virtuv\u0117s charakter\u012f.<\/p>\n<p>\u0160ios spintel\u0117s funkcionalumas buvo kruop\u0161\u010diai sukurtas atsi\u017evelgiant \u012f kasdien\u012f naudojim\u0105. Klasikin\u0117s juodos metalin\u0117s ranken\u0117l\u0117s arba atidarymo spustel\u0117jus sistemos pasirinkimas leid\u017eia pritaikyti spintel\u0119 pagal individualius poreikius. Tai leid\u017eia bet kuriai virtuvei \u012fgyti unikal\u0173 charakter\u012f, kuriame dominuoja elegancija ir patogumas.<\/p>\n<p>\u201eLangen Artisan G80\u201c vir\u0161utin\u0119 virtuv\u0117s spintel\u0119 taip pat lengva surinkti, tod\u0117l j\u0105 galima greitai surinkti patiems. Tai puikus sprendimas tiems, kurie vertina prakti\u0161kum\u0105 ir laiko taupym\u0105. Nesvarbu, ar tik renovuojate virtuv\u0119, ar planuojate renovacij\u0105, \u0161i spintel\u0117 bus puikus pasirinkimas, derinant funkcionalum\u0105 su moderniu stiliumi.<\/p>","protected":false},"excerpt":{"rendered":"<p>Plotis (cm): 80<br \/>\n\u016agis (cm): 72<br \/>\nGylis (cm): 32<\/p>","protected":false},"featured_media":157349,"comment_status":"open","ping_status":"open","template":"","meta":[],"product_brand":[],"product_cat":[9442,4106],"product_tag":[],"class_list":{"0":"post-157348","1":"product","2":"type-product","3":"status-publish","4":"has-post-thumbnail","6":"product_cat-kitchen-system-langen-dab-artisan","7":"product_cat-gala-meble","9":"first","10":"instock","11":"purchasable","12":"product-type-simple"},"_links":{"self":[{"href":"https:\/\/baldumarket.lt\/lt\/wp-json\/wp\/v2\/product\/157348","targetHints":{"allow":["GET"]}}],"collection":[{"href":"https:\/\/baldumarket.lt\/lt\/wp-json\/wp\/v2\/product"}],"about":[{"href":"https:\/\/baldumarket.lt\/lt\/wp-json\/wp\/v2\/types\/product"}],"replies":[{"embeddable":true,"href":"https:\/\/baldumarket.lt\/lt\/wp-json\/wp\/v2\/comments?post=157348"}],"wp:featuredmedia":[{"embeddable":true,"href":"https:\/\/baldumarket.lt\/lt\/wp-json\/wp\/v2\/media\/157349"}],"wp:attachment":[{"href":"https:\/\/baldumarket.lt\/lt\/wp-json\/wp\/v2\/media?parent=157348"}],"wp:term":[{"taxonomy":"product_brand","embeddable":true,"href":"https:\/\/baldumarket.lt\/lt\/wp-json\/wp\/v2\/product_brand?post=157348"},{"taxonomy":"product_cat","embeddable":true,"href":"https:\/\/baldumarket.lt\/lt\/wp-json\/wp\/v2\/product_cat?post=157348"},{"taxonomy":"product_tag","embeddable":true,"href":"https:\/\/baldumarket.lt\/lt\/wp-json\/wp\/v2\/product_tag?post=157348"}],"curies":[{"name":"wp","href":"https:\/\/api.w.org\/{rel}","templated":true}]}}