{"id":157344,"date":"2025-12-18T23:27:18","date_gmt":"2025-12-18T20:27:18","guid":{"rendered":"https:\/\/baldumarket.lt\/product\/szafka-kuchenna-gorna-2-drzwiowa-g80-langen-beige\/"},"modified":"2026-02-18T11:24:22","modified_gmt":"2026-02-18T08:24:22","slug":"szafka-kuchenna-gorna-2-drzwiowa-g80-langen-beige","status":"publish","type":"product","link":"https:\/\/baldumarket.lt\/lt\/product\/szafka-kuchenna-gorna-2-drzwiowa-g80-langen-beige\/","title":{"rendered":"Vir\u0161utin\u0117 2 dur\u0173 virtuv\u0117s spintel\u0117 G80 Langen Beige"},"content":{"rendered":"<p>Atraskite elegancij\u0105 ir funkcionalum\u0105 viename \u2013 garsaus \u201eGa\u0142a Meble\u201c prek\u0117s \u017eenklo dvidur\u0117 vir\u0161utin\u0117 virtuv\u0117s spintel\u0117 \u201eG80 Langen Beige\u201c yra puikus pasirinkimas bet kuriai moderniai virtuvei. Subtilus, matin\u0117s sm\u0117lio spalvos fasadas harmoningai papildo \u201eArtisan Oak\u201c korpus\u0105, sukurdamas tobul\u0105 nat\u016bralumo ir modernaus stiliaus derin\u012f. \u0160is sprendimas ne tik \u017eavi savo i\u0161vaizda, bet, svarbiausia, puikiai dera prie bet kokio interjero. Unikalus \u201eG80 Langen\u201c spintel\u0117s dizainas garantuoja ne tik esteti\u0161kai patraukl\u0173 vaizd\u0105, bet ir prakti\u0161kum\u0105, kuriuo galite pasikliauti kiekvien\u0105 dien\u0105. Dvidur\u0117 sistema leid\u017eia lengvai pasiekti kasdienius produktus ir indus, o tvirta MDF konstrukcija u\u017etikrina patvarum\u0105 ir tvirtum\u0105 ilgus metus. Idealus pasirinkimas tiems, kurie vertina erdv\u0119 ir tvark\u0105 savo virtuv\u0117je. Surinkimas yra paprastas ir be r\u016bpes\u010di\u0173, tod\u0117l galite greitai ir savaranki\u0161kai susikurti savo svajoni\u0173 virtuv\u0119. Juodos metalin\u0117s rankenos suteikia modernumo, pabr\u0117\u017eia \u0161io baldo unikalum\u0105 ir elegancij\u0105. D\u0117l savo universalumo \u201eLangen\u201c spintel\u0117 puikiai tiks \u012fvairiuose i\u0161d\u0117stymuose \u2013 nuo minimalistinio iki klasikinio.<\/p>","protected":false},"excerpt":{"rendered":"<p>Plotis (cm): 80<br \/>\n\u016agis (cm): 72<br \/>\nGylis (cm): 32<\/p>","protected":false},"featured_media":156808,"comment_status":"open","ping_status":"open","template":"","meta":[],"product_brand":[],"product_cat":[9442,4106],"product_tag":[],"class_list":{"0":"post-157344","1":"product","2":"type-product","3":"status-publish","4":"has-post-thumbnail","6":"product_cat-kitchen-system-langen-dab-artisan","7":"product_cat-gala-meble","9":"first","10":"instock","11":"purchasable","12":"product-type-simple"},"_links":{"self":[{"href":"https:\/\/baldumarket.lt\/lt\/wp-json\/wp\/v2\/product\/157344","targetHints":{"allow":["GET"]}}],"collection":[{"href":"https:\/\/baldumarket.lt\/lt\/wp-json\/wp\/v2\/product"}],"about":[{"href":"https:\/\/baldumarket.lt\/lt\/wp-json\/wp\/v2\/types\/product"}],"replies":[{"embeddable":true,"href":"https:\/\/baldumarket.lt\/lt\/wp-json\/wp\/v2\/comments?post=157344"}],"wp:featuredmedia":[{"embeddable":true,"href":"https:\/\/baldumarket.lt\/lt\/wp-json\/wp\/v2\/media\/156808"}],"wp:attachment":[{"href":"https:\/\/baldumarket.lt\/lt\/wp-json\/wp\/v2\/media?parent=157344"}],"wp:term":[{"taxonomy":"product_brand","embeddable":true,"href":"https:\/\/baldumarket.lt\/lt\/wp-json\/wp\/v2\/product_brand?post=157344"},{"taxonomy":"product_cat","embeddable":true,"href":"https:\/\/baldumarket.lt\/lt\/wp-json\/wp\/v2\/product_cat?post=157344"},{"taxonomy":"product_tag","embeddable":true,"href":"https:\/\/baldumarket.lt\/lt\/wp-json\/wp\/v2\/product_tag?post=157344"}],"curies":[{"name":"wp","href":"https:\/\/api.w.org\/{rel}","templated":true}]}}