{"id":157340,"date":"2025-12-18T23:27:10","date_gmt":"2025-12-18T20:27:10","guid":{"rendered":"https:\/\/baldumarket.lt\/product\/szafka-kuchenna-gorna-2-drzwiowa-g80-langen-grey\/"},"modified":"2026-02-18T11:24:22","modified_gmt":"2026-02-18T08:24:22","slug":"szafka-kuchenna-gorna-2-drzwiowa-g80-langen-grey","status":"publish","type":"product","link":"https:\/\/baldumarket.lt\/lt\/product\/szafka-kuchenna-gorna-2-drzwiowa-g80-langen-grey\/","title":{"rendered":"Vir\u0161utin\u0117 2 dur\u0173 virtuv\u0117s spintel\u0117 G80 Langen Grey"},"content":{"rendered":"<p>Suteikite savo virtuvei modernumo su eleganti\u0161ka G80 Langen Grey pakabinama spintele i\u0161 garsaus \u201eGa\u0142a Meble\u201c prek\u0117s \u017eenklo. \u0160i dviej\u0173 dur\u0173 spintel\u0117 derina nesenstant\u012f dizain\u0105 ir prakti\u0161kum\u0105, tod\u0117l harmoningai \u012fsilieja \u012f bet kok\u012f virtuv\u0117s dizain\u0105. Pilkos ir dirbtinio \u0105\u017euolo atspalviai sukuria ne\u012ftik\u0117tinai stiling\u0105 spalv\u0173 derin\u012f, kuris tikrai pritrauks kiekvieno sve\u010dio ak\u012f.<\/p>\n<p>Matin\u0117s, subtiliai pilkos spalvos priekin\u0117s apdailos G80 spintel\u0117 j\u016bs\u0173 interjerui suteiks elegancijos ir ramyb\u0117s. \u0160i spalva dera tiek su moderniomis, tiek su klasikin\u0117mis virtuv\u0117mis, suteikdama unikalaus charakterio. Kita vertus, meni\u0161ko \u0105\u017euolo korpusas suteikia \u0161ilumos ir nat\u016bralumo, tod\u0117l \u0161i spintel\u0117 yra idealus pasirinkimas tiems, kurie vertina komfort\u0105 ir estetik\u0105.<\/p>\n<p>\u201eLangen Grey\u201c spintel\u0117 taip pat pasi\u017eymi puikiu funkcionalumu, tod\u0117l kiekviena akimirka, praleista virtuv\u0117je, tampa malonesn\u0117. Patogios metalin\u0117s ranken\u0117l\u0117s eleganti\u0161kos juodos spalvos leid\u017eia lengviau ir patogiau atidaryti spintel\u0119. Arba galite pasirinkti atidarymo sistem\u0105 be ranken\u0117li\u0173, kuri dar labiau sustiprins j\u016bs\u0173 virtuv\u0117s erdv\u0117s elegancij\u0105.<\/p>\n<p>Prakti\u0161ki matmenys \u2013 80 cm plo\u010dio, 72 cm auk\u0161\u010dio ir 32 cm gylio \u2013 daro \u0161i\u0105 spintel\u0119 puikiu sprendimu laikyti b\u016btiniausius virtuv\u0117s daiktus. Pagaminta i\u0161 sm\u016bgiams atsparios MDF ir laminuotos plok\u0161t\u0117s, ji tarnaus ilgai ir bus be r\u016bpes\u010di\u0173. Pasirink\u0119 j\u0105 surinkti patys, gal\u0117site pajusti pasitenkinim\u0105 kiekviena savo virtuv\u0117s detale.<\/p>","protected":false},"excerpt":{"rendered":"<p>Plotis (cm): 80<br \/>\n\u016agis (cm): 72<br \/>\nGylis (cm): 32<\/p>","protected":false},"featured_media":157341,"comment_status":"open","ping_status":"open","template":"","meta":[],"product_brand":[],"product_cat":[9442,4106],"product_tag":[],"class_list":{"0":"post-157340","1":"product","2":"type-product","3":"status-publish","4":"has-post-thumbnail","6":"product_cat-kitchen-system-langen-dab-artisan","7":"product_cat-gala-meble","9":"first","10":"instock","11":"purchasable","12":"product-type-simple"},"_links":{"self":[{"href":"https:\/\/baldumarket.lt\/lt\/wp-json\/wp\/v2\/product\/157340","targetHints":{"allow":["GET"]}}],"collection":[{"href":"https:\/\/baldumarket.lt\/lt\/wp-json\/wp\/v2\/product"}],"about":[{"href":"https:\/\/baldumarket.lt\/lt\/wp-json\/wp\/v2\/types\/product"}],"replies":[{"embeddable":true,"href":"https:\/\/baldumarket.lt\/lt\/wp-json\/wp\/v2\/comments?post=157340"}],"wp:featuredmedia":[{"embeddable":true,"href":"https:\/\/baldumarket.lt\/lt\/wp-json\/wp\/v2\/media\/157341"}],"wp:attachment":[{"href":"https:\/\/baldumarket.lt\/lt\/wp-json\/wp\/v2\/media?parent=157340"}],"wp:term":[{"taxonomy":"product_brand","embeddable":true,"href":"https:\/\/baldumarket.lt\/lt\/wp-json\/wp\/v2\/product_brand?post=157340"},{"taxonomy":"product_cat","embeddable":true,"href":"https:\/\/baldumarket.lt\/lt\/wp-json\/wp\/v2\/product_cat?post=157340"},{"taxonomy":"product_tag","embeddable":true,"href":"https:\/\/baldumarket.lt\/lt\/wp-json\/wp\/v2\/product_tag?post=157340"}],"curies":[{"name":"wp","href":"https:\/\/api.w.org\/{rel}","templated":true}]}}