{"id":157335,"date":"2025-12-18T23:27:00","date_gmt":"2025-12-18T20:27:00","guid":{"rendered":"https:\/\/baldumarket.lt\/product\/szafka-kuchenna-gorna-2-drzwiowa-g80-linea-grey-szary-mat\/"},"modified":"2026-02-18T11:33:31","modified_gmt":"2026-02-18T08:33:31","slug":"szafka-kuchenna-gorna-2-drzwiowa-g80-linea-grey-szary-mat","status":"publish","type":"product","link":"https:\/\/baldumarket.lt\/lt\/product\/szafka-kuchenna-gorna-2-drzwiowa-g80-linea-grey-szary-mat\/","title":{"rendered":"G80 Linea pilka 2 dur\u0173 vir\u0161utin\u0117 virtuv\u0117s spintel\u0117"},"content":{"rendered":"<p>Atraskite nauj\u0105 elegancijos ir prakti\u0161kumo apibr\u0117\u017eim\u0105 su m\u016bs\u0173 G80 Linea Grey 2 dur\u0173 vir\u0161utine virtuv\u0117s spintele. D\u0117l rafinuoto matin\u0117s pilkos ir subtilaus matin\u0117s baltos spalv\u0173 derinio \u0161is baldas puikiai pabr\u0117\u017eia modern\u0173 j\u016bs\u0173 virtuv\u0117s stili\u0173, suteikdamas erdvei harmonijos ir estetikos. Linea Grey spintel\u0117 yra ne tik estetinis \u0161edevras, bet ir funkcionalus sprendimas, padedantis kasdien\u0119 organizacij\u0105. D\u0117l gerai apgalvoto dizaino ir optimali\u0173 matmen\u0173 ji idealiai tinka laikyti svarbiausius virtuv\u0117s reikmenis ir kartu papuo\u0161ti interjer\u0105. Pasirinkdami \u0161\u012f model\u012f, investuojate \u012f ergonomik\u0105 ir stili\u0173, kurie bet kuri\u0105 virtuv\u0119 paver\u010dia \u012fkv\u0117pimo kupina erdve. Kruop\u0161\u010diai pagaminta i\u0161 auk\u0161tos kokyb\u0117s med\u017eiag\u0173, toki\u0173 kaip MDF, \u0161i spintel\u0117 pasi\u017eymi neprilygstamu patvarumu ir atsparumu kasdieniams i\u0161\u0161\u016bkiams. Matin\u0117 fasad\u0173 apdaila kartu su baltu laminuotu korpusu garantuoja ne tik esteti\u0161k\u0105 i\u0161vaizd\u0105, bet ir lengv\u0105 valym\u0105, o tai labai svarbu bet kurioje virtuv\u0117je.<\/p>","protected":false},"excerpt":{"rendered":"<p>Plotis (cm): 80<br \/>\n\u016agis (cm): 72<br \/>\nGylis (cm): 32<\/p>","protected":false},"featured_media":157336,"comment_status":"open","ping_status":"open","template":"","meta":[],"product_brand":[],"product_cat":[9446,4106],"product_tag":[],"class_list":{"0":"post-157335","1":"product","2":"type-product","3":"status-publish","4":"has-post-thumbnail","6":"product_cat-kitchen-system-linea-white","7":"product_cat-gala-meble","9":"first","10":"instock","11":"purchasable","12":"product-type-simple"},"_links":{"self":[{"href":"https:\/\/baldumarket.lt\/lt\/wp-json\/wp\/v2\/product\/157335","targetHints":{"allow":["GET"]}}],"collection":[{"href":"https:\/\/baldumarket.lt\/lt\/wp-json\/wp\/v2\/product"}],"about":[{"href":"https:\/\/baldumarket.lt\/lt\/wp-json\/wp\/v2\/types\/product"}],"replies":[{"embeddable":true,"href":"https:\/\/baldumarket.lt\/lt\/wp-json\/wp\/v2\/comments?post=157335"}],"wp:featuredmedia":[{"embeddable":true,"href":"https:\/\/baldumarket.lt\/lt\/wp-json\/wp\/v2\/media\/157336"}],"wp:attachment":[{"href":"https:\/\/baldumarket.lt\/lt\/wp-json\/wp\/v2\/media?parent=157335"}],"wp:term":[{"taxonomy":"product_brand","embeddable":true,"href":"https:\/\/baldumarket.lt\/lt\/wp-json\/wp\/v2\/product_brand?post=157335"},{"taxonomy":"product_cat","embeddable":true,"href":"https:\/\/baldumarket.lt\/lt\/wp-json\/wp\/v2\/product_cat?post=157335"},{"taxonomy":"product_tag","embeddable":true,"href":"https:\/\/baldumarket.lt\/lt\/wp-json\/wp\/v2\/product_tag?post=157335"}],"curies":[{"name":"wp","href":"https:\/\/api.w.org\/{rel}","templated":true}]}}