{"id":157330,"date":"2025-12-18T23:26:50","date_gmt":"2025-12-18T20:26:50","guid":{"rendered":"https:\/\/baldumarket.lt\/product\/szafka-kuchenna-gorna-2-drzwiowa-g80-linea-white-bialy-mat\/"},"modified":"2026-02-18T11:33:31","modified_gmt":"2026-02-18T08:33:31","slug":"szafka-kuchenna-gorna-2-drzwiowa-g80-linea-white-bialy-mat","status":"publish","type":"product","link":"https:\/\/baldumarket.lt\/lt\/product\/szafka-kuchenna-gorna-2-drzwiowa-g80-linea-white-bialy-mat\/","title":{"rendered":"G80 Linea balta 2 dur\u0173 vir\u0161utin\u0117 virtuv\u0117s spintel\u0117"},"content":{"rendered":"<p>Atraskite elegancij\u0105 ir funkcionalum\u0105 su m\u016bs\u0173 \u201eLinea White G80\u201c vir\u0161utine virtuv\u0117s spintele. Meistri\u0161kai precizi\u0161kai pagaminta garsaus \u201eGa\u0142a Meble\u201c prek\u0117s \u017eenklo, \u0161i spintel\u0117 pasi\u017eymi minimalistiniu dizainu ir matin\u0117s baltos spalvos apdaila, kuri puikiai papildys moderni\u0105 virtuv\u0119. Subtilios auksin\u0117s ranken\u0117l\u0117s suteikia unikalaus \u017eavesio, suteikdamos kiekvienam virtuv\u0117s elementui rafinuot\u0105 stili\u0173. \u201eLinea White G80\u201c pasi\u017eymi ne tik gro\u017eiu, bet ir prakti\u0161kumu. Erdvus vidus leid\u017eia laikyti visus b\u016btiniausius virtuv\u0117s priedus. D\u0117l lengvo surinkimo galite greitai transformuoti savo virtuv\u0119 ir m\u0117gautis moderniu bei funkcionaliu sprendimu. Matin\u0117 MDF fasad\u0173 apdaila suteikia elegancijos ir yra lengvai valoma, o tai ypa\u010d svarbu virtuv\u0117je. Auk\u0161tos kokyb\u0117s med\u017eiagos garantuoja ilgaam\u017ei\u0161kum\u0105 ir elegancij\u0105 daugel\u012f met\u0173. Laminuotos plok\u0161t\u0117s naudojimas korpusui ir MDF fasadams daro spintel\u0119 ne tik tvirt\u0105, bet ir atspari\u0105 kasdieniam naudojimui. Spintel\u0117 taip pat apr\u016bpinta \u0161velniai u\u017esidaran\u010diais vyriais, kurie padidina naudojimo patogum\u0105, nes pa\u0161alina nemalonius trankymo garsus u\u017edarant dureles.<\/p>","protected":false},"excerpt":{"rendered":"<p>Plotis (cm): 80<br \/>\n\u016agis (cm): 72<br \/>\nGylis (cm): 32<\/p>","protected":false},"featured_media":157331,"comment_status":"open","ping_status":"open","template":"","meta":[],"product_brand":[],"product_cat":[9446,4106],"product_tag":[],"class_list":{"0":"post-157330","1":"product","2":"type-product","3":"status-publish","4":"has-post-thumbnail","6":"product_cat-kitchen-system-linea-white","7":"product_cat-gala-meble","9":"first","10":"instock","11":"purchasable","12":"product-type-simple"},"_links":{"self":[{"href":"https:\/\/baldumarket.lt\/lt\/wp-json\/wp\/v2\/product\/157330","targetHints":{"allow":["GET"]}}],"collection":[{"href":"https:\/\/baldumarket.lt\/lt\/wp-json\/wp\/v2\/product"}],"about":[{"href":"https:\/\/baldumarket.lt\/lt\/wp-json\/wp\/v2\/types\/product"}],"replies":[{"embeddable":true,"href":"https:\/\/baldumarket.lt\/lt\/wp-json\/wp\/v2\/comments?post=157330"}],"wp:featuredmedia":[{"embeddable":true,"href":"https:\/\/baldumarket.lt\/lt\/wp-json\/wp\/v2\/media\/157331"}],"wp:attachment":[{"href":"https:\/\/baldumarket.lt\/lt\/wp-json\/wp\/v2\/media?parent=157330"}],"wp:term":[{"taxonomy":"product_brand","embeddable":true,"href":"https:\/\/baldumarket.lt\/lt\/wp-json\/wp\/v2\/product_brand?post=157330"},{"taxonomy":"product_cat","embeddable":true,"href":"https:\/\/baldumarket.lt\/lt\/wp-json\/wp\/v2\/product_cat?post=157330"},{"taxonomy":"product_tag","embeddable":true,"href":"https:\/\/baldumarket.lt\/lt\/wp-json\/wp\/v2\/product_tag?post=157330"}],"curies":[{"name":"wp","href":"https:\/\/api.w.org\/{rel}","templated":true}]}}