{"id":157324,"date":"2025-12-18T23:26:38","date_gmt":"2025-12-18T20:26:38","guid":{"rendered":"https:\/\/baldumarket.lt\/product\/szafka-kuchenna-gorna-2-drzwiowa-g80-prowansja-sosna-andersen-bialy-mat\/"},"modified":"2026-02-06T13:09:04","modified_gmt":"2026-02-06T10:09:04","slug":"szafka-kuchenna-gorna-2-drzwiowa-g80-prowansja-sosna-andersen-bialy-mat","status":"publish","type":"product","link":"https:\/\/baldumarket.lt\/lt\/product\/szafka-kuchenna-gorna-2-drzwiowa-g80-prowansja-sosna-andersen-bialy-mat\/","title":{"rendered":"Vir\u0161utin\u0117 2 dur\u0173 virtuv\u0117s spintel\u0117 G80 Provanso pu\u0161is Anderseno balta matin\u0117"},"content":{"rendered":"<p>Atraskite elegancij\u0105 ir funkcionalum\u0105, kur\u012f si\u016blo \u201eGa\u0142a Meble\u201c dviej\u0173 dur\u0173 vir\u0161utin\u0117 virtuv\u0117s spintel\u0117 \u201eG80 Prowansja\u201c. \u012ekv\u0117pta Provanso interjero \u017eavesio, \u0161i spintel\u0117 buvo sukurta tam, kad j\u016bs\u0173 virtuvei suteikt\u0173 klasikinio, ta\u010diau modernaus stiliaus prisilietim\u0105. Anderseno pu\u0161ies spalva suteikia priekinei daliai \u0161ilt\u0105 ir jauki\u0105 i\u0161vaizd\u0105, kuri puikiai papildo bet kok\u012f virtuv\u0117s interjer\u0105. Matin\u0117 balta apdaila suteikia spintelei subtil\u0173, ta\u010diau rafinuot\u0105 charakter\u012f, tod\u0117l erdv\u0117 atrodo \u0161viesi ir jauki. Tai puikus pasirinkimas tiems, kurie vertina ir estetik\u0105, ir funkcionalum\u0105. Spintel\u0117 skland\u017eiai dera su kitais \u201eProwansja\u201c kolekcijos elementais, sukurdama darni\u0105 ir harmoning\u0105 visum\u0105 bet kuriuose namuose. Funkcionalumas yra pagrindinis \u0161ios spintel\u0117s elementas. Savaime u\u017esidarantys vyriai u\u017etikrina, kad durel\u0117s atidaromos ir u\u017edaromos itin skland\u017eiai ir tyliai, o tai neabejotinas prana\u0161umas kasdien naudojant. Juodos metalin\u0117s rankenos suteikia spintelei modernumo, o j\u0173 ergonomi\u0161ka forma u\u017etikrina patog\u0173 naudojim\u0105.<\/p>","protected":false},"excerpt":{"rendered":"<p>Plotis (cm): 80<br \/>\n\u016agis (cm): 72<br \/>\nGylis (cm): 32<\/p>","protected":false},"featured_media":157325,"comment_status":"open","ping_status":"open","template":"","meta":[],"product_brand":[],"product_cat":[9444,9441,4106,9118],"product_tag":[],"class_list":{"0":"post-157324","1":"product","2":"type-product","3":"status-publish","4":"has-post-thumbnail","6":"product_cat-kitchen-system-prowansja-sosna-andersen","7":"product_cat-white","8":"product_cat-gala-meble","9":"product_cat-kitchen-cabinets","11":"first","12":"instock","13":"purchasable","14":"product-type-simple"},"_links":{"self":[{"href":"https:\/\/baldumarket.lt\/lt\/wp-json\/wp\/v2\/product\/157324","targetHints":{"allow":["GET"]}}],"collection":[{"href":"https:\/\/baldumarket.lt\/lt\/wp-json\/wp\/v2\/product"}],"about":[{"href":"https:\/\/baldumarket.lt\/lt\/wp-json\/wp\/v2\/types\/product"}],"replies":[{"embeddable":true,"href":"https:\/\/baldumarket.lt\/lt\/wp-json\/wp\/v2\/comments?post=157324"}],"wp:featuredmedia":[{"embeddable":true,"href":"https:\/\/baldumarket.lt\/lt\/wp-json\/wp\/v2\/media\/157325"}],"wp:attachment":[{"href":"https:\/\/baldumarket.lt\/lt\/wp-json\/wp\/v2\/media?parent=157324"}],"wp:term":[{"taxonomy":"product_brand","embeddable":true,"href":"https:\/\/baldumarket.lt\/lt\/wp-json\/wp\/v2\/product_brand?post=157324"},{"taxonomy":"product_cat","embeddable":true,"href":"https:\/\/baldumarket.lt\/lt\/wp-json\/wp\/v2\/product_cat?post=157324"},{"taxonomy":"product_tag","embeddable":true,"href":"https:\/\/baldumarket.lt\/lt\/wp-json\/wp\/v2\/product_tag?post=157324"}],"curies":[{"name":"wp","href":"https:\/\/api.w.org\/{rel}","templated":true}]}}