{"id":157319,"date":"2025-12-18T23:26:29","date_gmt":"2025-12-18T20:26:29","guid":{"rendered":"https:\/\/baldumarket.lt\/product\/szafka-kuchenna-gorna-2-drzwiowa-g80-sycylia-andersen\/"},"modified":"2026-02-06T12:47:12","modified_gmt":"2026-02-06T09:47:12","slug":"szafka-kuchenna-gorna-2-drzwiowa-g80-sycylia-andersen","status":"publish","type":"product","link":"https:\/\/baldumarket.lt\/lt\/product\/szafka-kuchenna-gorna-2-drzwiowa-g80-sycylia-andersen\/","title":{"rendered":"G80 Sicily Andersen vir\u0161utin\u0117 2 dur\u0173 virtuv\u0117s spintel\u0117"},"content":{"rendered":"<p>Pasinerkite \u012f stiliaus ir funkcionalumo harmonij\u0105, kuri\u0105 si\u016blo \u201eAndersen G80 Sicily\u201c 2 dur\u0173 vir\u0161utin\u0117 virtuv\u0117s spintel\u0117 i\u0161 \u201eGa\u0142a Meble\u201c. Eleganti\u0161ka forma, \u012fkv\u0117pta vaizding\u0173 Sicilijos kra\u0161tovaizd\u017ei\u0173, j\u016bs\u0173 virtuvei suteikia klasikinio paprastumo ir nat\u016bralaus gro\u017eio atmosfer\u0105. Subtilus \u201eAndersen\u201c pu\u0161ies atspalvis, puo\u0161iantis spinteli\u0173 fasadus, dera su klasikine balta korpusu, sukurdamas nesenstant\u012f duet\u0105, kuris pabr\u0117\u0161 j\u016bs\u0173 interjero unikalum\u0105. \u0160ios spintel\u0117s prakti\u0161kumas neturi rib\u0173. Puikiai suprojektuota taip, kad tilpt\u0173 visi j\u016bs\u0173 virtuv\u0117s reikmenys, ji si\u016blo erdvi\u0105 erdv\u0119, kuri skatina tvark\u0105. Kasdienis virtuv\u0117s organizavimas tampa malonumu, kai kiekvienas daiktas turi savo viet\u0105. Estetika ir patogumas yra neatsiejami, o unikalus \u201eGa\u0142a Meble\u201c dizainas suteikia j\u016bs\u0173 virtuvei nauj\u0105 dimensij\u0105. Puikiai suderinta su \u0161iuolaikin\u0117mis tendencijomis, \u201eAndersen G80 Sicily\u201c spintel\u0117 yra ne tik prakti\u0161kas sprendimas, bet ir rafinuotas dekoratyvinis elementas. Sidabrin\u0117s ranken\u0117l\u0117s su moderniu dizainu suteikia elegancijos, derindamos funkcionalum\u0105 su subtiliu stiliumi. Ji puikiai der\u0117s prie bet kokio interjero, suteikdama lengvumo ir gaivumo.<\/p>","protected":false},"excerpt":{"rendered":"<p>Plotis (cm): 80<br \/>\n\u016agis (cm): 72<br \/>\nGylis (cm): 32<\/p>","protected":false},"featured_media":157320,"comment_status":"open","ping_status":"open","template":"","meta":[],"product_brand":[],"product_cat":[9440,9441,4106,9118],"product_tag":[],"class_list":{"0":"post-157319","1":"product","2":"type-product","3":"status-publish","4":"has-post-thumbnail","6":"product_cat-kitchen-system-sycylia-sosna-andersen","7":"product_cat-white","8":"product_cat-gala-meble","9":"product_cat-kitchen-cabinets","11":"first","12":"instock","13":"purchasable","14":"product-type-simple"},"_links":{"self":[{"href":"https:\/\/baldumarket.lt\/lt\/wp-json\/wp\/v2\/product\/157319","targetHints":{"allow":["GET"]}}],"collection":[{"href":"https:\/\/baldumarket.lt\/lt\/wp-json\/wp\/v2\/product"}],"about":[{"href":"https:\/\/baldumarket.lt\/lt\/wp-json\/wp\/v2\/types\/product"}],"replies":[{"embeddable":true,"href":"https:\/\/baldumarket.lt\/lt\/wp-json\/wp\/v2\/comments?post=157319"}],"wp:featuredmedia":[{"embeddable":true,"href":"https:\/\/baldumarket.lt\/lt\/wp-json\/wp\/v2\/media\/157320"}],"wp:attachment":[{"href":"https:\/\/baldumarket.lt\/lt\/wp-json\/wp\/v2\/media?parent=157319"}],"wp:term":[{"taxonomy":"product_brand","embeddable":true,"href":"https:\/\/baldumarket.lt\/lt\/wp-json\/wp\/v2\/product_brand?post=157319"},{"taxonomy":"product_cat","embeddable":true,"href":"https:\/\/baldumarket.lt\/lt\/wp-json\/wp\/v2\/product_cat?post=157319"},{"taxonomy":"product_tag","embeddable":true,"href":"https:\/\/baldumarket.lt\/lt\/wp-json\/wp\/v2\/product_tag?post=157319"}],"curies":[{"name":"wp","href":"https:\/\/api.w.org\/{rel}","templated":true}]}}