{"id":157314,"date":"2025-12-18T23:26:19","date_gmt":"2025-12-18T20:26:19","guid":{"rendered":"https:\/\/baldumarket.lt\/product\/szafka-kuchenna-gorna-2-drzwiowa-g80-sycylia-orzech\/"},"modified":"2026-02-06T14:32:53","modified_gmt":"2026-02-06T11:32:53","slug":"szafka-kuchenna-gorna-2-drzwiowa-g80-sycylia-orzech","status":"publish","type":"product","link":"https:\/\/baldumarket.lt\/lt\/product\/szafka-kuchenna-gorna-2-drzwiowa-g80-sycylia-orzech\/","title":{"rendered":"Vir\u0161utin\u0117 2 dur\u0173 virtuv\u0117s spintel\u0117 G80 Sicily Walnut"},"content":{"rendered":"<p>Suteikite savo virtuvei elegancijos ir funkcionalumo su garsaus \u201eGa\u0142a Meble\u201c prek\u0117s \u017eenklo \u201eSicylia\u201c kolekcijos vir\u0161utine virtuv\u0117s spintele. Gra\u017eus \u201eMilano Walnut\u201c dizainas suteiks bet kokiam interjerui \u0161ilt\u0105 ir klasikin\u012f charakter\u012f. \u0160is sprendimas puikiai dera su \u012fvairiais interjero stiliais \u2013 nuo tradicinio iki modernaus, sukurdamas harmoning\u0105 visum\u0105. Nesenstan\u010di\u0105 spintel\u0117s i\u0161vaizd\u0105 pary\u0161kina apgalvotas funkcionalumas. D\u0117l optimali\u0173 matmen\u0173 (80 cm plo\u010dio, 72 cm auk\u0161\u010dio ir 32 cm gylio) ji puikiai tiks bet kurioje virtuv\u0117je, suteikdama pakankamai vietos j\u016bs\u0173 svarbiausiems virtuv\u0117s reikmenims. MDF priekin\u0117 plok\u0161t\u0117 atrodo eleganti\u0161kai ir tvirtai, tod\u0117l gal\u0117site m\u0117gautis jos estetika ir patvarumu ilgus metus. Detal\u0117s svarbios, tod\u0117l sidabrin\u0117 plastikin\u0117 rankena suteikia spintelei modern\u0173, ta\u010diau subtil\u0173 akcent\u0105. Kiekvienas spintel\u0117s atidarymas ir u\u017edarymas bus malonumas d\u0117l tiksliai suprojektuot\u0173 element\u0173. \u0160i detal\u0117 paver\u010dia vir\u0161utin\u0119 spintel\u0119 ne tik prakti\u0161ka, bet ir stilingu j\u016bs\u0173 virtuv\u0117s papildymu.<\/p>","protected":false},"excerpt":{"rendered":"<p>Plotis (cm): 80<br \/>\n\u016agis (cm): 72<br \/>\nGylis (cm): 32<\/p>","protected":false},"featured_media":157315,"comment_status":"open","ping_status":"open","template":"","meta":[],"product_brand":[],"product_cat":[9450,4106,9118],"product_tag":[],"class_list":{"0":"post-157314","1":"product","2":"type-product","3":"status-publish","4":"has-post-thumbnail","6":"product_cat-kitchen-system-sycylia-orzech-milano","7":"product_cat-gala-meble","8":"product_cat-kitchen-cabinets","10":"first","11":"instock","12":"purchasable","13":"product-type-simple"},"_links":{"self":[{"href":"https:\/\/baldumarket.lt\/lt\/wp-json\/wp\/v2\/product\/157314","targetHints":{"allow":["GET"]}}],"collection":[{"href":"https:\/\/baldumarket.lt\/lt\/wp-json\/wp\/v2\/product"}],"about":[{"href":"https:\/\/baldumarket.lt\/lt\/wp-json\/wp\/v2\/types\/product"}],"replies":[{"embeddable":true,"href":"https:\/\/baldumarket.lt\/lt\/wp-json\/wp\/v2\/comments?post=157314"}],"wp:featuredmedia":[{"embeddable":true,"href":"https:\/\/baldumarket.lt\/lt\/wp-json\/wp\/v2\/media\/157315"}],"wp:attachment":[{"href":"https:\/\/baldumarket.lt\/lt\/wp-json\/wp\/v2\/media?parent=157314"}],"wp:term":[{"taxonomy":"product_brand","embeddable":true,"href":"https:\/\/baldumarket.lt\/lt\/wp-json\/wp\/v2\/product_brand?post=157314"},{"taxonomy":"product_cat","embeddable":true,"href":"https:\/\/baldumarket.lt\/lt\/wp-json\/wp\/v2\/product_cat?post=157314"},{"taxonomy":"product_tag","embeddable":true,"href":"https:\/\/baldumarket.lt\/lt\/wp-json\/wp\/v2\/product_tag?post=157314"}],"curies":[{"name":"wp","href":"https:\/\/api.w.org\/{rel}","templated":true}]}}