{"id":157309,"date":"2025-12-18T23:26:09","date_gmt":"2025-12-18T20:26:09","guid":{"rendered":"https:\/\/baldumarket.lt\/product\/szafka-kuchenna-gorna-2-drzwiowa-z-ociekarka-g80c-aspen-grey-szary-polysk\/"},"modified":"2026-02-08T11:25:57","modified_gmt":"2026-02-08T08:25:57","slug":"szafka-kuchenna-gorna-2-drzwiowa-z-ociekarka-g80c-aspen-grey-szary-polysk","status":"publish","type":"product","link":"https:\/\/baldumarket.lt\/lt\/product\/szafka-kuchenna-gorna-2-drzwiowa-z-ociekarka-g80c-aspen-grey-szary-polysk\/","title":{"rendered":"G80C drebul\u0117s pilkos spalvos blizgi 2 dur\u0173 vir\u0161utin\u0117 virtuv\u0117s spintel\u0117 su d\u017eiovykle"},"content":{"rendered":"<p>Atraskite eleganti\u0161k\u0105 tobulum\u0105 savo virtuv\u0117je su \u201eAspen Grey\u201c vir\u0161utine virtuv\u0117s spintele. \u0160i unikali, dviej\u0173 dur\u0173 spintel\u0117 blizgaus pilko atspalvio i\u0161 \u201eGa\u0142a Meble\u201c taps ne tik funkcionaliu elementu, bet ir stilingu bet kokio interjero akcentu. Ji grak\u0161\u010diai derina nesenstant\u012f dizain\u0105 su \u0161iuolaikine estetika, sukurdama tobul\u0105 daikt\u0173 laikymo viet\u0105 moderniam interjerui. Minimalistinis \u201eAspen Grey\u201c spintel\u0117s \u017eavesys paver\u010dia j\u0105 baldu, kuris puikiai dera prie \u012fvairi\u0173 interjero dizain\u0173. Blizgus pilkas MDF fasadas suteikia interjerui elegancijos, o matin\u0117s baltos spalvos korpusas harmoningai \u012fsilieja \u012f bendr\u0105 dizain\u0105, suteikdamas lengvumo ir subtilumo poj\u016bt\u012f. \u0160is baldas ne tik atrodo madingai, bet ir lengvai dera su kitais dekoro elementais. Padarykite savo virtuv\u0119 funkcionalesn\u0119 su \u0161ios spintel\u0117s i\u0161maniu dizainu. Vidinis d\u017eiovykl\u0117 yra prakti\u0161kas sprendimas, leid\u017eiantis patogiai d\u017eiovinti indus ir suma\u017einti netvark\u0105. D\u0117l \u012fmontuot\u0173 savaime u\u017esidaran\u010di\u0173 vyri\u0173 durel\u0117s u\u017esidaro skland\u017eiai ir tyliai, o tai padidina kasdienio naudojimo patogum\u0105.<\/p>","protected":false},"excerpt":{"rendered":"<p>Plotis (cm): 80<br \/>\n\u016agis (cm): 72<br \/>\nGylis (cm): 32<\/p>","protected":false},"featured_media":157310,"comment_status":"open","ping_status":"open","template":"","meta":[],"product_brand":[],"product_cat":[9451,4106,9118],"product_tag":[],"class_list":{"0":"post-157309","1":"product","2":"type-product","3":"status-publish","4":"has-post-thumbnail","6":"product_cat-kitchen-system-aspen-grey","7":"product_cat-gala-meble","8":"product_cat-kitchen-cabinets","10":"first","11":"instock","12":"purchasable","13":"product-type-simple"},"_links":{"self":[{"href":"https:\/\/baldumarket.lt\/lt\/wp-json\/wp\/v2\/product\/157309","targetHints":{"allow":["GET"]}}],"collection":[{"href":"https:\/\/baldumarket.lt\/lt\/wp-json\/wp\/v2\/product"}],"about":[{"href":"https:\/\/baldumarket.lt\/lt\/wp-json\/wp\/v2\/types\/product"}],"replies":[{"embeddable":true,"href":"https:\/\/baldumarket.lt\/lt\/wp-json\/wp\/v2\/comments?post=157309"}],"wp:featuredmedia":[{"embeddable":true,"href":"https:\/\/baldumarket.lt\/lt\/wp-json\/wp\/v2\/media\/157310"}],"wp:attachment":[{"href":"https:\/\/baldumarket.lt\/lt\/wp-json\/wp\/v2\/media?parent=157309"}],"wp:term":[{"taxonomy":"product_brand","embeddable":true,"href":"https:\/\/baldumarket.lt\/lt\/wp-json\/wp\/v2\/product_brand?post=157309"},{"taxonomy":"product_cat","embeddable":true,"href":"https:\/\/baldumarket.lt\/lt\/wp-json\/wp\/v2\/product_cat?post=157309"},{"taxonomy":"product_tag","embeddable":true,"href":"https:\/\/baldumarket.lt\/lt\/wp-json\/wp\/v2\/product_tag?post=157309"}],"curies":[{"name":"wp","href":"https:\/\/api.w.org\/{rel}","templated":true}]}}