{"id":157305,"date":"2025-12-18T23:26:01","date_gmt":"2025-12-18T20:26:01","guid":{"rendered":"https:\/\/baldumarket.lt\/product\/szafka-kuchenna-gorna-2-drzwiowa-z-ociekarka-g80c-aspen-white-bialy-polysk\/"},"modified":"2026-02-18T11:30:34","modified_gmt":"2026-02-18T08:30:34","slug":"szafka-kuchenna-gorna-2-drzwiowa-z-ociekarka-g80c-aspen-white-bialy-polysk","status":"publish","type":"product","link":"https:\/\/baldumarket.lt\/lt\/product\/szafka-kuchenna-gorna-2-drzwiowa-z-ociekarka-g80c-aspen-white-bialy-polysk\/","title":{"rendered":"G80C Aspen White blizgi 2 dur\u0173 vir\u0161utin\u0117 virtuv\u0117s spintel\u0117 su d\u017eiovykle"},"content":{"rendered":"<p>Atraskite elegancij\u0105 ir modernum\u0105, kur\u012f \u012f j\u016bs\u0173 virtuv\u0119 atne\u0161a \u201eGa\u0142a Meble\u201c G80C \u201eAspen White\u201c vir\u0161utin\u0117 spintel\u0117 su d\u017eiovykle. Jos blizgi balta priekin\u0117 dalis papildo bet kok\u012f interjer\u0105, perteikdama spindes\u012f ir gaivum\u0105, kuri\u0173 trok\u0161tama moderniuose virtuv\u0117s dizainuose. Gra\u017eiai suprojektuota ji puikiai tinka kaip dekoratyvinis elementas, traukiantis ak\u012f ir skatinantis praleisti laik\u0105 savo nam\u0173 \u0161irdyje.<\/p>\n<p>Be estetinio patrauklumo, \u0161i funkcionali spintel\u0117 puikiai tinka kasdieniam naudojimui. Viduje patogu laikyti indus, o viduje esanti d\u017eiovykl\u0117 leid\u017eia lengviau i\u0161d\u017eiovinti l\u0117k\u0161tes ir stiklines, nereikia papildomos vietos stalvir\u0161yje. \u0160is prakti\u0161kas sprendimas virtuv\u0117s darbus padaro ma\u017eiau varginan\u010dius ir labiau organizuotus.<\/p>\n<p>\u201eG80C Aspen White\u201c spintel\u0117 taip pat pasi\u017eymi tvirta konstrukcija, pagaminta i\u0161 toki\u0173 med\u017eiag\u0173 kaip MDF ir laminuota plok\u0161t\u0117, u\u017etikrinan\u010dia jos patvarum\u0105 ir stabilum\u0105. \u0160is baldas buvo sukurtas galvojant apie ilgalaik\u012f naudojim\u0105, idealiai tinka kasdieniam \u0161eimos gyvenimui. Savaime u\u017esidarantys vyriai suteikia komforto ir saugumo, pa\u0161alina gars\u0173 girg\u017ed\u0117jim\u0105 ir u\u017etikrina skland\u0173 veikim\u0105.<\/p>\n<p>Pasidaryti tai patiems yra paprastas ir malonus procesas, leid\u017eiantis m\u0117gautis nauja investicija be joki\u0173 papildom\u0173 r\u016bpes\u010di\u0173. Pasirinkdami \u0161\u012f model\u012f, investuojate ne tik \u012f funkcionalum\u0105, bet ir \u012f stili\u0173, kuris yra modernaus virtuv\u0117s dizaino prie\u0161akyje. Suteikite savo interjerui prabangos su \u0161ia gra\u017eia spintele, kuri taps nepakei\u010diama j\u016bs\u0173 virtuv\u0117s dalimi.<\/p>","protected":false},"excerpt":{"rendered":"<p>Plotis (cm): 80<br \/>\n\u016agis (cm): 72<br \/>\nGylis (cm): 32<\/p>","protected":false},"featured_media":157306,"comment_status":"open","ping_status":"open","template":"","meta":[],"product_brand":[],"product_cat":[9445,4106],"product_tag":[],"class_list":{"0":"post-157305","1":"product","2":"type-product","3":"status-publish","4":"has-post-thumbnail","6":"product_cat-kitchen-system-aspen-white","7":"product_cat-gala-meble","9":"first","10":"instock","11":"purchasable","12":"product-type-simple"},"_links":{"self":[{"href":"https:\/\/baldumarket.lt\/lt\/wp-json\/wp\/v2\/product\/157305","targetHints":{"allow":["GET"]}}],"collection":[{"href":"https:\/\/baldumarket.lt\/lt\/wp-json\/wp\/v2\/product"}],"about":[{"href":"https:\/\/baldumarket.lt\/lt\/wp-json\/wp\/v2\/types\/product"}],"replies":[{"embeddable":true,"href":"https:\/\/baldumarket.lt\/lt\/wp-json\/wp\/v2\/comments?post=157305"}],"wp:featuredmedia":[{"embeddable":true,"href":"https:\/\/baldumarket.lt\/lt\/wp-json\/wp\/v2\/media\/157306"}],"wp:attachment":[{"href":"https:\/\/baldumarket.lt\/lt\/wp-json\/wp\/v2\/media?parent=157305"}],"wp:term":[{"taxonomy":"product_brand","embeddable":true,"href":"https:\/\/baldumarket.lt\/lt\/wp-json\/wp\/v2\/product_brand?post=157305"},{"taxonomy":"product_cat","embeddable":true,"href":"https:\/\/baldumarket.lt\/lt\/wp-json\/wp\/v2\/product_cat?post=157305"},{"taxonomy":"product_tag","embeddable":true,"href":"https:\/\/baldumarket.lt\/lt\/wp-json\/wp\/v2\/product_tag?post=157305"}],"curies":[{"name":"wp","href":"https:\/\/api.w.org\/{rel}","templated":true}]}}