{"id":157300,"date":"2025-12-18T23:25:52","date_gmt":"2025-12-18T20:25:52","guid":{"rendered":"https:\/\/baldumarket.lt\/product\/szafka-kuchenna-gorna-2-drzwiowa-z-ociekarka-g80c-linea-grey-szary-mat\/"},"modified":"2026-02-18T11:33:31","modified_gmt":"2026-02-18T08:33:31","slug":"szafka-kuchenna-gorna-2-drzwiowa-z-ociekarka-g80c-linea-grey-szary-mat","status":"publish","type":"product","link":"https:\/\/baldumarket.lt\/lt\/product\/szafka-kuchenna-gorna-2-drzwiowa-z-ociekarka-g80c-linea-grey-szary-mat\/","title":{"rendered":"G80C Linea pilka matin\u0117 2 dur\u0173 vir\u0161utin\u0117 virtuv\u0117s spintel\u0117 su d\u017eiovykle"},"content":{"rendered":"<p>\u201eGa\u0142a Meble\u201c \u201eLinea Grey\u201c kolekcijos vir\u0161utin\u0117 2 dur\u0173 virtuv\u0117s spintel\u0117 G80C su d\u017eiovykle \u2013 puikus pasirinkimas tiems, kurie vertina modern\u0173 stili\u0173 ir prakti\u0161kus sprendimus. D\u0117l eleganti\u0161k\u0173, pilkai blizgi\u0173 fasad\u0173 ji suteikia virtuvei prabangos ir rafinuotumo, harmoningai dera su matin\u0117s baltos spalvos korpusu. \u0160is baldas ne tik puo\u0161ia, bet ir puikiai atlieka savo funkcij\u0105. \u0160i virtuv\u0117s spintel\u0117 yra ne tik estetinis papildymas, bet ir prakti\u0161kas virtuv\u0117s \u012frenginys. \u012erengta d\u017eiovykla leid\u017eia patogiai ir efektyviai laikyti indus, taupant laik\u0105 ir viet\u0105. D\u0117l ideali\u0173 proporcij\u0173 (80 cm plo\u010dio, 72 cm auk\u0161\u010dio ir 32 cm gylio) spintel\u0117 puikiai tinka net ma\u017eesn\u0117se virtuv\u0117se, u\u017etikrinant maksimal\u0173 turimos erdv\u0117s i\u0161naudojim\u0105. \u201eLinea Grey\u201c baldai pasi\u017eymi tvirta konstrukcija, u\u017etikrinan\u010dia ilgaam\u017ei\u0161kum\u0105 ir patikimum\u0105 kasdien naudojant. MDF fasadai ir laminuotos plok\u0161t\u0117s korpusas garantuoja patvarum\u0105 ir atsparum\u0105 pa\u017eeidimams. Savaime u\u017esidarantys vyriai suteikia patogumo naudoti, o savaiminis surinkimas leid\u017eia greitai ir be vargo surinkti baldus.<\/p>","protected":false},"excerpt":{"rendered":"<p>Plotis (cm): 80<br \/>\n\u016agis (cm): 72<br \/>\nGylis (cm): 32<\/p>","protected":false},"featured_media":157301,"comment_status":"open","ping_status":"open","template":"","meta":[],"product_brand":[],"product_cat":[9446,4106],"product_tag":[],"class_list":{"0":"post-157300","1":"product","2":"type-product","3":"status-publish","4":"has-post-thumbnail","6":"product_cat-kitchen-system-linea-white","7":"product_cat-gala-meble","9":"first","10":"instock","11":"purchasable","12":"product-type-simple"},"_links":{"self":[{"href":"https:\/\/baldumarket.lt\/lt\/wp-json\/wp\/v2\/product\/157300","targetHints":{"allow":["GET"]}}],"collection":[{"href":"https:\/\/baldumarket.lt\/lt\/wp-json\/wp\/v2\/product"}],"about":[{"href":"https:\/\/baldumarket.lt\/lt\/wp-json\/wp\/v2\/types\/product"}],"replies":[{"embeddable":true,"href":"https:\/\/baldumarket.lt\/lt\/wp-json\/wp\/v2\/comments?post=157300"}],"wp:featuredmedia":[{"embeddable":true,"href":"https:\/\/baldumarket.lt\/lt\/wp-json\/wp\/v2\/media\/157301"}],"wp:attachment":[{"href":"https:\/\/baldumarket.lt\/lt\/wp-json\/wp\/v2\/media?parent=157300"}],"wp:term":[{"taxonomy":"product_brand","embeddable":true,"href":"https:\/\/baldumarket.lt\/lt\/wp-json\/wp\/v2\/product_brand?post=157300"},{"taxonomy":"product_cat","embeddable":true,"href":"https:\/\/baldumarket.lt\/lt\/wp-json\/wp\/v2\/product_cat?post=157300"},{"taxonomy":"product_tag","embeddable":true,"href":"https:\/\/baldumarket.lt\/lt\/wp-json\/wp\/v2\/product_tag?post=157300"}],"curies":[{"name":"wp","href":"https:\/\/api.w.org\/{rel}","templated":true}]}}