{"id":157295,"date":"2025-12-18T23:25:42","date_gmt":"2025-12-18T20:25:42","guid":{"rendered":"https:\/\/baldumarket.lt\/product\/szafka-kuchenna-gorna-2-drzwiowa-z-ociekarka-g80c-linea-white-bialy-mat\/"},"modified":"2026-02-18T11:33:15","modified_gmt":"2026-02-18T08:33:15","slug":"szafka-kuchenna-gorna-2-drzwiowa-z-ociekarka-g80c-linea-white-bialy-mat","status":"publish","type":"product","link":"https:\/\/baldumarket.lt\/lt\/product\/szafka-kuchenna-gorna-2-drzwiowa-z-ociekarka-g80c-linea-white-bialy-mat\/","title":{"rendered":"G80C Linea balta matin\u0117 2 dur\u0173 vir\u0161utin\u0117 virtuv\u0117s spintel\u0117 su d\u017eiovykle"},"content":{"rendered":"<p>Atgaivinkite savo virtuv\u0119 su eleganti\u0161ka \u201eLinea White G80C\u201c vir\u0161utine virtuv\u0117s spintele, kurioje dera modernus dizainas ir prakti\u0161kumas. \u0160i matin\u0117s baltos spalvos spintel\u0117, puikiai tinkanti indams ir kitiems virtuv\u0117s reikmenims laikyti, neabejotinai suteiks j\u016bs\u0173 interjerui lengvumo ir modernumo. M\u016bs\u0173 modelis pasi\u017eymi minimalistine i\u0161vaizda, kuri puikiai papildys \u012fvairius interjero dizaino stilius \u2013 nuo skandinavi\u0161ko iki industrinio. Spintel\u0117s funkcionalum\u0105 padidina integruotas d\u017eiovykl\u0117s skyrius, tod\u0117l ind\u0173 plovimas ir d\u017eiovinimas tampa daug lengvesnis. Tai palengvina kasdienius darbus, o j\u016bs\u0173 virtuv\u0117 i\u0161lieka tvarkinga ir esteti\u0161kai patraukli. \u0160\u012f sprendim\u0105 tikrai \u012fvertins kiekviena nam\u0173 \u0161eiminink\u0117. \u201eLinea White G80C\u201c spintel\u0117 i\u0161siskiria ne tik funkcionalumu, bet ir eleganti\u0161ka apdaila. Balti MDF fasadai suteikia jai modernumo, o auksin\u0117s ranken\u0117l\u0117s \u2013 subtilaus prabangos prisilietim\u0105. \u0160ie elementai kartu paver\u010dia \u0161i\u0105 spintel\u0119 stilingu akcentu bet kurioje virtuv\u0117je, pabr\u0117\u017eian\u010diu jos individual\u0173 charakter\u012f ir rafinuotum\u0105.<\/p>","protected":false},"excerpt":{"rendered":"<p>Plotis (cm): 80<br \/>\n\u016agis (cm): 72<br \/>\nGylis (cm): 32<\/p>","protected":false},"featured_media":157296,"comment_status":"open","ping_status":"open","template":"","meta":[],"product_brand":[],"product_cat":[9446,4106],"product_tag":[],"class_list":{"0":"post-157295","1":"product","2":"type-product","3":"status-publish","4":"has-post-thumbnail","6":"product_cat-kitchen-system-linea-white","7":"product_cat-gala-meble","9":"first","10":"instock","11":"purchasable","12":"product-type-simple"},"_links":{"self":[{"href":"https:\/\/baldumarket.lt\/lt\/wp-json\/wp\/v2\/product\/157295","targetHints":{"allow":["GET"]}}],"collection":[{"href":"https:\/\/baldumarket.lt\/lt\/wp-json\/wp\/v2\/product"}],"about":[{"href":"https:\/\/baldumarket.lt\/lt\/wp-json\/wp\/v2\/types\/product"}],"replies":[{"embeddable":true,"href":"https:\/\/baldumarket.lt\/lt\/wp-json\/wp\/v2\/comments?post=157295"}],"wp:featuredmedia":[{"embeddable":true,"href":"https:\/\/baldumarket.lt\/lt\/wp-json\/wp\/v2\/media\/157296"}],"wp:attachment":[{"href":"https:\/\/baldumarket.lt\/lt\/wp-json\/wp\/v2\/media?parent=157295"}],"wp:term":[{"taxonomy":"product_brand","embeddable":true,"href":"https:\/\/baldumarket.lt\/lt\/wp-json\/wp\/v2\/product_brand?post=157295"},{"taxonomy":"product_cat","embeddable":true,"href":"https:\/\/baldumarket.lt\/lt\/wp-json\/wp\/v2\/product_cat?post=157295"},{"taxonomy":"product_tag","embeddable":true,"href":"https:\/\/baldumarket.lt\/lt\/wp-json\/wp\/v2\/product_tag?post=157295"}],"curies":[{"name":"wp","href":"https:\/\/api.w.org\/{rel}","templated":true}]}}