{"id":157289,"date":"2025-12-18T23:25:31","date_gmt":"2025-12-18T20:25:31","guid":{"rendered":"https:\/\/baldumarket.lt\/product\/szafka-kuchenna-gorna-2-drzwiowa-z-ociekarka-g80c-prowansja-sosna-andersen-bialy-mat\/"},"modified":"2026-02-06T14:46:07","modified_gmt":"2026-02-06T11:46:07","slug":"szafka-kuchenna-gorna-2-drzwiowa-z-ociekarka-g80c-prowansja-sosna-andersen-bialy-mat","status":"publish","type":"product","link":"https:\/\/baldumarket.lt\/lt\/product\/szafka-kuchenna-gorna-2-drzwiowa-z-ociekarka-g80c-prowansja-sosna-andersen-bialy-mat\/","title":{"rendered":"Vir\u0161utin\u0117 2 dur\u0173 virtuv\u0117s spintel\u0117 su d\u017eiovykle G80C Provanso pu\u0161is Andersen balta matin\u0117"},"content":{"rendered":"<p>Sukurkite tobul\u0105 virtuv\u0117s kampel\u012f su m\u016bs\u0173 eleganti\u0161ka vir\u0161utine virtuv\u0117s spintele, kuri stilingai derina Provanso \u017eaves\u012f su moderniu dizaino po\u017ei\u016briu. Anderseno pu\u0161ies apdaila suteikia \u0161ilumos ir nat\u016bralumo, o matin\u0117s baltos spalvos korpusas sukuria harmoning\u0105, subtil\u0173 pagrind\u0105, kuris skland\u017eiai dera prie \u012fvairi\u0173 interjero dizain\u0173. \u0160ios spintel\u0117s funkcionalumas dera su estetika. Dviej\u0173 dureli\u0173 dizainas su d\u017eiovykle paver\u010dia j\u0105 prakti\u0161ku sprendimu bet kurioje virtuv\u0117je, nes leid\u017eia patogiai laikyti ir d\u017eiovinti indus. Tai puikus pasirinkimas, leid\u017eiantis efektyviai i\u0161naudoti virtuv\u0117s erdv\u0119 ir i\u0161laikyti tvark\u0105. MDF fasadai yra ne tik patvar\u016bs, bet ir lengvai pri\u017ei\u016brimi, tod\u0117l \u0161i spintel\u0117 puikiai tinka aktyviems nam\u0173 \u016bkiams. Be to, juodos metalin\u0117s rankenos u\u017ebaigia dizain\u0105, suteikdamos subtil\u0173 kontrast\u0105 ir suteikdamos j\u016bs\u0173 virtuv\u0117s interjerui elegancijos bei rafinuotumo.<\/p>","protected":false},"excerpt":{"rendered":"<p>Plotis (cm): 80<br \/>\n\u016agis (cm): 72<br \/>\nGylis (cm): 32<\/p>","protected":false},"featured_media":157290,"comment_status":"open","ping_status":"open","template":"","meta":[],"product_brand":[],"product_cat":[9444,4106,9118],"product_tag":[],"class_list":{"0":"post-157289","1":"product","2":"type-product","3":"status-publish","4":"has-post-thumbnail","6":"product_cat-kitchen-system-prowansja-sosna-andersen","7":"product_cat-gala-meble","8":"product_cat-kitchen-cabinets","10":"first","11":"instock","12":"purchasable","13":"product-type-simple"},"_links":{"self":[{"href":"https:\/\/baldumarket.lt\/lt\/wp-json\/wp\/v2\/product\/157289","targetHints":{"allow":["GET"]}}],"collection":[{"href":"https:\/\/baldumarket.lt\/lt\/wp-json\/wp\/v2\/product"}],"about":[{"href":"https:\/\/baldumarket.lt\/lt\/wp-json\/wp\/v2\/types\/product"}],"replies":[{"embeddable":true,"href":"https:\/\/baldumarket.lt\/lt\/wp-json\/wp\/v2\/comments?post=157289"}],"wp:featuredmedia":[{"embeddable":true,"href":"https:\/\/baldumarket.lt\/lt\/wp-json\/wp\/v2\/media\/157290"}],"wp:attachment":[{"href":"https:\/\/baldumarket.lt\/lt\/wp-json\/wp\/v2\/media?parent=157289"}],"wp:term":[{"taxonomy":"product_brand","embeddable":true,"href":"https:\/\/baldumarket.lt\/lt\/wp-json\/wp\/v2\/product_brand?post=157289"},{"taxonomy":"product_cat","embeddable":true,"href":"https:\/\/baldumarket.lt\/lt\/wp-json\/wp\/v2\/product_cat?post=157289"},{"taxonomy":"product_tag","embeddable":true,"href":"https:\/\/baldumarket.lt\/lt\/wp-json\/wp\/v2\/product_tag?post=157289"}],"curies":[{"name":"wp","href":"https:\/\/api.w.org\/{rel}","templated":true}]}}