{"id":157284,"date":"2025-12-18T23:25:20","date_gmt":"2025-12-18T20:25:20","guid":{"rendered":"https:\/\/baldumarket.lt\/product\/szafka-kuchenna-gorna-2-drzwiowa-z-ociekarka-g80c-sycylia-andersen\/"},"modified":"2026-02-06T12:47:12","modified_gmt":"2026-02-06T09:47:12","slug":"szafka-kuchenna-gorna-2-drzwiowa-z-ociekarka-g80c-sycylia-andersen","status":"publish","type":"product","link":"https:\/\/baldumarket.lt\/lt\/product\/szafka-kuchenna-gorna-2-drzwiowa-z-ociekarka-g80c-sycylia-andersen\/","title":{"rendered":"G80C Sicily Andersen vir\u0161utin\u0117 2 dur\u0173 virtuv\u0117s spintel\u0117 su d\u017eiovykle"},"content":{"rendered":"<p>Vir\u0161utin\u0117 virtuv\u0117s spintel\u0117 i\u0161 \u201eAndersen Sicily\u201c kolekcijos \u2013 eleganti\u0161kas pasirinkimas visiems, vertinantiems stiling\u0105 ir funkcional\u0173 interjer\u0105. Pagaminta i\u0161 auk\u0161\u010diausios kokyb\u0117s med\u017eiag\u0173, ji traukia d\u0117mes\u012f savo paprastu, moderniu dizainu. Andersen pu\u0161ies spalvos fasadai suteikia bet kuriai virtuvei \u0161ilumos ir jaukumo, tod\u0117l erdv\u0117 tampa svetingesn\u0117 ir patogesn\u0117. \u012esireng\u0119 \u0161i\u0105 spintel\u0119 savo virtuvei, \u012fgysite ne tik vietos daiktams susid\u0117ti, bet ir stiling\u0105 dekoratyvin\u012f element\u0105. D\u0117l dviej\u0173 dureli\u0173 konstrukcijos spintel\u0117 suteikia daug vietos \u012fvairiems indams ir virtuv\u0117s priedams, o d\u017eiovykl\u0117 supaprastina kasdienyb\u0119, u\u017etikrindama patogum\u0105. Matin\u0117s baltos spalvos spintel\u0117s korpusas puikiai dera prie bet kokio interjero, sukurdamas \u0161varos ir erdv\u0117s poj\u016bt\u012f. \u0160i daugiafunkcin\u0117 spintel\u0117 yra puikus sprendimas tiems, kurie ie\u0161ko estetikos ir prakti\u0161kumo derinio. Klasikin\u0117s sidabrin\u0117s plastikin\u0117s rankenos u\u017ebaigia dizain\u0105, tod\u0117l spintel\u0117 puikiai tinka \u012fvairiems virtuv\u0117s i\u0161d\u0117stymams. Lengva konstrukcija palengvina surinkim\u0105, tod\u0117l j\u0105 galima greitai ir lengvai naudoti.<\/p>","protected":false},"excerpt":{"rendered":"<p>Plotis (cm): 80<br \/>\n\u016agis (cm): 72<br \/>\nGylis (cm): 32<\/p>","protected":false},"featured_media":157285,"comment_status":"open","ping_status":"open","template":"","meta":[],"product_brand":[],"product_cat":[9440,9441,4106,9118],"product_tag":[],"class_list":{"0":"post-157284","1":"product","2":"type-product","3":"status-publish","4":"has-post-thumbnail","6":"product_cat-kitchen-system-sycylia-sosna-andersen","7":"product_cat-white","8":"product_cat-gala-meble","9":"product_cat-kitchen-cabinets","11":"first","12":"instock","13":"purchasable","14":"product-type-simple"},"_links":{"self":[{"href":"https:\/\/baldumarket.lt\/lt\/wp-json\/wp\/v2\/product\/157284","targetHints":{"allow":["GET"]}}],"collection":[{"href":"https:\/\/baldumarket.lt\/lt\/wp-json\/wp\/v2\/product"}],"about":[{"href":"https:\/\/baldumarket.lt\/lt\/wp-json\/wp\/v2\/types\/product"}],"replies":[{"embeddable":true,"href":"https:\/\/baldumarket.lt\/lt\/wp-json\/wp\/v2\/comments?post=157284"}],"wp:featuredmedia":[{"embeddable":true,"href":"https:\/\/baldumarket.lt\/lt\/wp-json\/wp\/v2\/media\/157285"}],"wp:attachment":[{"href":"https:\/\/baldumarket.lt\/lt\/wp-json\/wp\/v2\/media?parent=157284"}],"wp:term":[{"taxonomy":"product_brand","embeddable":true,"href":"https:\/\/baldumarket.lt\/lt\/wp-json\/wp\/v2\/product_brand?post=157284"},{"taxonomy":"product_cat","embeddable":true,"href":"https:\/\/baldumarket.lt\/lt\/wp-json\/wp\/v2\/product_cat?post=157284"},{"taxonomy":"product_tag","embeddable":true,"href":"https:\/\/baldumarket.lt\/lt\/wp-json\/wp\/v2\/product_tag?post=157284"}],"curies":[{"name":"wp","href":"https:\/\/api.w.org\/{rel}","templated":true}]}}