{"id":157279,"date":"2025-12-18T23:25:11","date_gmt":"2025-12-18T20:25:11","guid":{"rendered":"https:\/\/baldumarket.lt\/product\/szafka-kuchenna-gorna-2-drzwiowa-z-ociekarka-g80c-sycylia-orzech\/"},"modified":"2026-02-06T14:33:03","modified_gmt":"2026-02-06T11:33:03","slug":"szafka-kuchenna-gorna-2-drzwiowa-z-ociekarka-g80c-sycylia-orzech","status":"publish","type":"product","link":"https:\/\/baldumarket.lt\/lt\/product\/szafka-kuchenna-gorna-2-drzwiowa-z-ociekarka-g80c-sycylia-orzech\/","title":{"rendered":"Vir\u0161utin\u0117 2 dur\u0173 virtuv\u0117s spintel\u0117 su d\u017eiovykle G80C Sicily Walnut"},"content":{"rendered":"<p>\u0160i nuostabi vir\u0161utin\u0117 virtuv\u0117s spintel\u0117 i\u0161 \u201eSicylia\u201c linijos su rie\u0161utmed\u017eio apdaila yra puikus pasirinkimas tiems, kurie vertina stiling\u0105 dizain\u0105 ir auk\u0161t\u0105 funkcionalum\u0105. Rafinuota Milano rie\u0161utmed\u017eio spalva, puo\u0161ianti tiek priekin\u0119 dal\u012f, tiek korpus\u0105, \u017eavi savo elegancija ir suteikia interjerui \u0161ilumos. Pagaminta i\u0161 MDF ir patvaraus laminato, spintel\u0117 derina modernum\u0105 su patvarumu, kartu pabr\u0117\u017edama estetin\u012f patrauklum\u0105. I\u0161manus dviej\u0173 dureli\u0173 dizainas atveria erdv\u0119 svarbiausiems virtuv\u0117s priedams laikyti, tuo pa\u010diu u\u017etikrindamas lengv\u0105 prieig\u0105 prie turinio. \u012emontuota d\u017eiovykl\u0117 leid\u017eia kasdien\u012f ind\u0173 d\u017eiovinim\u0105 padaryti daug paprastesn\u012f ir organizuotesn\u012f. \u0160is sprendimas puikiai tiks bet kurioje modernioje virtuv\u0117je, derinant prakti\u0161kum\u0105 su estetika. Sidabrin\u0117s plastikin\u0117s ranken\u0117l\u0117s suteikia subtilios elegancijos, kuri puikiai papildo rie\u0161utmed\u017eio apdail\u0105. \u0160is akcentas pabr\u0117\u017eia modern\u0173 spintel\u0117s charakter\u012f, tod\u0117l ji tampa \u012fsp\u016bdingu j\u016bs\u0173 virtuv\u0117s papildymu. Savaranki\u0161kas surinkimas leid\u017eia suasmeninti erdv\u0119 ir smagiai praleisti laik\u0105 kuriant svajoni\u0173 interjer\u0105.<\/p>","protected":false},"excerpt":{"rendered":"<p>Plotis (cm): 80<br \/>\n\u016agis (cm): 72<br \/>\nGylis (cm): 32<\/p>","protected":false},"featured_media":157280,"comment_status":"open","ping_status":"open","template":"","meta":[],"product_brand":[],"product_cat":[9450,4106,9118],"product_tag":[],"class_list":{"0":"post-157279","1":"product","2":"type-product","3":"status-publish","4":"has-post-thumbnail","6":"product_cat-kitchen-system-sycylia-orzech-milano","7":"product_cat-gala-meble","8":"product_cat-kitchen-cabinets","10":"first","11":"instock","12":"purchasable","13":"product-type-simple"},"_links":{"self":[{"href":"https:\/\/baldumarket.lt\/lt\/wp-json\/wp\/v2\/product\/157279","targetHints":{"allow":["GET"]}}],"collection":[{"href":"https:\/\/baldumarket.lt\/lt\/wp-json\/wp\/v2\/product"}],"about":[{"href":"https:\/\/baldumarket.lt\/lt\/wp-json\/wp\/v2\/types\/product"}],"replies":[{"embeddable":true,"href":"https:\/\/baldumarket.lt\/lt\/wp-json\/wp\/v2\/comments?post=157279"}],"wp:featuredmedia":[{"embeddable":true,"href":"https:\/\/baldumarket.lt\/lt\/wp-json\/wp\/v2\/media\/157280"}],"wp:attachment":[{"href":"https:\/\/baldumarket.lt\/lt\/wp-json\/wp\/v2\/media?parent=157279"}],"wp:term":[{"taxonomy":"product_brand","embeddable":true,"href":"https:\/\/baldumarket.lt\/lt\/wp-json\/wp\/v2\/product_brand?post=157279"},{"taxonomy":"product_cat","embeddable":true,"href":"https:\/\/baldumarket.lt\/lt\/wp-json\/wp\/v2\/product_cat?post=157279"},{"taxonomy":"product_tag","embeddable":true,"href":"https:\/\/baldumarket.lt\/lt\/wp-json\/wp\/v2\/product_tag?post=157279"}],"curies":[{"name":"wp","href":"https:\/\/api.w.org\/{rel}","templated":true}]}}