{"id":157274,"date":"2025-12-18T23:25:01","date_gmt":"2025-12-18T20:25:01","guid":{"rendered":"https:\/\/baldumarket.lt\/product\/szafka-kuchenna-gorna-2-drzwiowy-kredens-k120-linea-grey-szary-mat\/"},"modified":"2026-02-18T11:33:15","modified_gmt":"2026-02-18T08:33:15","slug":"szafka-kuchenna-gorna-2-drzwiowy-kredens-k120-linea-grey-szary-mat","status":"publish","type":"product","link":"https:\/\/baldumarket.lt\/lt\/product\/szafka-kuchenna-gorna-2-drzwiowy-kredens-k120-linea-grey-szary-mat\/","title":{"rendered":"Vir\u0161utin\u0117 virtuv\u0117s spintel\u0117, 2 dur\u0173, komoda, K120, \u201eLinea\u201c, pilka matin\u0117"},"content":{"rendered":"<p>Puikiai dera su \u0161iuolaikin\u0117mis interjero dizaino tendencijomis, tod\u0117l pilka vir\u0161utin\u0117 virtuv\u0117s spintel\u0117 \u201eK120 Linea Grey\u201c suteikia elegancijos ir funkcionalumo bet kuriai virtuvei. Minimalistin\u0117s linijos ir matin\u0117 pilka apdaila paver\u010dia j\u0105 stilingu elementu, kuris skland\u017eiai dera tiek su \u0161viesiu, tiek su tamsiu interjeru. I\u0161 auk\u0161tos kokyb\u0117s MDF pagamintos fasadin\u0117s dalys su subtiliu blizgesiu suteikia interjerui subtil\u0173, ak\u012f traukiant\u012f spindes\u012f. Gerai apgalvotas \u201eK120\u201c spintel\u0117s dizainas leid\u017eia efektyviai i\u0161naudoti erdv\u0119, puikiai patenkinant net ir reikliausi\u0173 vartotoj\u0173 poreikius. Interjero i\u0161planavimas sukurtas atsi\u017evelgiant \u012f \u012fvairi\u0173 daikt\u0173 laikymo galimybes, tod\u0117l virtuv\u0117je lengva palaikyti tvark\u0105 ir organizuotum\u0105. Dvi prakti\u0161kos durys atveria keli\u0105 \u012f erdv\u0173 interjer\u0105, kuriame kiekvienas daiktas turi savo viet\u0105 \u2013 nesvarbu, ar tai stalo \u012frankiai, stiklin\u0117s, ar prieskoniai. Pilkos blizgios apdailos ir matin\u0117s baltos spalvos korpuso derinys sukuria unikaliai mading\u0105 kontrast\u0105, suteikiant\u012f virtuvei charakterio. Kiekvienas spintel\u0117s elementas buvo kruop\u0161\u010diai apgalvotas, kad suteikt\u0173 modernumo ir pabr\u0117\u017et\u0173 individual\u0173 jos savininko stili\u0173. \u0160i spintel\u0117 puikiai dera prie \u012fvairi\u0173 interjero dizaino koncepcij\u0173 \u2013 nuo minimalistini\u0173 sprendim\u0173 iki klasikini\u0173 motyv\u0173.<\/p>","protected":false},"excerpt":{"rendered":"<p>Plotis (cm): 120<br \/>\n\u016agis (cm): 126<br \/>\nGylis (cm): 32<\/p>","protected":false},"featured_media":157275,"comment_status":"open","ping_status":"open","template":"","meta":[],"product_brand":[],"product_cat":[9446,4106],"product_tag":[],"class_list":{"0":"post-157274","1":"product","2":"type-product","3":"status-publish","4":"has-post-thumbnail","6":"product_cat-kitchen-system-linea-white","7":"product_cat-gala-meble","9":"first","10":"instock","11":"purchasable","12":"product-type-simple"},"_links":{"self":[{"href":"https:\/\/baldumarket.lt\/lt\/wp-json\/wp\/v2\/product\/157274","targetHints":{"allow":["GET"]}}],"collection":[{"href":"https:\/\/baldumarket.lt\/lt\/wp-json\/wp\/v2\/product"}],"about":[{"href":"https:\/\/baldumarket.lt\/lt\/wp-json\/wp\/v2\/types\/product"}],"replies":[{"embeddable":true,"href":"https:\/\/baldumarket.lt\/lt\/wp-json\/wp\/v2\/comments?post=157274"}],"wp:featuredmedia":[{"embeddable":true,"href":"https:\/\/baldumarket.lt\/lt\/wp-json\/wp\/v2\/media\/157275"}],"wp:attachment":[{"href":"https:\/\/baldumarket.lt\/lt\/wp-json\/wp\/v2\/media?parent=157274"}],"wp:term":[{"taxonomy":"product_brand","embeddable":true,"href":"https:\/\/baldumarket.lt\/lt\/wp-json\/wp\/v2\/product_brand?post=157274"},{"taxonomy":"product_cat","embeddable":true,"href":"https:\/\/baldumarket.lt\/lt\/wp-json\/wp\/v2\/product_cat?post=157274"},{"taxonomy":"product_tag","embeddable":true,"href":"https:\/\/baldumarket.lt\/lt\/wp-json\/wp\/v2\/product_tag?post=157274"}],"curies":[{"name":"wp","href":"https:\/\/api.w.org\/{rel}","templated":true}]}}