{"id":157268,"date":"2025-12-18T23:24:48","date_gmt":"2025-12-18T20:24:48","guid":{"rendered":"https:\/\/baldumarket.lt\/product\/szafka-kuchenna-gorna-2-drzwiowy-kredens-k120-prowansja-sosna-andersen-bialy-mat\/"},"modified":"2026-02-06T14:46:07","modified_gmt":"2026-02-06T11:46:07","slug":"szafka-kuchenna-gorna-2-drzwiowy-kredens-k120-prowansja-sosna-andersen-bialy-mat","status":"publish","type":"product","link":"https:\/\/baldumarket.lt\/lt\/product\/szafka-kuchenna-gorna-2-drzwiowy-kredens-k120-prowansja-sosna-andersen-bialy-mat\/","title":{"rendered":"Vir\u0161utin\u0117 virtuv\u0117s spintel\u0117, 2 dur\u0173, indauja, K120, provanso pu\u0161is, Andersen balta matin\u0117"},"content":{"rendered":"<p>Kvie\u010diame atrasti Provanso stiliaus dvasi\u0105 savo virtuv\u0117je su unikalia K120 Prowansja 2 dur\u0173 vir\u0161utine virtuv\u0117s spintele. \u0160i gra\u017ei spintel\u0117 derina elegancij\u0105 ir funkcionalum\u0105, atnaujindama bet kok\u012f interjer\u0105. Andersen pu\u0161ies fasadai suteikia subtilaus nat\u016bralaus \u017eavesio, o klasikinis matin\u0117s baltos spalvos korpusas \u2013 lengvumo ir erdvumo. Pasirinkdami \u0161i\u0105 indauja, investuojate \u012f stulbinant\u012f vizualin\u012f efekt\u0105, kuris patraukia ak\u012f ir sukuria harmoning\u0105 atmosfer\u0105. Unikalios linijos ir subtilus Provanso stiliaus apdaila daro \u0161i\u0105 spintel\u0119 puikiai tinkan\u010di\u0105 tiek modernioms, tiek tradicin\u0117ms virtuv\u0117s erdv\u0117ms. Prakti\u0161kumas dera su estetika. D\u0117l apgalvoto dizaino \u201eProwansja\u201c spintel\u0117 suteikia tvirt\u0105 atram\u0105 j\u016bs\u0173 kulinariniams poreikiams. Tvirtos juodos metalin\u0117s rankenos suteikia stiling\u0105 akcent\u0105, kuris palengvina kasdien\u012f naudojim\u0105, o savaime u\u017esidarantys vyriai u\u017etikrina skland\u0173 ir tyl\u0173 dureli\u0173 u\u017edarym\u0105.<\/p>","protected":false},"excerpt":{"rendered":"<p>Plotis (cm): 120<br \/>\n\u016agis (cm): 126<br \/>\nGylis (cm): 32<\/p>","protected":false},"featured_media":157269,"comment_status":"open","ping_status":"open","template":"","meta":[],"product_brand":[],"product_cat":[9444,4106,9118],"product_tag":[],"class_list":{"0":"post-157268","1":"product","2":"type-product","3":"status-publish","4":"has-post-thumbnail","6":"product_cat-kitchen-system-prowansja-sosna-andersen","7":"product_cat-gala-meble","8":"product_cat-kitchen-cabinets","10":"first","11":"instock","12":"purchasable","13":"product-type-simple"},"_links":{"self":[{"href":"https:\/\/baldumarket.lt\/lt\/wp-json\/wp\/v2\/product\/157268","targetHints":{"allow":["GET"]}}],"collection":[{"href":"https:\/\/baldumarket.lt\/lt\/wp-json\/wp\/v2\/product"}],"about":[{"href":"https:\/\/baldumarket.lt\/lt\/wp-json\/wp\/v2\/types\/product"}],"replies":[{"embeddable":true,"href":"https:\/\/baldumarket.lt\/lt\/wp-json\/wp\/v2\/comments?post=157268"}],"wp:featuredmedia":[{"embeddable":true,"href":"https:\/\/baldumarket.lt\/lt\/wp-json\/wp\/v2\/media\/157269"}],"wp:attachment":[{"href":"https:\/\/baldumarket.lt\/lt\/wp-json\/wp\/v2\/media?parent=157268"}],"wp:term":[{"taxonomy":"product_brand","embeddable":true,"href":"https:\/\/baldumarket.lt\/lt\/wp-json\/wp\/v2\/product_brand?post=157268"},{"taxonomy":"product_cat","embeddable":true,"href":"https:\/\/baldumarket.lt\/lt\/wp-json\/wp\/v2\/product_cat?post=157268"},{"taxonomy":"product_tag","embeddable":true,"href":"https:\/\/baldumarket.lt\/lt\/wp-json\/wp\/v2\/product_tag?post=157268"}],"curies":[{"name":"wp","href":"https:\/\/api.w.org\/{rel}","templated":true}]}}