{"id":157262,"date":"2025-12-18T23:24:35","date_gmt":"2025-12-18T20:24:35","guid":{"rendered":"https:\/\/baldumarket.lt\/product\/szafka-kuchenna-gorna-2d-nadstawka-sorento-n60n-baltic-storm-bezowy-mat\/"},"modified":"2026-02-18T11:08:45","modified_gmt":"2026-02-18T08:08:45","slug":"szafka-kuchenna-gorna-2d-nadstawka-sorento-n60n-baltic-storm-bezowy-mat","status":"publish","type":"product","link":"https:\/\/baldumarket.lt\/lt\/product\/szafka-kuchenna-gorna-2d-nadstawka-sorento-n60n-baltic-storm-bezowy-mat\/","title":{"rendered":"2D vir\u0161utin\u0117s virtuv\u0117s spintel\u0117s prailginimas Sorento N60N Baltic Storm Beige Matte"},"content":{"rendered":"<p>Atraskite unikal\u0173 elegancijos ir funkcionalumo pasaul\u012f su vir\u0161utine virtuv\u0117s spintele \u201eSorento N60N\u201c. Jos matin\u0117s sm\u0117lio spalvos priekin\u0117 dalis puikiai dera su \u201eBaltic Storm\u201c korpusu, sukurdama harmoning\u0105 ir moderni\u0105 kompozicij\u0105, kuri bet kuriai virtuvei suteikia ramyb\u0117s ir stiliaus. Kiekviena virtuv\u0117je praleista akimirka bus malonesn\u0117 d\u0117l i\u0161skirtinio \u0161ios spintel\u0117s funkcionalumo. Viduje rasite i\u0161traukiamas lentynas ant b\u0117geli\u0173, kurios leid\u017eia lengvai pasiekti laikomus daiktus. Tai puikus sprendimas tiems, kurie vertina tvark\u0105 ir prakti\u0161kum\u0105 neaukodami estetikos. Pagaminta i\u0161 laminuotos plok\u0161t\u0117s, \u201eSorento N60N\u201c spintel\u0117 yra ne tik patvari, bet ir atspari kasdieniams virtuv\u0117s i\u0161\u0161\u016bkiams. Prid\u0117kite prie to klasikines juodas metalines ranken\u0117les, suteikian\u010dias modernumo, ir \u0161velnaus u\u017edarymo funkcij\u0105 \u2013 \u201eClip-On\u201c vyrius, ir tur\u0117site gamin\u012f, kuris patenkins net ir reikliausi\u0173 vartotoj\u0173 l\u016bkes\u010dius.<\/p>","protected":false},"excerpt":{"rendered":"<p>Plotis (cm): 60<br \/>\n\u016agis (cm): 158<br \/>\nGylis (cm): 58<\/p>","protected":false},"featured_media":157263,"comment_status":"open","ping_status":"open","template":"","meta":[],"product_brand":[],"product_cat":[9436,4106],"product_tag":[],"class_list":{"0":"post-157262","1":"product","2":"type-product","3":"status-publish","4":"has-post-thumbnail","6":"product_cat-kitchen-system-sorento","7":"product_cat-gala-meble","9":"first","10":"instock","11":"purchasable","12":"product-type-simple"},"_links":{"self":[{"href":"https:\/\/baldumarket.lt\/lt\/wp-json\/wp\/v2\/product\/157262","targetHints":{"allow":["GET"]}}],"collection":[{"href":"https:\/\/baldumarket.lt\/lt\/wp-json\/wp\/v2\/product"}],"about":[{"href":"https:\/\/baldumarket.lt\/lt\/wp-json\/wp\/v2\/types\/product"}],"replies":[{"embeddable":true,"href":"https:\/\/baldumarket.lt\/lt\/wp-json\/wp\/v2\/comments?post=157262"}],"wp:featuredmedia":[{"embeddable":true,"href":"https:\/\/baldumarket.lt\/lt\/wp-json\/wp\/v2\/media\/157263"}],"wp:attachment":[{"href":"https:\/\/baldumarket.lt\/lt\/wp-json\/wp\/v2\/media?parent=157262"}],"wp:term":[{"taxonomy":"product_brand","embeddable":true,"href":"https:\/\/baldumarket.lt\/lt\/wp-json\/wp\/v2\/product_brand?post=157262"},{"taxonomy":"product_cat","embeddable":true,"href":"https:\/\/baldumarket.lt\/lt\/wp-json\/wp\/v2\/product_cat?post=157262"},{"taxonomy":"product_tag","embeddable":true,"href":"https:\/\/baldumarket.lt\/lt\/wp-json\/wp\/v2\/product_tag?post=157262"}],"curies":[{"name":"wp","href":"https:\/\/api.w.org\/{rel}","templated":true}]}}