{"id":157256,"date":"2025-12-18T23:24:23","date_gmt":"2025-12-18T20:24:23","guid":{"rendered":"https:\/\/baldumarket.lt\/product\/szafka-kuchenna-gorna-2d-nadstawka-sorento-n60n-baltic-storm-green\/"},"modified":"2026-02-18T11:08:45","modified_gmt":"2026-02-18T08:08:45","slug":"szafka-kuchenna-gorna-2d-nadstawka-sorento-n60n-baltic-storm-green","status":"publish","type":"product","link":"https:\/\/baldumarket.lt\/lt\/product\/szafka-kuchenna-gorna-2d-nadstawka-sorento-n60n-baltic-storm-green\/","title":{"rendered":"Vir\u0161utin\u0117s 2D virtuv\u0117s spintel\u0117s prailginimas Sorento N60N Baltic Storm Green"},"content":{"rendered":"<p>Suteikite savo virtuvei elegancijos ir modernumo su \u201eSorento N60N 2-D\u201c vir\u0161utine spintele \u201eBaltic Storm Green\u201c spalvos. \u0160i stilinga spintel\u0117 ne tik traukia ak\u012f savo \u017ealia matine apdaila, bet ir harmoningai dera su kitais interjero elementais, tod\u0117l tai puikus pasirinkimas rafinuoto dizaino m\u0117g\u0117jams. Sukurta atsi\u017evelgiant \u012f estetik\u0105 ir funkcionalum\u0105, spintel\u0117 suteikia vietos daiktams susid\u0117ti, kuri palengvina organizavim\u0105 ir pagerina kasdienio naudojimo komfort\u0105. I\u0161siskirianti sodria spalva ir tvirta konstrukcija, \u201eSorento\u201c vir\u0161utin\u0117 spintel\u0117 derina mading\u0105 i\u0161vaizd\u0105 su laminuotos plok\u0161t\u0117s patvarumu. Intensyvi \u017ealia priekin\u0117 dalis kartu su d\u0117m\u0117tu \u201eBaltic Storm\u201c atspalviu ant korpuso sukuria unikal\u0173, modern\u0173 akcent\u0105 bet kurioje virtuv\u0117je. D\u0117l d\u0117mesio detal\u0117ms ir patvari\u0173, atspari\u0173 pa\u017eeidimams med\u017eiag\u0173 spintel\u0117 i\u0161laikys savo gra\u017ei\u0105 i\u0161vaizd\u0105 ilgus metus. Tai ne tik funkcionalus baldas, bet ir \u012fkvepiantis bet kokio interjero papildymas. Itin prakti\u0161kos savyb\u0117s, tokios kaip \u201eClip-On\u201c vyriai su \u0161velnaus u\u017edarymo funkcija, u\u017etikrina paprast\u0105 ir patog\u0173 naudojim\u0105. Komplekte taip pat yra \u201eFree Up\u201c pak\u0117limo mechanizmas, leid\u017eiantis skland\u017eiai atidaryti ir u\u017edaryti duris, tod\u0117l gal\u0117site m\u0117gautis ramia ir tvarkinga virtuve. Pridedama i\u0161traukiama lentyna ant b\u0117geli\u0173 suteikia papildomos vietos ir padeda efektyviau susitvarkyti virtuv\u0117s reikmenis.<\/p>","protected":false},"excerpt":{"rendered":"<p>Plotis (cm): 60<br \/>\n\u016agis (cm): 158<br \/>\nGylis (cm): 58<\/p>","protected":false},"featured_media":157257,"comment_status":"open","ping_status":"open","template":"","meta":[],"product_brand":[],"product_cat":[9436,4106],"product_tag":[],"class_list":{"0":"post-157256","1":"product","2":"type-product","3":"status-publish","4":"has-post-thumbnail","6":"product_cat-kitchen-system-sorento","7":"product_cat-gala-meble","9":"first","10":"instock","11":"purchasable","12":"product-type-simple"},"_links":{"self":[{"href":"https:\/\/baldumarket.lt\/lt\/wp-json\/wp\/v2\/product\/157256","targetHints":{"allow":["GET"]}}],"collection":[{"href":"https:\/\/baldumarket.lt\/lt\/wp-json\/wp\/v2\/product"}],"about":[{"href":"https:\/\/baldumarket.lt\/lt\/wp-json\/wp\/v2\/types\/product"}],"replies":[{"embeddable":true,"href":"https:\/\/baldumarket.lt\/lt\/wp-json\/wp\/v2\/comments?post=157256"}],"wp:featuredmedia":[{"embeddable":true,"href":"https:\/\/baldumarket.lt\/lt\/wp-json\/wp\/v2\/media\/157257"}],"wp:attachment":[{"href":"https:\/\/baldumarket.lt\/lt\/wp-json\/wp\/v2\/media?parent=157256"}],"wp:term":[{"taxonomy":"product_brand","embeddable":true,"href":"https:\/\/baldumarket.lt\/lt\/wp-json\/wp\/v2\/product_brand?post=157256"},{"taxonomy":"product_cat","embeddable":true,"href":"https:\/\/baldumarket.lt\/lt\/wp-json\/wp\/v2\/product_cat?post=157256"},{"taxonomy":"product_tag","embeddable":true,"href":"https:\/\/baldumarket.lt\/lt\/wp-json\/wp\/v2\/product_tag?post=157256"}],"curies":[{"name":"wp","href":"https:\/\/api.w.org\/{rel}","templated":true}]}}