{"id":157250,"date":"2025-12-18T23:24:10","date_gmt":"2025-12-18T20:24:10","guid":{"rendered":"https:\/\/baldumarket.lt\/product\/szafka-kuchenna-gorna-2d-nadstawka-sorento-n60n-bialy-green\/"},"modified":"2026-02-18T11:08:45","modified_gmt":"2026-02-18T08:08:45","slug":"szafka-kuchenna-gorna-2d-nadstawka-sorento-n60n-bialy-green","status":"publish","type":"product","link":"https:\/\/baldumarket.lt\/lt\/product\/szafka-kuchenna-gorna-2d-nadstawka-sorento-n60n-bialy-green\/","title":{"rendered":"Vir\u0161utin\u0117s 2D virtuv\u0117s spintel\u0117s prailginimas Sorento N60N baltai \u017ealia"},"content":{"rendered":"<p>Atraskite i\u0161skirtin\u012f stili\u0173 ir funkcionalum\u0105 su \u201eSorento N60N 2-D\u201c vir\u0161utine virtuv\u0117s spintele. Eleganti\u0161ka baltos ir \u017ealios spalv\u0173 gama puikiai papildys bet kuri\u0105 moderni\u0105 virtuv\u0119, suteikdama gaivos ir erdvumo poj\u016bt\u012f. Matin\u0117 balta korpuso apdaila kartu su \u017ealiu priekiu yra puikus derinys m\u0117gstantiems harmoning\u0105, nat\u016brali\u0105 aplink\u0105, kuri kvie\u010dia jus gaminti maist\u0105 ir leisti laik\u0105 kartu kaip \u0161eima. \u0160i spintel\u0117 ne tik traukia ak\u012f, bet ir turi daug praktini\u0173 savybi\u0173. D\u0117l \u201eFree Up\u201c pak\u0117limo spintel\u0119 atidaryti tampa nepaprastai patogu, tod\u0117l lengva pasiekti laikomus virtuv\u0117s priedus. Vidin\u0117 erdv\u0117 sukurta optimaliam naudojimui, si\u016blant i\u0161traukiam\u0105 lentyn\u0105 ant b\u0117geli\u0173, kuri labai palengvina svarbiausi\u0173 daikt\u0173 laikym\u0105. \u201eSorento N60N\u201c vir\u0161utin\u0117 virtuv\u0117s spintel\u0117 taip pat yra puikus sprendimas tiems, kurie vertina lengv\u0105 surinkim\u0105. Komplektas yra paruo\u0161tas savaranki\u0161kam surinkimui, tod\u0117l j\u012f galima suasmeninti ir pritaikyti individualiems naudotojo poreikiams. D\u0117l tyli\u0173 \u201eClip-On\u201c vyri\u0173 ja naudotis tampa dar patogiau \u2013 nei j\u016bs\u0173, nei kit\u0173 netrikdys nemalon\u016bs garsai.<\/p>","protected":false},"excerpt":{"rendered":"<p>Plotis (cm): 60<br \/>\n\u016agis (cm): 158<br \/>\nGylis (cm): 58<\/p>","protected":false},"featured_media":157251,"comment_status":"open","ping_status":"open","template":"","meta":[],"product_brand":[],"product_cat":[9436,4106],"product_tag":[],"class_list":{"0":"post-157250","1":"product","2":"type-product","3":"status-publish","4":"has-post-thumbnail","6":"product_cat-kitchen-system-sorento","7":"product_cat-gala-meble","9":"first","10":"instock","11":"purchasable","12":"product-type-simple"},"_links":{"self":[{"href":"https:\/\/baldumarket.lt\/lt\/wp-json\/wp\/v2\/product\/157250","targetHints":{"allow":["GET"]}}],"collection":[{"href":"https:\/\/baldumarket.lt\/lt\/wp-json\/wp\/v2\/product"}],"about":[{"href":"https:\/\/baldumarket.lt\/lt\/wp-json\/wp\/v2\/types\/product"}],"replies":[{"embeddable":true,"href":"https:\/\/baldumarket.lt\/lt\/wp-json\/wp\/v2\/comments?post=157250"}],"wp:featuredmedia":[{"embeddable":true,"href":"https:\/\/baldumarket.lt\/lt\/wp-json\/wp\/v2\/media\/157251"}],"wp:attachment":[{"href":"https:\/\/baldumarket.lt\/lt\/wp-json\/wp\/v2\/media?parent=157250"}],"wp:term":[{"taxonomy":"product_brand","embeddable":true,"href":"https:\/\/baldumarket.lt\/lt\/wp-json\/wp\/v2\/product_brand?post=157250"},{"taxonomy":"product_cat","embeddable":true,"href":"https:\/\/baldumarket.lt\/lt\/wp-json\/wp\/v2\/product_cat?post=157250"},{"taxonomy":"product_tag","embeddable":true,"href":"https:\/\/baldumarket.lt\/lt\/wp-json\/wp\/v2\/product_tag?post=157250"}],"curies":[{"name":"wp","href":"https:\/\/api.w.org\/{rel}","templated":true}]}}