{"id":157243,"date":"2025-12-18T23:23:55","date_gmt":"2025-12-18T20:23:55","guid":{"rendered":"https:\/\/baldumarket.lt\/product\/szafka-kuchenna-gorna-2d-nadstawka-sorento-n60n-bialy-mat\/"},"modified":"2026-02-18T11:08:45","modified_gmt":"2026-02-18T08:08:45","slug":"szafka-kuchenna-gorna-2d-nadstawka-sorento-n60n-bialy-mat","status":"publish","type":"product","link":"https:\/\/baldumarket.lt\/lt\/product\/szafka-kuchenna-gorna-2d-nadstawka-sorento-n60n-bialy-mat\/","title":{"rendered":"2D vir\u0161utin\u0117s virtuv\u0117s spintel\u0117s prailginimas Sorento N60N matin\u0117s baltos spalvos"},"content":{"rendered":"<p>Atraskite elegancij\u0105 ir modernum\u0105 su matin\u0117s baltos spalvos \u201eSorento N60N\u201c vir\u0161utine virtuv\u0117s spintele. \u0160i unikali garsaus \u201eGa\u0142a Meble\u201c prek\u0117s \u017eenklo spintel\u0117 \u2013 tai tobulas estetikos ir funkcionalumo derinys, tikrai prad\u017eiuginsiantis kiekvien\u0105 gra\u017eaus interjero myl\u0117toj\u0105. Klasikinis baltas dizainas suteikia virtuvei gaivumo ir erdv\u0117s poj\u016bt\u012f, tod\u0117l ji tampa jaukesn\u0117 ir patogesn\u0117 naudoti. Ji ne tik gerai atrodo, bet ir yra auk\u0161\u010diausio lygio funkcionali. I\u0161traukiama lentyna ant b\u0117geli\u0173 paver\u010dia spintel\u0117s naudojim\u0105 tikru malonumu. \u0160is sprendimas u\u017etikrina, kad kiekvienas daiktas tur\u0117t\u0173 savo viet\u0105, suteikdamas greit\u0105 ir lengv\u0105 prieig\u0105 prie kasdieni\u0173 virtuv\u0117s reikmen\u0173. \u201eClip-On\u201c vyriai su \u0161velnaus u\u017edarymo sistema suteikia komforto, nes pa\u0161alina triuk\u0161m\u0105 u\u017edarant dureles. Spintel\u0117 pagaminta i\u0161 auk\u0161tos kokyb\u0117s MDF ir laminuot\u0173 plok\u0161\u010di\u0173, u\u017etikrinan\u010di\u0173 patvarum\u0105 ir atsparum\u0105 pa\u017eeidimams. Matin\u0117s baltos spalvos priekis suteikia interjerui modernumo, o auksin\u0117 metalin\u0117 rankena \u2013 elegancijos ir rafinuoto apdailos. \u0160is derinys yra tikra bet kurios virtuv\u0117s puo\u0161mena, nepriklausomai nuo jos stiliaus.<\/p>","protected":false},"excerpt":{"rendered":"<p>Plotis (cm): 60<br \/>\n\u016agis (cm): 158<br \/>\nGylis (cm): 58<\/p>","protected":false},"featured_media":157244,"comment_status":"open","ping_status":"open","template":"","meta":[],"product_brand":[],"product_cat":[9436,4106],"product_tag":[],"class_list":{"0":"post-157243","1":"product","2":"type-product","3":"status-publish","4":"has-post-thumbnail","6":"product_cat-kitchen-system-sorento","7":"product_cat-gala-meble","9":"first","10":"instock","11":"purchasable","12":"product-type-simple"},"_links":{"self":[{"href":"https:\/\/baldumarket.lt\/lt\/wp-json\/wp\/v2\/product\/157243","targetHints":{"allow":["GET"]}}],"collection":[{"href":"https:\/\/baldumarket.lt\/lt\/wp-json\/wp\/v2\/product"}],"about":[{"href":"https:\/\/baldumarket.lt\/lt\/wp-json\/wp\/v2\/types\/product"}],"replies":[{"embeddable":true,"href":"https:\/\/baldumarket.lt\/lt\/wp-json\/wp\/v2\/comments?post=157243"}],"wp:featuredmedia":[{"embeddable":true,"href":"https:\/\/baldumarket.lt\/lt\/wp-json\/wp\/v2\/media\/157244"}],"wp:attachment":[{"href":"https:\/\/baldumarket.lt\/lt\/wp-json\/wp\/v2\/media?parent=157243"}],"wp:term":[{"taxonomy":"product_brand","embeddable":true,"href":"https:\/\/baldumarket.lt\/lt\/wp-json\/wp\/v2\/product_brand?post=157243"},{"taxonomy":"product_cat","embeddable":true,"href":"https:\/\/baldumarket.lt\/lt\/wp-json\/wp\/v2\/product_cat?post=157243"},{"taxonomy":"product_tag","embeddable":true,"href":"https:\/\/baldumarket.lt\/lt\/wp-json\/wp\/v2\/product_tag?post=157243"}],"curies":[{"name":"wp","href":"https:\/\/api.w.org\/{rel}","templated":true}]}}