{"id":157237,"date":"2025-12-18T23:23:42","date_gmt":"2025-12-18T20:23:42","guid":{"rendered":"https:\/\/baldumarket.lt\/product\/szafka-kuchenna-gorna-2d-nadstawka-sorento-n60n-bialy-mat-bezowy-mat\/"},"modified":"2026-02-18T11:08:45","modified_gmt":"2026-02-18T08:08:45","slug":"szafka-kuchenna-gorna-2d-nadstawka-sorento-n60n-bialy-mat-bezowy-mat","status":"publish","type":"product","link":"https:\/\/baldumarket.lt\/lt\/product\/szafka-kuchenna-gorna-2d-nadstawka-sorento-n60n-bialy-mat-bezowy-mat\/","title":{"rendered":"2D vir\u0161utin\u0117 virtuv\u0117s spintel\u0117 Sorento N60N matin\u0117s baltos matin\u0117s sm\u0117lio spalvos"},"content":{"rendered":"<p>Atraskite tobul\u0105 funkcionalumo ir elegancijos derin\u012f su m\u016bs\u0173 \u201eSorento N60N 2D\u201c pakabinama virtuv\u0117s spintele klasikin\u0117s baltos ir matin\u0117s sm\u0117lio spalvos. \u0160is baldas yra b\u016btinas bet kurios modernios virtuv\u0117s elementas, pa\u0161viesinantis ir v\u0117dinantis erdv\u0119. \u017davinga matin\u0117 apdaila yra ne tik esteti\u0161kai patraukli, bet ir prakti\u0161ka, puikiai paslepianti nusid\u0117v\u0117jimo po\u017eymius ir palengvinanti kasdien\u012f valym\u0105. \u0160i spintel\u0117 \u017eavi ne tik savo i\u0161vaizda, bet ir erdvumu bei i\u0161maniu interjero i\u0161naudojimu. I\u0161traukiama lentyna ant b\u0117geli\u0173 yra novatori\u0161kas sprendimas, leid\u017eiantis efektyviai valdyti virtuv\u0117s erdv\u0119, suteikiant lengv\u0105 prieig\u0105 prie laikom\u0173 daikt\u0173, nepriklausomai nuo j\u0173 pad\u0117ties. D\u0117l \u201eClip-On\u201c vyri\u0173 su \u0161velnaus u\u017edarymo mechanizmu, naudotis spintele yra grynas malonumas \u2013 netra\u0161kinant dur\u0173 ar netrukdant nam\u0173 ramybei. Stilingos matin\u0117s sm\u0117lio spalvos fasadai puikiai papildo matin\u0117s baltos spalvos korpus\u0105, sukurdami subtil\u0173, ta\u010diau rafinuot\u0105 kontrast\u0105. \u0160is spalv\u0173 derinys puikiai dera tiek su tradiciniu, tiek su moderniu interjero dizainu, suteikdamas j\u016bs\u0173 virtuvei harmonijos ir estetikos poj\u016bt\u012f.<\/p>","protected":false},"excerpt":{"rendered":"<p>Plotis (cm): 60<br \/>\n\u016agis (cm): 158<br \/>\nGylis (cm): 58<\/p>","protected":false},"featured_media":157238,"comment_status":"open","ping_status":"open","template":"","meta":[],"product_brand":[],"product_cat":[9436,4106],"product_tag":[],"class_list":{"0":"post-157237","1":"product","2":"type-product","3":"status-publish","4":"has-post-thumbnail","6":"product_cat-kitchen-system-sorento","7":"product_cat-gala-meble","9":"first","10":"instock","11":"purchasable","12":"product-type-simple"},"_links":{"self":[{"href":"https:\/\/baldumarket.lt\/lt\/wp-json\/wp\/v2\/product\/157237","targetHints":{"allow":["GET"]}}],"collection":[{"href":"https:\/\/baldumarket.lt\/lt\/wp-json\/wp\/v2\/product"}],"about":[{"href":"https:\/\/baldumarket.lt\/lt\/wp-json\/wp\/v2\/types\/product"}],"replies":[{"embeddable":true,"href":"https:\/\/baldumarket.lt\/lt\/wp-json\/wp\/v2\/comments?post=157237"}],"wp:featuredmedia":[{"embeddable":true,"href":"https:\/\/baldumarket.lt\/lt\/wp-json\/wp\/v2\/media\/157238"}],"wp:attachment":[{"href":"https:\/\/baldumarket.lt\/lt\/wp-json\/wp\/v2\/media?parent=157237"}],"wp:term":[{"taxonomy":"product_brand","embeddable":true,"href":"https:\/\/baldumarket.lt\/lt\/wp-json\/wp\/v2\/product_brand?post=157237"},{"taxonomy":"product_cat","embeddable":true,"href":"https:\/\/baldumarket.lt\/lt\/wp-json\/wp\/v2\/product_cat?post=157237"},{"taxonomy":"product_tag","embeddable":true,"href":"https:\/\/baldumarket.lt\/lt\/wp-json\/wp\/v2\/product_tag?post=157237"}],"curies":[{"name":"wp","href":"https:\/\/api.w.org\/{rel}","templated":true}]}}