{"id":157231,"date":"2025-12-18T23:23:30","date_gmt":"2025-12-18T20:23:30","guid":{"rendered":"https:\/\/baldumarket.lt\/product\/szafka-kuchenna-gorna-2d-nadstawka-sorento-n60n-bialy-mat-puccini\/"},"modified":"2026-02-18T11:08:45","modified_gmt":"2026-02-18T08:08:45","slug":"szafka-kuchenna-gorna-2d-nadstawka-sorento-n60n-bialy-mat-puccini","status":"publish","type":"product","link":"https:\/\/baldumarket.lt\/lt\/product\/szafka-kuchenna-gorna-2d-nadstawka-sorento-n60n-bialy-mat-puccini\/","title":{"rendered":"2D vir\u0161utin\u0117s virtuv\u0117s spintel\u0117s prailginimas Sorento N60N matin\u0117s baltos spalvos Puccini"},"content":{"rendered":"<p>Suteikite savo virtuvei modernumo su eleganti\u0161ka \u201eSorento N60N\u201c vir\u0161utine virtuv\u0117s spintele, pasi\u017eymin\u010dia rafinuota Puccini spalva. Minimalistinis dizainas puikiai dera prie modernaus interjero, pasi\u017eymi estetiniu patrauklumu ir funkcionalumu. Matin\u0117s baltos spalvos korpusas sukuria harmoning\u0105 fon\u0105 fasadams, kurie traukia d\u0117mes\u012f savo elegancija ir subtilumu. Stilius ir funkcionalumas yra neatsiejami, tod\u0117l \u0161i spintel\u0117 yra puikus sprendimas bet kuriai virtuvei. Jos konstrukcija paremta patvaria, atsparia pa\u017eeidimams laminato plok\u0161te, u\u017etikrinan\u010dia ilgaam\u017ei\u0161kum\u0105 ir estetin\u012f patrauklum\u0105 ilgus metus. \u201eFree Up\u201c pak\u0117limo ir \u201eClip-On\u201c vyriai su \u0161velnaus u\u017edarymo mechanizmu u\u017etikrina skland\u0173 ir tyl\u0173 atidarym\u0105 bei u\u017edarym\u0105 \u2013 tai, k\u0105 tikrai \u012fvertinsite kasdien naudodami. \u201eSorento N60N\u201c spintel\u0117 ne tik puikiai atrodo, bet ir pagerina j\u016bs\u0173 virtuv\u0117s funkcionalum\u0105. Gerai apgalvotas lentyn\u0173 i\u0161d\u0117stymas leid\u017eia efektyviai laikyti indus ir kitus virtuv\u0117s priedus. I\u0161traukiama lentyna ant b\u0117geli\u0173 yra prakti\u0161kas sprendimas, leid\u017eiantis lengvai pasiekti da\u017enai naudojamus daiktus.<\/p>","protected":false},"excerpt":{"rendered":"<p>Plotis (cm): 60<br \/>\n\u016agis (cm): 158<br \/>\nGylis (cm): 58<\/p>","protected":false},"featured_media":157232,"comment_status":"open","ping_status":"open","template":"","meta":[],"product_brand":[],"product_cat":[9436,4106],"product_tag":[],"class_list":{"0":"post-157231","1":"product","2":"type-product","3":"status-publish","4":"has-post-thumbnail","6":"product_cat-kitchen-system-sorento","7":"product_cat-gala-meble","9":"first","10":"instock","11":"purchasable","12":"product-type-simple"},"_links":{"self":[{"href":"https:\/\/baldumarket.lt\/lt\/wp-json\/wp\/v2\/product\/157231","targetHints":{"allow":["GET"]}}],"collection":[{"href":"https:\/\/baldumarket.lt\/lt\/wp-json\/wp\/v2\/product"}],"about":[{"href":"https:\/\/baldumarket.lt\/lt\/wp-json\/wp\/v2\/types\/product"}],"replies":[{"embeddable":true,"href":"https:\/\/baldumarket.lt\/lt\/wp-json\/wp\/v2\/comments?post=157231"}],"wp:featuredmedia":[{"embeddable":true,"href":"https:\/\/baldumarket.lt\/lt\/wp-json\/wp\/v2\/media\/157232"}],"wp:attachment":[{"href":"https:\/\/baldumarket.lt\/lt\/wp-json\/wp\/v2\/media?parent=157231"}],"wp:term":[{"taxonomy":"product_brand","embeddable":true,"href":"https:\/\/baldumarket.lt\/lt\/wp-json\/wp\/v2\/product_brand?post=157231"},{"taxonomy":"product_cat","embeddable":true,"href":"https:\/\/baldumarket.lt\/lt\/wp-json\/wp\/v2\/product_cat?post=157231"},{"taxonomy":"product_tag","embeddable":true,"href":"https:\/\/baldumarket.lt\/lt\/wp-json\/wp\/v2\/product_tag?post=157231"}],"curies":[{"name":"wp","href":"https:\/\/api.w.org\/{rel}","templated":true}]}}