{"id":157225,"date":"2025-12-18T23:23:17","date_gmt":"2025-12-18T20:23:17","guid":{"rendered":"https:\/\/baldumarket.lt\/product\/szafka-kuchenna-gorna-2d-nadstawka-sorento-n60n-puccini-bezowy-mat\/"},"modified":"2026-02-18T11:08:45","modified_gmt":"2026-02-18T08:08:45","slug":"szafka-kuchenna-gorna-2d-nadstawka-sorento-n60n-puccini-bezowy-mat","status":"publish","type":"product","link":"https:\/\/baldumarket.lt\/lt\/product\/szafka-kuchenna-gorna-2d-nadstawka-sorento-n60n-puccini-bezowy-mat\/","title":{"rendered":"2D vir\u0161utin\u0117s virtuv\u0117s spintel\u0117s prailginimas Sorento N60N Puccini sm\u0117lio spalvos matinis"},"content":{"rendered":"<p>I\u0161skirtinai stilinga ir funkcionali \u201eSorento N60N 2-D\u201c vir\u0161utin\u0117 virtuv\u0117s spintel\u0117 su prailginimo elementu yra tikras perlas tarp modernios virtuv\u0117s \u012frangos. Eleganti\u0161ka sm\u0117lio spalva su matiniu pavir\u0161iumi suteikia interjerui subtilios elegancijos, deran\u010dios prie beveik bet kokio stiliaus. D\u0117l Puccini spalvos korpuso spintel\u0117 tampa vizualiniu centru, atkreipian\u010diu d\u0117mes\u012f ir pabr\u0117\u017eian\u010diu visos virtuv\u0117s estetik\u0105. Nors jos i\u0161vaizda klasikin\u0117, \u201eSorento\u201c spintel\u0117 si\u016blo modern\u0173 funkcionalum\u0105, puikiai atitinkant\u012f \u0161iuolaikinio vartotojo poreikius. Patog\u0173 pri\u0117jim\u0105 prie jos vidaus u\u017etikrina \u0161velnaus u\u017edarymo sistema, kuri ne tik padidina komfort\u0105, bet ir apsaugo spintel\u0119 nuo pa\u017eeidim\u0173. Dvi erdvios lentynos leid\u017eia geriau organizuoti daiktus, o \u201eFree Up\u201c pak\u0117limo mechanizmas u\u017etikrina lengv\u0105 ir skland\u0173 dureli\u0173 atidarym\u0105. Pagaminta i\u0161 laminuotos plok\u0161t\u0117s, prailginimo spintel\u0117 yra labai atspari \u012fbr\u0117\u017eimams ir kasdieniam d\u0117v\u0117jimuisi, garantuodama jos ilgaam\u017ei\u0161kum\u0105. Auk\u0161tos kokyb\u0117s konstrukcija u\u017etikrina stabilum\u0105 ir ilgaam\u017ei\u0161kum\u0105, o tai labai svarbu u\u017eimtose virtuv\u0117se. Ypa\u010d vertinami ir kompakti\u0161ki matmenys, tod\u0117l ji puikiai tinka net ir ma\u017eesn\u0117se erdv\u0117se.<\/p>","protected":false},"excerpt":{"rendered":"<p>Plotis (cm): 60<br \/>\n\u016agis (cm): 158<br \/>\nGylis (cm): 58<\/p>","protected":false},"featured_media":157226,"comment_status":"open","ping_status":"open","template":"","meta":[],"product_brand":[],"product_cat":[9436,4106],"product_tag":[],"class_list":{"0":"post-157225","1":"product","2":"type-product","3":"status-publish","4":"has-post-thumbnail","6":"product_cat-kitchen-system-sorento","7":"product_cat-gala-meble","9":"first","10":"instock","11":"purchasable","12":"product-type-simple"},"_links":{"self":[{"href":"https:\/\/baldumarket.lt\/lt\/wp-json\/wp\/v2\/product\/157225","targetHints":{"allow":["GET"]}}],"collection":[{"href":"https:\/\/baldumarket.lt\/lt\/wp-json\/wp\/v2\/product"}],"about":[{"href":"https:\/\/baldumarket.lt\/lt\/wp-json\/wp\/v2\/types\/product"}],"replies":[{"embeddable":true,"href":"https:\/\/baldumarket.lt\/lt\/wp-json\/wp\/v2\/comments?post=157225"}],"wp:featuredmedia":[{"embeddable":true,"href":"https:\/\/baldumarket.lt\/lt\/wp-json\/wp\/v2\/media\/157226"}],"wp:attachment":[{"href":"https:\/\/baldumarket.lt\/lt\/wp-json\/wp\/v2\/media?parent=157225"}],"wp:term":[{"taxonomy":"product_brand","embeddable":true,"href":"https:\/\/baldumarket.lt\/lt\/wp-json\/wp\/v2\/product_brand?post=157225"},{"taxonomy":"product_cat","embeddable":true,"href":"https:\/\/baldumarket.lt\/lt\/wp-json\/wp\/v2\/product_cat?post=157225"},{"taxonomy":"product_tag","embeddable":true,"href":"https:\/\/baldumarket.lt\/lt\/wp-json\/wp\/v2\/product_tag?post=157225"}],"curies":[{"name":"wp","href":"https:\/\/api.w.org\/{rel}","templated":true}]}}