{"id":157219,"date":"2025-12-18T23:23:05","date_gmt":"2025-12-18T20:23:05","guid":{"rendered":"https:\/\/baldumarket.lt\/product\/szafka-kuchenna-gorna-2d-nadstawka-sorento-n60n-puccini-bialy-mat-ramka\/"},"modified":"2026-02-18T11:08:29","modified_gmt":"2026-02-18T08:08:29","slug":"szafka-kuchenna-gorna-2d-nadstawka-sorento-n60n-puccini-bialy-mat-ramka","status":"publish","type":"product","link":"https:\/\/baldumarket.lt\/lt\/product\/szafka-kuchenna-gorna-2d-nadstawka-sorento-n60n-puccini-bialy-mat-ramka\/","title":{"rendered":"2D spalvos vir\u0161utin\u0117s virtuv\u0117s spintel\u0117s prailginimas Sorento N60N Puccini matin\u0117s baltos"},"content":{"rendered":"<p>Suteikite savo virtuvei elegancijos su matin\u0117s baltos spalvos \u201eSorento\u201c vir\u0161utine virtuv\u0117s spintele su \u201ePuccini\u201c korpusu, kuri i\u0161 karto patrauks kiekvieno gra\u017eaus interjero entuziasto ak\u012f. Subtilus klasikin\u0117s matin\u0117s baltos spalvos ir \u201ePuccini\u201c med\u017eio imitacijos apdailos derinys suteikia kambariui \u0161ilumos ir jaukumo, sukurdamas harmoning\u0105 atmosfer\u0105, puikiai tinkan\u010di\u0105 maisto gaminimui ir susib\u016brimams prie virtuv\u0117s stalo. \u0160io tipo vir\u0161utin\u0117 spintel\u0117 ne tik \u017eavi savo dizainu, bet ir yra ne\u012ftik\u0117tinai funkcionali. D\u0117l toki\u0173 prakti\u0161k\u0173 savybi\u0173 kaip i\u0161traukiama lentyna ant b\u0117geli\u0173, viskas yra ranka pasiekiama. Tai puiki vieta laikyti re\u010diau naudojamus virtuv\u0117s reikmenis, ta\u010diau vis tiek lengvai pasiekiama, kai reikia. Be to, \u0161velniai u\u017esidarantys \u201eClip-On\u201c vyriai u\u017etikrina skland\u0173 ir prakti\u0161kai tyl\u0173 dureli\u0173 u\u017edarym\u0105, o tai b\u016btina namuose, kur tyla yra svarbiausia. Stilingos detal\u0117s, tokios kaip auksin\u0117s metalin\u0117s ranken\u0117l\u0117s, suteikia elegancijos, o j\u0173 subtilus blizgesys puikiai papildo matin\u0119 apdail\u0105. \u0160i spintel\u0117 yra ne tik prakti\u0161ka, bet ir dekoratyvinis elementas bet kurioje virtuv\u0117je. D\u0117l novatori\u0161ko \u201eFree Up\u201c pak\u0117limo ja naudotis dar patogiau, o visa kasdien\u0117 veikla paver\u010diama tikru malonumu.<\/p>","protected":false},"excerpt":{"rendered":"<p>Plotis (cm): 60<br \/>\n\u016agis (cm): 158<br \/>\nGylis (cm): 58<\/p>","protected":false},"featured_media":157220,"comment_status":"open","ping_status":"open","template":"","meta":[],"product_brand":[],"product_cat":[9436,4106],"product_tag":[],"class_list":{"0":"post-157219","1":"product","2":"type-product","3":"status-publish","4":"has-post-thumbnail","6":"product_cat-kitchen-system-sorento","7":"product_cat-gala-meble","9":"first","10":"instock","11":"purchasable","12":"product-type-simple"},"_links":{"self":[{"href":"https:\/\/baldumarket.lt\/lt\/wp-json\/wp\/v2\/product\/157219","targetHints":{"allow":["GET"]}}],"collection":[{"href":"https:\/\/baldumarket.lt\/lt\/wp-json\/wp\/v2\/product"}],"about":[{"href":"https:\/\/baldumarket.lt\/lt\/wp-json\/wp\/v2\/types\/product"}],"replies":[{"embeddable":true,"href":"https:\/\/baldumarket.lt\/lt\/wp-json\/wp\/v2\/comments?post=157219"}],"wp:featuredmedia":[{"embeddable":true,"href":"https:\/\/baldumarket.lt\/lt\/wp-json\/wp\/v2\/media\/157220"}],"wp:attachment":[{"href":"https:\/\/baldumarket.lt\/lt\/wp-json\/wp\/v2\/media?parent=157219"}],"wp:term":[{"taxonomy":"product_brand","embeddable":true,"href":"https:\/\/baldumarket.lt\/lt\/wp-json\/wp\/v2\/product_brand?post=157219"},{"taxonomy":"product_cat","embeddable":true,"href":"https:\/\/baldumarket.lt\/lt\/wp-json\/wp\/v2\/product_cat?post=157219"},{"taxonomy":"product_tag","embeddable":true,"href":"https:\/\/baldumarket.lt\/lt\/wp-json\/wp\/v2\/product_tag?post=157219"}],"curies":[{"name":"wp","href":"https:\/\/api.w.org\/{rel}","templated":true}]}}