{"id":157213,"date":"2025-12-18T23:22:52","date_gmt":"2025-12-18T20:22:52","guid":{"rendered":"https:\/\/baldumarket.lt\/product\/szafka-kuchenna-gorna-2d-nadstawka-sorento-n60n-puccini-green\/"},"modified":"2026-02-18T11:08:29","modified_gmt":"2026-02-18T08:08:29","slug":"szafka-kuchenna-gorna-2d-nadstawka-sorento-n60n-puccini-green","status":"publish","type":"product","link":"https:\/\/baldumarket.lt\/lt\/product\/szafka-kuchenna-gorna-2d-nadstawka-sorento-n60n-puccini-green\/","title":{"rendered":"2D vir\u0161utin\u0117s virtuv\u0117s spintel\u0117s prailginimas Sorento N60N Puccini \u017ealias"},"content":{"rendered":"<p>\u201eSorento N60N\u201c vir\u0161utin\u0117 virtuv\u0117s spintel\u0117 \u201ePuccini Green\u201c spalvos \u2013 tai tobulas modernios elegancijos ir prakti\u0161ko funkcionalumo derinys. Unikali \u017ealia fasadin\u0117 dalis suteikia bet kuriai virtuvei gaivumo ir rafinuoto charakterio. Harmoningas derinys su \u201ePuccini\u201c spalvos korpusu sukuria darni\u0105 ir stiling\u0105 i\u0161vaizd\u0105, puikiai tinkan\u010di\u0105 tiek tradiciniam, tiek moderniam interjerui. \u0160i spintel\u0117 yra ne tik gra\u017ei dekoracija, bet ir erdv\u0117, kuri pad\u0117s jums palaikyti tvark\u0105. 158 cm auk\u0161\u010dio spintel\u0117 si\u016blo daug vietos daiktams susid\u0117ti, u\u017etikrindama patogum\u0105 ir lengv\u0105 prieig\u0105 prie reikiam\u0173 daikt\u0173. I\u0161traukiama lentyna, judanti ant tvirt\u0173 b\u0117geli\u0173, leid\u017eia greitai pasiekti turin\u012f \u2013 ne\u012fkainojamas patogumas spar\u010diai besikei\u010dian\u010diame gyvenimo tempe. \u201eSorento\u201c spintel\u0117s surinkimas buvo sukurtas atsi\u017evelgiant \u012f naudotojo patogum\u0105. Savaime surenkama sistema leid\u017eia m\u0117gautis pasitenkinimu ruo\u0161iant virtuv\u0119 patiems. Juodos metalin\u0117s rankenos suteikia elegancijos ir yra prakti\u0161kos kasdieniam naudojimui. U\u017esegami vyriai su \u0161velnaus u\u017edarymo funkcija garantuoja skland\u0173 ir tyl\u0173 dureli\u0173 u\u017edarym\u0105, u\u017etikrindami patvarum\u0105 ir naudojimo komfort\u0105.<\/p>","protected":false},"excerpt":{"rendered":"<p>Plotis (cm): 60<br \/>\n\u016agis (cm): 158<br \/>\nGylis (cm): 58<\/p>","protected":false},"featured_media":157214,"comment_status":"open","ping_status":"open","template":"","meta":[],"product_brand":[],"product_cat":[9436,4106],"product_tag":[],"class_list":{"0":"post-157213","1":"product","2":"type-product","3":"status-publish","4":"has-post-thumbnail","6":"product_cat-kitchen-system-sorento","7":"product_cat-gala-meble","9":"first","10":"instock","11":"purchasable","12":"product-type-simple"},"_links":{"self":[{"href":"https:\/\/baldumarket.lt\/lt\/wp-json\/wp\/v2\/product\/157213","targetHints":{"allow":["GET"]}}],"collection":[{"href":"https:\/\/baldumarket.lt\/lt\/wp-json\/wp\/v2\/product"}],"about":[{"href":"https:\/\/baldumarket.lt\/lt\/wp-json\/wp\/v2\/types\/product"}],"replies":[{"embeddable":true,"href":"https:\/\/baldumarket.lt\/lt\/wp-json\/wp\/v2\/comments?post=157213"}],"wp:featuredmedia":[{"embeddable":true,"href":"https:\/\/baldumarket.lt\/lt\/wp-json\/wp\/v2\/media\/157214"}],"wp:attachment":[{"href":"https:\/\/baldumarket.lt\/lt\/wp-json\/wp\/v2\/media?parent=157213"}],"wp:term":[{"taxonomy":"product_brand","embeddable":true,"href":"https:\/\/baldumarket.lt\/lt\/wp-json\/wp\/v2\/product_brand?post=157213"},{"taxonomy":"product_cat","embeddable":true,"href":"https:\/\/baldumarket.lt\/lt\/wp-json\/wp\/v2\/product_cat?post=157213"},{"taxonomy":"product_tag","embeddable":true,"href":"https:\/\/baldumarket.lt\/lt\/wp-json\/wp\/v2\/product_tag?post=157213"}],"curies":[{"name":"wp","href":"https:\/\/api.w.org\/{rel}","templated":true}]}}