{"id":157209,"date":"2025-12-18T23:22:44","date_gmt":"2025-12-18T20:22:44","guid":{"rendered":"https:\/\/baldumarket.lt\/product\/szafka-kuchenna-gorna-2d-narozna-sorento-g60n2-baltic-storm-bezowy-mat\/"},"modified":"2026-02-18T11:08:29","modified_gmt":"2026-02-18T08:08:29","slug":"szafka-kuchenna-gorna-2d-narozna-sorento-g60n2-baltic-storm-bezowy-mat","status":"publish","type":"product","link":"https:\/\/baldumarket.lt\/lt\/product\/szafka-kuchenna-gorna-2d-narozna-sorento-g60n2-baltic-storm-bezowy-mat\/","title":{"rendered":"Vir\u0161utin\u0117 2D kampin\u0117 virtuv\u0117s spintel\u0117 Sorento G60N2 Baltic Storm Beige Matte"},"content":{"rendered":"<p>Pamir\u0161kite kasdienius virtuv\u0117s daikt\u0173 laikymo i\u0161\u0161\u016bkius su eleganti\u0161ka \u201eGa\u0142a Meble\u201c kampine vir\u0161utine virtuv\u0117s spintele \u201eSorento G60N2 2-D\u201c. \u0160i stilinga matin\u0117s sm\u0117lio spalvos ir \u201eBaltic Storm\u201c atspalvi\u0173 spintel\u0117 suteikia bet kuriai virtuv\u0117s erdvei klas\u0117s ir modernumo, sukurdama harmoning\u0105 ir funkcional\u0173 erdv\u0119.<\/p>\n<p>Esteti\u0161kas dizainas kartu su med\u017eiag\u0173 patvarumu paver\u010dia j\u012f puikiu sprendimu bet kuriai virtuvei. Matin\u0117s sm\u0117lio spalvos priekin\u0117 dalis subtiliai kontrastuoja su \u201eBaltic Storm\u201c korpusu, tod\u0117l yra ne\u012ftik\u0117tinai patrauklus dizaino elementas. \u0160i spintel\u0117 ne tik suteikia elegancijos, bet ir leid\u017eia maksimaliai i\u0161naudoti virtuv\u0117s kampus, kurie da\u017enai pamir\u0161tami.<\/p>\n<p>D\u0117l prakti\u0161k\u0173 \u201eClip-On\u201c vyri\u0173 su \u0161velnaus u\u017edarymo mechanizmu spintele naudotis patogu ir tylu. Dvi reguliuojamo auk\u0161\u010dio lentynos viduje suteikia daug vietos svarbiausiems virtuv\u0117s priedams laikyti, i\u0161laikant tvark\u0105 ir lengv\u0105 organizavim\u0105. Tai puiki vieta prieskoniams, indams ar kitiems smulkiems daiktams, kuriuos norite laikyti po ranka.<\/p>\n<p>Surinkimas yra paprastas ir intuityvus, tod\u0117l galite reguliuoti dur\u0173 atidarymo krypt\u012f pagal savo poreikius. D\u0117l reguliuojamo pakabos ir b\u0117gelio galite lengvai nustatyti norim\u0105 auk\u0161t\u012f, optimaliai i\u0161naudodami erdv\u0119. Pasirinkite \u201eSorento G60N2\u201c spintel\u0119 ir m\u0117gaukit\u0117s funkcionalumu bei dizainu, kurie tobulai dera su forma ir funkcija.<\/p>","protected":false},"excerpt":{"rendered":"<p>Plotis (cm): 60<br \/>\n\u016agis (cm): 100<br \/>\nGylis (cm): 60<\/p>","protected":false},"featured_media":157210,"comment_status":"open","ping_status":"open","template":"","meta":[],"product_brand":[],"product_cat":[9436,4106],"product_tag":[],"class_list":{"0":"post-157209","1":"product","2":"type-product","3":"status-publish","4":"has-post-thumbnail","6":"product_cat-kitchen-system-sorento","7":"product_cat-gala-meble","9":"first","10":"instock","11":"purchasable","12":"product-type-simple"},"_links":{"self":[{"href":"https:\/\/baldumarket.lt\/lt\/wp-json\/wp\/v2\/product\/157209","targetHints":{"allow":["GET"]}}],"collection":[{"href":"https:\/\/baldumarket.lt\/lt\/wp-json\/wp\/v2\/product"}],"about":[{"href":"https:\/\/baldumarket.lt\/lt\/wp-json\/wp\/v2\/types\/product"}],"replies":[{"embeddable":true,"href":"https:\/\/baldumarket.lt\/lt\/wp-json\/wp\/v2\/comments?post=157209"}],"wp:featuredmedia":[{"embeddable":true,"href":"https:\/\/baldumarket.lt\/lt\/wp-json\/wp\/v2\/media\/157210"}],"wp:attachment":[{"href":"https:\/\/baldumarket.lt\/lt\/wp-json\/wp\/v2\/media?parent=157209"}],"wp:term":[{"taxonomy":"product_brand","embeddable":true,"href":"https:\/\/baldumarket.lt\/lt\/wp-json\/wp\/v2\/product_brand?post=157209"},{"taxonomy":"product_cat","embeddable":true,"href":"https:\/\/baldumarket.lt\/lt\/wp-json\/wp\/v2\/product_cat?post=157209"},{"taxonomy":"product_tag","embeddable":true,"href":"https:\/\/baldumarket.lt\/lt\/wp-json\/wp\/v2\/product_tag?post=157209"}],"curies":[{"name":"wp","href":"https:\/\/api.w.org\/{rel}","templated":true}]}}