{"id":157204,"date":"2025-12-18T23:22:34","date_gmt":"2025-12-18T20:22:34","guid":{"rendered":"https:\/\/baldumarket.lt\/product\/szafka-kuchenna-gorna-2d-narozna-sorento-g60n2-baltic-storm-green\/"},"modified":"2026-02-18T11:08:29","modified_gmt":"2026-02-18T08:08:29","slug":"szafka-kuchenna-gorna-2d-narozna-sorento-g60n2-baltic-storm-green","status":"publish","type":"product","link":"https:\/\/baldumarket.lt\/lt\/product\/szafka-kuchenna-gorna-2d-narozna-sorento-g60n2-baltic-storm-green\/","title":{"rendered":"Vir\u0161utin\u0117 2D kampin\u0117 virtuv\u0117s spintel\u0117 Sorento G60N2 Baltic Storm Green"},"content":{"rendered":"<p>Patraukite d\u0117mes\u012f ir atlaisvinkite vietos su \u201eSorento G60N2 2D\u201c kampine vir\u0161utine virtuv\u0117s spintele \u201eBaltic Storm Green\u201c spalvos. \u0160i unikali spintel\u0117 ne tik papuo\u0161 j\u016bs\u0173 virtuv\u0119, bet ir pasi\u017eymi eleganti\u0161ka bei modernia estetika, kuri skland\u017eiai dera su \u012fvairiais interjero stiliais. Matinis \u017ealias fasadas kartu su subtiliu vandens m\u0117lynumo korpusu sukurs harmonijos ir gaivumo poj\u016bt\u012f j\u016bs\u0173 virtuv\u0117je. D\u0117l prakti\u0161ko dizaino ir auk\u0161tos kokyb\u0117s laminuotos plok\u0161t\u0117s panaudojimo \u201eSorento G60N2\u201c spintel\u0117 atlaiko laiko i\u0161bandym\u0105 tiek patvarumo, tiek estetikos po\u017ei\u016briu. Nesvarbu, ar dureles montuosite kair\u0117je, ar de\u0161in\u0117je, m\u0117gaukit\u0117s patogiu naudojimu, kur\u012f u\u017etikrina tylus \u201eClip-On\u201c vyri\u0173 mechanizmas. Tylus u\u017edarymo mechanizmas padidina naudojimo komfort\u0105, ypa\u010d u\u017eimtose virtuv\u0117s erdv\u0117se. Funkcionalumas yra dar vienas \u0161io baldo privalumas, skatinantis tyrin\u0117ti naujas virtuv\u0117s organizavimo galimybes. Dvi gerai apgalvotos lentynos spintel\u0117s viduje suteikia daug vietos prieskoniams, indams ir m\u0117gstamiems pagardams laikyti. D\u0117l komplekte esan\u010dio reguliuojamo pakabos ir juostel\u0117s galite lengvai pritaikyti auk\u0161t\u012f ir tvirtinimo b\u016bd\u0105 pagal savo poreikius.<\/p>","protected":false},"excerpt":{"rendered":"<p>Plotis (cm): 60<br \/>\n\u016agis (cm): 100<br \/>\nGylis (cm): 60<\/p>","protected":false},"featured_media":157205,"comment_status":"open","ping_status":"open","template":"","meta":[],"product_brand":[],"product_cat":[9436,4106],"product_tag":[],"class_list":{"0":"post-157204","1":"product","2":"type-product","3":"status-publish","4":"has-post-thumbnail","6":"product_cat-kitchen-system-sorento","7":"product_cat-gala-meble","9":"first","10":"instock","11":"purchasable","12":"product-type-simple"},"_links":{"self":[{"href":"https:\/\/baldumarket.lt\/lt\/wp-json\/wp\/v2\/product\/157204","targetHints":{"allow":["GET"]}}],"collection":[{"href":"https:\/\/baldumarket.lt\/lt\/wp-json\/wp\/v2\/product"}],"about":[{"href":"https:\/\/baldumarket.lt\/lt\/wp-json\/wp\/v2\/types\/product"}],"replies":[{"embeddable":true,"href":"https:\/\/baldumarket.lt\/lt\/wp-json\/wp\/v2\/comments?post=157204"}],"wp:featuredmedia":[{"embeddable":true,"href":"https:\/\/baldumarket.lt\/lt\/wp-json\/wp\/v2\/media\/157205"}],"wp:attachment":[{"href":"https:\/\/baldumarket.lt\/lt\/wp-json\/wp\/v2\/media?parent=157204"}],"wp:term":[{"taxonomy":"product_brand","embeddable":true,"href":"https:\/\/baldumarket.lt\/lt\/wp-json\/wp\/v2\/product_brand?post=157204"},{"taxonomy":"product_cat","embeddable":true,"href":"https:\/\/baldumarket.lt\/lt\/wp-json\/wp\/v2\/product_cat?post=157204"},{"taxonomy":"product_tag","embeddable":true,"href":"https:\/\/baldumarket.lt\/lt\/wp-json\/wp\/v2\/product_tag?post=157204"}],"curies":[{"name":"wp","href":"https:\/\/api.w.org\/{rel}","templated":true}]}}