{"id":157199,"date":"2025-12-18T23:22:23","date_gmt":"2025-12-18T20:22:23","guid":{"rendered":"https:\/\/baldumarket.lt\/product\/szafka-kuchenna-gorna-2d-narozna-sorento-g60n2-bialy-green\/"},"modified":"2026-02-18T11:08:29","modified_gmt":"2026-02-18T08:08:29","slug":"szafka-kuchenna-gorna-2d-narozna-sorento-g60n2-bialy-green","status":"publish","type":"product","link":"https:\/\/baldumarket.lt\/lt\/product\/szafka-kuchenna-gorna-2d-narozna-sorento-g60n2-bialy-green\/","title":{"rendered":"Sorento G60N2 balta vir\u0161utinio kampinio virtuv\u0117s spintel\u0117s 2D"},"content":{"rendered":"<p>\u201eSorento G60N2 2-D\u201c kampin\u0117 vir\u0161utin\u0117 virtuv\u0117s spintel\u0117 \u2013 puikus sprendimas tiems, kurie savo virtuv\u0117je ie\u0161ko harmoningo stiliaus ir funkcionalumo derinio. Eleganti\u0161kas, matin\u0117s baltos spalvos korpusas kartu su matin\u0117s \u017ealios spalvos priekiu sukuria gaiv\u0173 ir modern\u0173 dizain\u0105. D\u0117l kampinio dizaino spintel\u0117 puikiai tinka net ma\u017eoms erdv\u0117ms, tuo pa\u010diu metu suteikdama prakti\u0161kos vietos daiktams susid\u0117ti. Ak\u012f traukiantis spalv\u0173 derinys \u0161i\u0105 virtuv\u0117s spintel\u0119 paver\u010dia ne tik funkcionalia, bet ir pagrindiniu dekoratyviniu elementu virtuv\u0117je. \u017davingas \u017ealias priekis suteikia visam kambariui jaukumo ir charakterio, kur\u012f tikrai \u012fvertins modernaus interjero m\u0117g\u0117jai. Spintel\u0117s traukiant atidaroma konstrukcija leid\u017eia ja naudotis nepaprastai patogiai ir intuityviai. \u201eSorento G60N2 2-D\u201c kampin\u0117s vir\u0161utin\u0117s virtuv\u0117s spintel\u0117s funkcionalum\u0105 pabr\u0117\u017eia dvi reguliuojamos lentynos viduje, leid\u017eian\u010dios pritaikyti erdv\u0119 pagal savo poreikius. Ji puikiai tinka indams, prieskoniams ir kitiems virtuv\u0117s reikmenims laikyti, i\u0161laikant virtuv\u0117s stal\u010dius tvarkingus ir esteti\u0161kai patrauklius. Be to, u\u017esegami vyriai u\u017etikrina tyl\u0173 ir skland\u0173 u\u017edarym\u0105, tod\u0117l ji nepaprastai prakti\u0161ka kasdieniam naudojimui.<\/p>","protected":false},"excerpt":{"rendered":"<p>Plotis (cm): 60<br \/>\n\u016agis (cm): 100<br \/>\nGylis (cm): 60<\/p>","protected":false},"featured_media":157200,"comment_status":"open","ping_status":"open","template":"","meta":[],"product_brand":[],"product_cat":[9436,4106],"product_tag":[],"class_list":{"0":"post-157199","1":"product","2":"type-product","3":"status-publish","4":"has-post-thumbnail","6":"product_cat-kitchen-system-sorento","7":"product_cat-gala-meble","9":"first","10":"instock","11":"purchasable","12":"product-type-simple"},"_links":{"self":[{"href":"https:\/\/baldumarket.lt\/lt\/wp-json\/wp\/v2\/product\/157199","targetHints":{"allow":["GET"]}}],"collection":[{"href":"https:\/\/baldumarket.lt\/lt\/wp-json\/wp\/v2\/product"}],"about":[{"href":"https:\/\/baldumarket.lt\/lt\/wp-json\/wp\/v2\/types\/product"}],"replies":[{"embeddable":true,"href":"https:\/\/baldumarket.lt\/lt\/wp-json\/wp\/v2\/comments?post=157199"}],"wp:featuredmedia":[{"embeddable":true,"href":"https:\/\/baldumarket.lt\/lt\/wp-json\/wp\/v2\/media\/157200"}],"wp:attachment":[{"href":"https:\/\/baldumarket.lt\/lt\/wp-json\/wp\/v2\/media?parent=157199"}],"wp:term":[{"taxonomy":"product_brand","embeddable":true,"href":"https:\/\/baldumarket.lt\/lt\/wp-json\/wp\/v2\/product_brand?post=157199"},{"taxonomy":"product_cat","embeddable":true,"href":"https:\/\/baldumarket.lt\/lt\/wp-json\/wp\/v2\/product_cat?post=157199"},{"taxonomy":"product_tag","embeddable":true,"href":"https:\/\/baldumarket.lt\/lt\/wp-json\/wp\/v2\/product_tag?post=157199"}],"curies":[{"name":"wp","href":"https:\/\/api.w.org\/{rel}","templated":true}]}}