{"id":157192,"date":"2025-12-18T23:22:08","date_gmt":"2025-12-18T20:22:08","guid":{"rendered":"https:\/\/baldumarket.lt\/product\/szafka-kuchenna-gorna-2d-narozna-sorento-g60n2-bialy-mat\/"},"modified":"2026-02-18T11:08:29","modified_gmt":"2026-02-18T08:08:29","slug":"szafka-kuchenna-gorna-2d-narozna-sorento-g60n2-bialy-mat","status":"publish","type":"product","link":"https:\/\/baldumarket.lt\/lt\/product\/szafka-kuchenna-gorna-2d-narozna-sorento-g60n2-bialy-mat\/","title":{"rendered":"Vir\u0161utin\u0117 2D kampin\u0117 virtuv\u0117s spintel\u0117 Sorento G60N2 matin\u0117s baltos spalvos"},"content":{"rendered":"<p>Atraskite elegancij\u0105 ir rafinuotum\u0105 su \u201eSorento G60N2 2-D\u201c kampine vir\u0161utine virtuv\u0117s spintele, kurios spalva \u2013 matin\u0117 balta. \u0160i unikali spintel\u0117 \u2013 tobulas modernaus dizaino ir prakti\u0161ko funkcionalumo derinys, puikiai tinkantis bet kuriai virtuvei. Subtili balta spalva su matiniu pavir\u0161iumi suteikia gaivumo ir prabangos, tod\u0117l virtuv\u0117 tampa dar jaukesn\u0117. \u201eSorento\u201c spintel\u0117 \u2013 puikus sprendimas tiems, kurie vertina estetik\u0105 ir tvark\u0105. Kampinis dizainas leid\u017eia maksimaliai i\u0161naudoti virtuv\u0117s erdv\u0119 ir kartu yra prakti\u0161kas. Tai leid\u017eia apgalvotai susid\u0117ti daiktus, u\u017etikrinant, kad viskas, ko jums reikia, visada b\u016bt\u0173 ranka pasiekiama. Tvirta MDF ir laminuotos plok\u0161t\u0117s konstrukcija u\u017etikrina patvarum\u0105 ir atsparum\u0105 kasdieniams virtuv\u0117s i\u0161\u0161\u016bkiams. D\u0117l aukso spalvos metalini\u0173 ranken\u0117li\u0173 spintel\u0117 tampa ne tik funkcionaliu virtuv\u0117s elementu, bet ir dekoratyviniu elementu. Subtil\u016bs auksiniai akcentai suteikia elegancijos ir pabr\u0117\u017eia modern\u0173 bald\u0173 charakter\u012f. Spintel\u0117s durel\u0117s su \u201eClip-On\u201c vyriais su \u0161velnaus u\u017edarymo funkcija veikia skland\u017eiai ir tyliai, o tai padidina kasdienio naudojimo patogum\u0105.<\/p>","protected":false},"excerpt":{"rendered":"<p>Plotis (cm): 60<br \/>\n\u016agis (cm): 100<br \/>\nGylis (cm): 60<\/p>","protected":false},"featured_media":157193,"comment_status":"open","ping_status":"open","template":"","meta":[],"product_brand":[],"product_cat":[9436,4106],"product_tag":[],"class_list":{"0":"post-157192","1":"product","2":"type-product","3":"status-publish","4":"has-post-thumbnail","6":"product_cat-kitchen-system-sorento","7":"product_cat-gala-meble","9":"first","10":"instock","11":"purchasable","12":"product-type-simple"},"_links":{"self":[{"href":"https:\/\/baldumarket.lt\/lt\/wp-json\/wp\/v2\/product\/157192","targetHints":{"allow":["GET"]}}],"collection":[{"href":"https:\/\/baldumarket.lt\/lt\/wp-json\/wp\/v2\/product"}],"about":[{"href":"https:\/\/baldumarket.lt\/lt\/wp-json\/wp\/v2\/types\/product"}],"replies":[{"embeddable":true,"href":"https:\/\/baldumarket.lt\/lt\/wp-json\/wp\/v2\/comments?post=157192"}],"wp:featuredmedia":[{"embeddable":true,"href":"https:\/\/baldumarket.lt\/lt\/wp-json\/wp\/v2\/media\/157193"}],"wp:attachment":[{"href":"https:\/\/baldumarket.lt\/lt\/wp-json\/wp\/v2\/media?parent=157192"}],"wp:term":[{"taxonomy":"product_brand","embeddable":true,"href":"https:\/\/baldumarket.lt\/lt\/wp-json\/wp\/v2\/product_brand?post=157192"},{"taxonomy":"product_cat","embeddable":true,"href":"https:\/\/baldumarket.lt\/lt\/wp-json\/wp\/v2\/product_cat?post=157192"},{"taxonomy":"product_tag","embeddable":true,"href":"https:\/\/baldumarket.lt\/lt\/wp-json\/wp\/v2\/product_tag?post=157192"}],"curies":[{"name":"wp","href":"https:\/\/api.w.org\/{rel}","templated":true}]}}