{"id":157188,"date":"2025-12-18T23:22:00","date_gmt":"2025-12-18T20:22:00","guid":{"rendered":"https:\/\/baldumarket.lt\/product\/szafka-kuchenna-gorna-2d-narozna-sorento-g60n2-bialy-mat-bezowy-mat\/"},"modified":"2026-02-18T11:08:29","modified_gmt":"2026-02-18T08:08:29","slug":"szafka-kuchenna-gorna-2d-narozna-sorento-g60n2-bialy-mat-bezowy-mat","status":"publish","type":"product","link":"https:\/\/baldumarket.lt\/lt\/product\/szafka-kuchenna-gorna-2d-narozna-sorento-g60n2-bialy-mat-bezowy-mat\/","title":{"rendered":"Vir\u0161utin\u0117 2D kampin\u0117 virtuv\u0117s spintel\u0117 Sorento G60N2 matin\u0117s baltos matin\u0117s sm\u0117lio spalvos"},"content":{"rendered":"<p>\u201eSorento G60N2 2-D\u201c kampin\u0117 vir\u0161utin\u0117 virtuv\u0117s spintel\u0117 \u2013 gra\u017eus ir prakti\u0161kas sprendimas bet kuriai virtuvei. Matin\u0117s baltos ir sm\u0117lio spalvos derinys suteikia kambariui eleganti\u0161k\u0105 ir modern\u0173 akcent\u0105, sukurdamas harmoning\u0105 erdv\u0119, kuri su\u017eav\u0117s kiekvien\u0105 lankytoj\u0105. Matin\u0117s baltos spalvos korpusas kartu su sm\u0117lio spalvos fasadais pabr\u0117\u017eia modern\u0173 dizain\u0105, kuris papildys bet kok\u012f interjer\u0105.<\/p>\n<p>\u201eSorento G60N2\u201c spintel\u0117s funkcionalumas yra dar vienas neabejotinas privalumas. Ji buvo sukurta siekiant maksimaliai i\u0161naudoti erdv\u0119 kampe ir u\u017etikrinti lengv\u0105 prieig\u0105 prie laikom\u0173 daikt\u0173. Durys, kurias galima montuoti de\u0161in\u0117je arba kair\u0117je pus\u0117je, turi u\u017espaud\u017eiamus vyrius su \u0161velnaus u\u017edarymo funkcija, u\u017etikrinan\u010dia komfort\u0105 ir apsaug\u0105 nuo atsitiktinio u\u017esitrenkimo.<\/p>\n<p>\u201eSorento G60N2\u201c taip pat yra itin prakti\u0161ko po\u017ei\u016brio \u012f daikt\u0173 laikym\u0105 pavyzdys. Viduje dvi erdvios lentynos padeda palaikyti tvark\u0105 ir organizuotum\u0105 virtuv\u0117je. Surinkimas paprastas d\u0117l pridedamo reguliuojamo pakabos ir juostel\u0117s, tod\u0117l tai puikus pasirinkimas surinkimui patiems.<\/p>\n<p>Pagaminta i\u0161 atsparios pa\u017eeidimams laminuotos plok\u0161t\u0117s, spintel\u0117 yra itin patvari ir esteti\u0161kai patraukli. \u0160is baldas ne tik atrodo gra\u017eiai, bet ir supaprastina kasdienes virtuv\u0117s u\u017eduotis, nes b\u016btiniausi daiktai yra lengvai pasiekiami. \u0160is sprendimas paver\u010dia maisto gaminim\u0105 tikru malonumu.<\/p>","protected":false},"excerpt":{"rendered":"<p>Plotis (cm): 60<br \/>\n\u016agis (cm): 100<br \/>\nGylis (cm): 60<\/p>","protected":false},"featured_media":157189,"comment_status":"open","ping_status":"open","template":"","meta":[],"product_brand":[],"product_cat":[9436,4106],"product_tag":[],"class_list":{"0":"post-157188","1":"product","2":"type-product","3":"status-publish","4":"has-post-thumbnail","6":"product_cat-kitchen-system-sorento","7":"product_cat-gala-meble","9":"first","10":"instock","11":"purchasable","12":"product-type-simple"},"_links":{"self":[{"href":"https:\/\/baldumarket.lt\/lt\/wp-json\/wp\/v2\/product\/157188","targetHints":{"allow":["GET"]}}],"collection":[{"href":"https:\/\/baldumarket.lt\/lt\/wp-json\/wp\/v2\/product"}],"about":[{"href":"https:\/\/baldumarket.lt\/lt\/wp-json\/wp\/v2\/types\/product"}],"replies":[{"embeddable":true,"href":"https:\/\/baldumarket.lt\/lt\/wp-json\/wp\/v2\/comments?post=157188"}],"wp:featuredmedia":[{"embeddable":true,"href":"https:\/\/baldumarket.lt\/lt\/wp-json\/wp\/v2\/media\/157189"}],"wp:attachment":[{"href":"https:\/\/baldumarket.lt\/lt\/wp-json\/wp\/v2\/media?parent=157188"}],"wp:term":[{"taxonomy":"product_brand","embeddable":true,"href":"https:\/\/baldumarket.lt\/lt\/wp-json\/wp\/v2\/product_brand?post=157188"},{"taxonomy":"product_cat","embeddable":true,"href":"https:\/\/baldumarket.lt\/lt\/wp-json\/wp\/v2\/product_cat?post=157188"},{"taxonomy":"product_tag","embeddable":true,"href":"https:\/\/baldumarket.lt\/lt\/wp-json\/wp\/v2\/product_tag?post=157188"}],"curies":[{"name":"wp","href":"https:\/\/api.w.org\/{rel}","templated":true}]}}