{"id":157184,"date":"2025-12-18T23:21:52","date_gmt":"2025-12-18T20:21:52","guid":{"rendered":"https:\/\/baldumarket.lt\/product\/szafka-kuchenna-gorna-2d-narozna-sorento-g60n2-bialy-mat-puccini\/"},"modified":"2026-02-18T11:08:29","modified_gmt":"2026-02-18T08:08:29","slug":"szafka-kuchenna-gorna-2d-narozna-sorento-g60n2-bialy-mat-puccini","status":"publish","type":"product","link":"https:\/\/baldumarket.lt\/lt\/product\/szafka-kuchenna-gorna-2d-narozna-sorento-g60n2-bialy-mat-puccini\/","title":{"rendered":"\u201eSorento G60N2\u201c kampin\u0117 2D vir\u0161utin\u0117 virtuv\u0117s spintel\u0117, matin\u0117s baltos spalvos, \u201ePuccini\u201c"},"content":{"rendered":"<p>\u201eGa\u0142a Meble\u201c \u201eSorento G60N2 Puccini\u201c matin\u0117s baltos spalvos kampin\u0117 virtuv\u0117s spintel\u0117 \u201eGa\u0142a Meble\u201c \u2013 tai dizainas, kuris j\u016bs\u0173 virtuvei suteiks elegancijos ir modernumo. Kruop\u0161\u010diai pagaminta i\u0161 laminuotos plok\u0161t\u0117s, \u0161i spintel\u0117 derina minimalistin\u012f dizain\u0105 su prakti\u0161komis savyb\u0117mis, puikiai tinkan\u010diomis kasdieniam naudojimui. Puccini spalvos priekin\u0117 dalis puikiai papildo matin\u0117s baltos spalvos korpus\u0105, tod\u0117l ji puikiai tinka tiek klasikiniam, tiek \u0161iuolaikiniam interjerui.<\/p>\n<p>Ta\u010diau estetika \u2013 ne viskas. \u201eSorento\u201c virtuv\u0117s spintel\u0117 pasi\u017eymi auk\u0161\u010diausio lygio funkcionalumu. Du erdv\u016bs vidiniai skyriai su lentynomis suteikia daug vietos daiktams susid\u0117ti, o novatori\u0161ka \u201eClip-On\u201c \u0161velnaus u\u017edarymo sistema u\u017etikrina komfort\u0105 ir patogum\u0105. Tvirta 18 mm storio laminuotos plok\u0161t\u0117s konstrukcija u\u017etikrina atsparum\u0105 pa\u017eeidimams, tod\u0117l \u0161i spintel\u0117 yra puikus pasirinkimas ateinantiems metams.<\/p>\n<p>D\u0117l universali\u0173 fasad\u0173 dureli\u0173 montavimas yra ne\u012ftik\u0117tinai lankstus ir gali b\u016bti pritaikytas j\u016bs\u0173 poreikiams \u2013 tiek de\u0161iniarankiams, tiek kairiarankiams. \u0160\u012f funkcional\u0173 sprendim\u0105 \u012fr\u0117mina reguliuojamas pakabukas su tvirtinimo juostele, kad b\u016bt\u0173 lengva montuoti. Spintel\u0117, sukurta savaranki\u0161kam surinkimui, lengvai integruojama \u012f bet kuri\u0105 virtuv\u0119 be profesionalios pagalbos.<\/p>\n<p>Klasikin\u0117, ta\u010diau moderni i\u0161vaizda, paprastas elegancija ir prakti\u0161kos savyb\u0117s paver\u010dia \u201eSorento\u201c virtuv\u0117s spintel\u0119 idealiu pasirinkimu tiems, kurie vertina stili\u0173 ir patogum\u0105. Ji ne tik suteiks j\u016bs\u0173 virtuvei papildomos vietos daiktams susid\u0117ti, bet ir prid\u0117s dekoratyvin\u012f element\u0105, suteikiant\u012f jai unikal\u0173 charakter\u012f. Pasinerkite \u012f prabang\u0105 be kompromis\u0173 ir i\u0161sirinkite spintel\u0119, kuri atitiks visus j\u016bs\u0173 l\u016bkes\u010dius.<\/p>","protected":false},"excerpt":{"rendered":"<p>Plotis (cm): 60<br \/>\n\u016agis (cm): 100<br \/>\nGylis (cm): 60<\/p>","protected":false},"featured_media":157185,"comment_status":"open","ping_status":"open","template":"","meta":[],"product_brand":[],"product_cat":[9436,4106],"product_tag":[],"class_list":{"0":"post-157184","1":"product","2":"type-product","3":"status-publish","4":"has-post-thumbnail","6":"product_cat-kitchen-system-sorento","7":"product_cat-gala-meble","9":"first","10":"instock","11":"purchasable","12":"product-type-simple"},"_links":{"self":[{"href":"https:\/\/baldumarket.lt\/lt\/wp-json\/wp\/v2\/product\/157184","targetHints":{"allow":["GET"]}}],"collection":[{"href":"https:\/\/baldumarket.lt\/lt\/wp-json\/wp\/v2\/product"}],"about":[{"href":"https:\/\/baldumarket.lt\/lt\/wp-json\/wp\/v2\/types\/product"}],"replies":[{"embeddable":true,"href":"https:\/\/baldumarket.lt\/lt\/wp-json\/wp\/v2\/comments?post=157184"}],"wp:featuredmedia":[{"embeddable":true,"href":"https:\/\/baldumarket.lt\/lt\/wp-json\/wp\/v2\/media\/157185"}],"wp:attachment":[{"href":"https:\/\/baldumarket.lt\/lt\/wp-json\/wp\/v2\/media?parent=157184"}],"wp:term":[{"taxonomy":"product_brand","embeddable":true,"href":"https:\/\/baldumarket.lt\/lt\/wp-json\/wp\/v2\/product_brand?post=157184"},{"taxonomy":"product_cat","embeddable":true,"href":"https:\/\/baldumarket.lt\/lt\/wp-json\/wp\/v2\/product_cat?post=157184"},{"taxonomy":"product_tag","embeddable":true,"href":"https:\/\/baldumarket.lt\/lt\/wp-json\/wp\/v2\/product_tag?post=157184"}],"curies":[{"name":"wp","href":"https:\/\/api.w.org\/{rel}","templated":true}]}}