{"id":157179,"date":"2025-12-18T23:21:41","date_gmt":"2025-12-18T20:21:41","guid":{"rendered":"https:\/\/baldumarket.lt\/product\/szafka-kuchenna-gorna-2d-narozna-sorento-g60n2-puccini-bezowy-mat\/"},"modified":"2026-02-18T11:08:13","modified_gmt":"2026-02-18T08:08:13","slug":"szafka-kuchenna-gorna-2d-narozna-sorento-g60n2-puccini-bezowy-mat","status":"publish","type":"product","link":"https:\/\/baldumarket.lt\/lt\/product\/szafka-kuchenna-gorna-2d-narozna-sorento-g60n2-puccini-bezowy-mat\/","title":{"rendered":"\u201eSorento G60N2 Puccini\u201c kampin\u0117 vir\u0161utin\u0117 virtuv\u0117s spintel\u0117, sm\u0117lio spalvos matin\u0117"},"content":{"rendered":"<p>Atraskite unikal\u0173 savo virtuv\u0117s potencial\u0105 su \u201eSorento G60N2\u201c kampine vir\u0161utine spintele. Pagaminta i\u0161 auk\u0161\u010diausios kokyb\u0117s laminuotos plok\u0161t\u0117s, ji yra tobulas modernaus dizaino ir funkcionalumo derinys. Matin\u0117s sm\u0117lio spalvos fasadas suteikia virtuvei eleganti\u0161k\u0105 i\u0161vaizd\u0105, skland\u017eiai deran\u010di\u0105 tiek su klasikiniu, tiek su \u0161iuolaikiniu dekoru. \u201ePuccini\u201c spalva korpusui suteikia unikal\u0173 charakter\u012f, pabr\u0117\u017eiant\u012f interjero gro\u017e\u012f. Gerai apgalvotas spintel\u0117s dizainas leid\u017eia maksimaliai i\u0161naudoti erdv\u0119 kampe, tod\u0117l virtuv\u0117s reikmenys yra geriau sutvarkyti. D\u0117l tyli\u0173 \u201eClip-On\u201c vyri\u0173 durys atsidaro ir u\u017esidaro skland\u017eiai ir tyliai, u\u017etikrindamos kasdien\u012f komfort\u0105. Spintel\u0117s vidus yra ergonomi\u0161kai suprojektuotas su dviem erdviomis lentynomis, kuriose puikiai tilps visi j\u016bs\u0173 virtuv\u0117s reikmenys. Savaranki\u0161kas \u0161ios spintel\u0117s surinkimas yra vienas malonumas, o pridedami reguliuojami pakabos ir tvirtinimo juostel\u0117 dar labiau palengvina vis\u0105 proces\u0105. D\u0117l universalios dureli\u0173 surinkimo sistemos galite reguliuoti atidarymo krypt\u012f pagal savo poreikius, dar labiau padidindami gaminio funkcionalum\u0105. Tai sprendimas visiems, kurie vertina ir estetik\u0105, ir prakti\u0161kum\u0105 kasdieniame naudojime.<\/p>","protected":false},"excerpt":{"rendered":"<p>Plotis (cm): 60<br \/>\n\u016agis (cm): 100<br \/>\nGylis (cm): 60<\/p>","protected":false},"featured_media":157180,"comment_status":"open","ping_status":"open","template":"","meta":[],"product_brand":[],"product_cat":[9436,4106],"product_tag":[],"class_list":{"0":"post-157179","1":"product","2":"type-product","3":"status-publish","4":"has-post-thumbnail","6":"product_cat-kitchen-system-sorento","7":"product_cat-gala-meble","9":"first","10":"instock","11":"purchasable","12":"product-type-simple"},"_links":{"self":[{"href":"https:\/\/baldumarket.lt\/lt\/wp-json\/wp\/v2\/product\/157179","targetHints":{"allow":["GET"]}}],"collection":[{"href":"https:\/\/baldumarket.lt\/lt\/wp-json\/wp\/v2\/product"}],"about":[{"href":"https:\/\/baldumarket.lt\/lt\/wp-json\/wp\/v2\/types\/product"}],"replies":[{"embeddable":true,"href":"https:\/\/baldumarket.lt\/lt\/wp-json\/wp\/v2\/comments?post=157179"}],"wp:featuredmedia":[{"embeddable":true,"href":"https:\/\/baldumarket.lt\/lt\/wp-json\/wp\/v2\/media\/157180"}],"wp:attachment":[{"href":"https:\/\/baldumarket.lt\/lt\/wp-json\/wp\/v2\/media?parent=157179"}],"wp:term":[{"taxonomy":"product_brand","embeddable":true,"href":"https:\/\/baldumarket.lt\/lt\/wp-json\/wp\/v2\/product_brand?post=157179"},{"taxonomy":"product_cat","embeddable":true,"href":"https:\/\/baldumarket.lt\/lt\/wp-json\/wp\/v2\/product_cat?post=157179"},{"taxonomy":"product_tag","embeddable":true,"href":"https:\/\/baldumarket.lt\/lt\/wp-json\/wp\/v2\/product_tag?post=157179"}],"curies":[{"name":"wp","href":"https:\/\/api.w.org\/{rel}","templated":true}]}}