{"id":157173,"date":"2025-12-18T23:21:29","date_gmt":"2025-12-18T20:21:29","guid":{"rendered":"https:\/\/baldumarket.lt\/product\/szafka-kuchenna-gorna-2d-narozna-sorento-g60n2-puccini-bialy-mat-ramka\/"},"modified":"2026-02-18T11:08:13","modified_gmt":"2026-02-18T08:08:13","slug":"szafka-kuchenna-gorna-2d-narozna-sorento-g60n2-puccini-bialy-mat-ramka","status":"publish","type":"product","link":"https:\/\/baldumarket.lt\/lt\/product\/szafka-kuchenna-gorna-2d-narozna-sorento-g60n2-puccini-bialy-mat-ramka\/","title":{"rendered":"\u201eSorento G60N2 Puccini\u201c kampin\u0117 vir\u0161utin\u0117 virtuv\u0117s spintel\u0117, 2D matin\u0117s baltos spalvos r\u0117mas"},"content":{"rendered":"<p>Paverskite savo virtuv\u0119 eleganti\u0161ka erdve su \u201eSorento G60N2\u201c kampine vir\u0161utine spintele. \u0160is baldas derina modern\u0173 minimalizm\u0105 ir klasikin\u0119 elegancij\u0105, tod\u0117l puikiai tinka bet kokiam interjerui. Matin\u0117s baltos spalvos spintel\u0117 su r\u0117mu subtiliai pary\u0161kina stili\u0173, o apdaila suteikia jai unikalaus \u017eavesio. \u0160ios spintel\u0117s dizainas puikiai dera prie \u0161iuolaikinio interjero, suteikdamas virtuvei gaivumo ir erdvumo poj\u016bt\u012f. Funkcionalumas yra pagrindinis \u201eSorento G60N2\u201c spintel\u0117s privalumas. D\u0117l apgalvoto i\u0161d\u0117stymo ji suteikia daug vietos daiktams susid\u0117ti. Dvi vidin\u0117s lentynos suteikia vietos visiems svarbiausiems virtuv\u0117s reikmenims, u\u017etikrinant, kad jie visada b\u016bt\u0173 po ranka. I\u0161d\u0117stymas supaprastina organizavim\u0105, tod\u0117l kasdienis maisto gaminimas tampa malonesnis ir efektyvesnis. Aukso spalvos metalin\u0117s rankenos suteikia patogumo ir prabangos. \u201eClip-On\u201c vyri\u0173 sistema su \u0161velnaus u\u017edarymo mechanizmu u\u017etikrina, kad durel\u0117s u\u017esidaryt\u0173 skland\u017eiai ir tyliai, o tai ypa\u010d svarbu judriuose namuose. \u0160is unikalus mechanizmas padidina komfort\u0105, apsaugodamas dureles nuo pa\u017eeidim\u0173 d\u0117l netinkamo u\u017edarymo.<\/p>","protected":false},"excerpt":{"rendered":"<p>Plotis (cm): 60<br \/>\n\u016agis (cm): 100<br \/>\nGylis (cm): 60<\/p>","protected":false},"featured_media":157174,"comment_status":"open","ping_status":"open","template":"","meta":[],"product_brand":[],"product_cat":[9436,4106],"product_tag":[],"class_list":{"0":"post-157173","1":"product","2":"type-product","3":"status-publish","4":"has-post-thumbnail","6":"product_cat-kitchen-system-sorento","7":"product_cat-gala-meble","9":"first","10":"instock","11":"purchasable","12":"product-type-simple"},"_links":{"self":[{"href":"https:\/\/baldumarket.lt\/lt\/wp-json\/wp\/v2\/product\/157173","targetHints":{"allow":["GET"]}}],"collection":[{"href":"https:\/\/baldumarket.lt\/lt\/wp-json\/wp\/v2\/product"}],"about":[{"href":"https:\/\/baldumarket.lt\/lt\/wp-json\/wp\/v2\/types\/product"}],"replies":[{"embeddable":true,"href":"https:\/\/baldumarket.lt\/lt\/wp-json\/wp\/v2\/comments?post=157173"}],"wp:featuredmedia":[{"embeddable":true,"href":"https:\/\/baldumarket.lt\/lt\/wp-json\/wp\/v2\/media\/157174"}],"wp:attachment":[{"href":"https:\/\/baldumarket.lt\/lt\/wp-json\/wp\/v2\/media?parent=157173"}],"wp:term":[{"taxonomy":"product_brand","embeddable":true,"href":"https:\/\/baldumarket.lt\/lt\/wp-json\/wp\/v2\/product_brand?post=157173"},{"taxonomy":"product_cat","embeddable":true,"href":"https:\/\/baldumarket.lt\/lt\/wp-json\/wp\/v2\/product_cat?post=157173"},{"taxonomy":"product_tag","embeddable":true,"href":"https:\/\/baldumarket.lt\/lt\/wp-json\/wp\/v2\/product_tag?post=157173"}],"curies":[{"name":"wp","href":"https:\/\/api.w.org\/{rel}","templated":true}]}}